{"id":77601,"date":"2026-01-07T22:18:59","date_gmt":"2026-01-07T21:18:59","guid":{"rendered":"https:\/\/football.praguesbarrel.eu\/?page_id=77601"},"modified":"2026-01-07T22:19:40","modified_gmt":"2026-01-07T21:19:40","slug":"il-torneo","status":"publish","type":"page","link":"https:\/\/football.praguesbarrel.eu\/it\/il-torneo\/","title":{"rendered":"Torneo"},"content":{"rendered":"<div>\n<p>Il Prague\u2019s Barrel \u00e8 un torneo<strong> internazionale di calcio per squadre amatoriali e dilettanti<\/strong> che vogliono trascorrere quattro giorni indimenticabili all&#8217;insegna dello <strong>sport, dell&#8217;amicizia e del divertimento<\/strong> a Praga. Che la tua squadra sia composta da guerrieri del fine settimana o da amici che indossano le scarpe da calcio per la prima volta, qui sei il benvenuto. Il nostro pacchetto include alloggio, trasferimenti locali, pensione completa, iscrizione al torneo e birra alla spina illimitata a tutti gli eventi ufficiali. <strong>Con oltre 30 anni di esperienza<\/strong> (<a href=\"https:\/\/football.praguesbarrel.eu\/it\/results\/\">vedi tutti i risultati<\/a>), ci occupiamo noi della logistica cos\u00ec voi potete concentrarvi sulle grandi partite e sui bei ricordi.<\/p>\n<h2>Perch\u00e9 le squadre scelgono il Prague&#8217;s Barrel<\/h2>\n<ul>\n<li><strong>Perfetto per squadre amatoriali e dilettanti:<\/strong> formato inclusivo, atmosfera amichevole, fair play al primo posto.<\/li>\n<li><strong>Praga \u00e8 bella e facile da raggiungere:<\/strong> giocate di giorno, esplorate di notte.<\/li>\n<li><strong>Ci occupiamo di tutto noi:<\/strong> alloggio, pasti, trasferimenti e assistenza in loco.<\/li>\n<li><strong>Birra illimitata e programma sociale:<\/strong> cena in un tipico ristorante ceco, cena in barca, feste e tempo per visitare la citt\u00e0.<\/li>\n<li><strong>Decenni di esperienza:<\/strong> organizzatori affidabili, programmi senza intoppi, squadre che tornano ogni anno.<\/li>\n<\/ul>\n<h2>Chi dovrebbe partecipare?<\/h2>\n<p><strong>Qualsiasi squadra di calcio amatoriale<\/strong> che desideri un torneo ben organizzato, sociale e birra-friendly nel cuore dell&#8217;Europa. Consigliamo squadre di 12 giocatori; il numero minimo \u00e8 10. La categoria principale \u00e8 <strong>il calcio a 7 open con la possibilit\u00e0 di iscriversi nella categoria 35+<\/strong>.<\/p>\n<p>Ancora indecisi? Date un&#8217;occhiata <a href=\"https:\/\/football.praguesbarrel.eu\/it\/enrolled-teams\/\">alle squadre che si sono gi\u00e0 iscritte<\/a> e unitevi alla grande comunit\u00e0 di partecipanti del torneo Prague\u2019s Barrel.<\/p>\n<div class=\"ytvideo-wrapper\"><iframe title=\"YouTube video player\" src=\"https:\/\/www.youtube.com\/embed\/euAT4L8QghI?si=g8L2SIdHy-Jk4ZSE\" frameborder=\"0\" allowfullscreen=\"allowfullscreen\"><span data-mce-type=\"bookmark\" style=\"display: inline-block; width: 0px; overflow: hidden; line-height: 0;\" class=\"mce_SELRES_start\">\ufeff<\/span><\/iframe><\/div>\n<h2>Com\u2019\u00e8 il torneo?<\/h2>\n<p><a href=\"https:\/\/football.praguesbarrel.eu\/y0OH9L\/uploads\/2024\/08\/Experience_fotbal_prezentace_compressed.pdf\"><img loading=\"lazy\" decoding=\"async\" class=\"alignnone size-full wp-image-76128\" src=\"https:\/\/football.praguesbarrel.eu\/y0OH9L\/uploads\/2024\/03\/Experience_prezentace.gif\" alt=\"\" width=\"1152\" height=\"648\" \/><\/a><\/p>\n<section>Sapevi che organizziamo i tornei del <strong>Barile di Praga gi\u00e0 da 30anni<\/strong>? E durante quel tempo abbiamo avuto il privilegio di accogliere a Praga pi\u00f9 di 300 squadre (tante di loro ripetutamente). <a href=\"http:\/\/praguesbarrel.eu\/de\/registrierung\/\">Diventa uno di loro e iscrivi anche tu la tua squadra<\/a>!<\/section>\n<section><\/section>\n<section><\/section>\n<section>\n<div class=\"ytvideo-wrapper\">\n<p><iframe loading=\"lazy\" src=\"https:\/\/www.google.com\/maps\/d\/u\/0\/embed?mid=1fzXWY2bDJGbyXMPOxVp4WAH80a8\" width=\"640\" height=\"480\"><\/iframe><\/p>\n<\/div>\n<div><\/div>\n<style>#sp-ea-77357 .spcollapsing { height: 0; overflow: hidden; transition-property: height;transition-duration: 300ms;}#sp-ea-77357.sp-easy-accordion>.sp-ea-single {margin-bottom: 10px; border: 1px solid #e2e2e2; }#sp-ea-77357.sp-easy-accordion>.sp-ea-single>.ea-header a {color: #444;}#sp-ea-77357.sp-easy-accordion>.sp-ea-single>.sp-collapse>.ea-body {background: #fff; color: #444;}#sp-ea-77357.sp-easy-accordion>.sp-ea-single {background: #eee;}#sp-ea-77357.sp-easy-accordion>.sp-ea-single>.ea-header a .ea-expand-icon { float: left; color: #444;font-size: 16px;}<\/style><div id=\"sp_easy_accordion-1760523091\"><div id=\"sp-ea-77357\" class=\"sp-ea-one sp-easy-accordion\" data-ea-active=\"ea-click\" data-ea-mode=\"vertical\" data-preloader=\"\" data-scroll-active-item=\"\" data-offset-to-scroll=\"0\"><div class=\"ea-card ea-expand sp-ea-single\"><h3 class=\"ea-header\"><a class=\"collapsed\" id=\"ea-header-773570\" role=\"button\" data-sptoggle=\"spcollapse\" data-sptarget=\"#collapse773570\" aria-controls=\"collapse773570\" href=\"#\" aria-expanded=\"true\" tabindex=\"0\"><i aria-hidden=\"true\" role=\"presentation\" class=\"ea-expand-icon eap-icon-ea-expand-minus\"><\/i> Regole<\/a><\/h3><div class=\"sp-collapse spcollapse collapsed show\" id=\"collapse773570\" data-parent=\"#sp-ea-77357\" role=\"region\" aria-labelledby=\"ea-header-773570\"> <div class=\"ea-body\"><p>Il Barrel di Praga \u00e8 un torneo di calcio amatoriale che accoglie giocatori entusiasti<br \/>provenienti da tutto il mondo. L'obiettivo non \u00e8 solo vincere, ma anche divertirsi, godersi un'atmosfera positiva, fare nuove amicizie e immergersi nell'atmosfera di Praga. Per garantire la correttezza e incoronare i vincitori, seguiamo una serie di regole semplici e chiare.<\/p><h3 style=\"text-align: justify\">Le regoli base (calcio a 7 maschile):<\/h3><ul style=\"text-align: justify\"><li>Si applicano le regole elemantari di calcio di FIFA<\/li><li>Si gioca 2x15 minuti<\/li><li>La dimensione delle porte \u00e8 5x2 m<\/li><li>La dimensione del campo \u00e8 cca. 35x50 m<\/li><li>Il numero delle sostituzioni \u00e8 illimitato<\/li><li>Per la vittoria vanno assegnati 3 punti, per pareggio 1, nel caso ci sia il pareggio nello spareggio, si fanno tre rigori, poi uno alla volta<\/li><li>L\u2018arbitro non permetter\u00e0 le sostituzioni se lo scopo \u00e8 quello di ritardare il gioco<\/li><li>Non si applica la regola dl fuorigioco<\/li><li>\u00c8 vietato usare gli scarponi con tacchetti metallici sull\u2019erba sintetica<\/li><li>Tutte le partite si giocano con pallone di taglia 5 senza rimbalzo controllato<\/li><li>Il giocatore che prende due cartellini gialli oppure cartellino rosso, non gioca la prossima partita<\/li><li>\u00c8 vietato di danneggiare il campo ( mozziconi ecc.)<\/li><li>Ogni partecipante gioca a proprio rischio \u2013 l\u2019organizzatore provvede solo il trattamento\u00a0 medico base<\/li><li>Un giocatore pu\u00f2 giocare per una squadra sola, cio\u00e8 i \u201eprestiti\u201c dei giocatori sono permessi solo con consenso dell\u2019arbitro e del capitano della squadra avversaria prima dell\u2018inizio della partita<\/li><li>Rispettiamo la regola base : FAIR PLAY<\/li><\/ul><h3 style=\"text-align: justify\">Le regoli base (categoria \"Over 35\"):<\/h3><ul style=\"text-align: justify\"><li>Torneo di calcio a 7 (regole come indicato di seguito).<\/li><li>Questa categoria sar\u00e0 aperta solo se ci sono almeno 6 squadre iscritte, altrimenti le squadre giocheranno nella solita categoria aperta.<\/li><li>Un giocatore \u00e8 idoneo se compie 35 anni durante l'anno solare della competizione (anno di nascita 1991 e precedenti)<\/li><li>Giocatori pi\u00f9 giovani (Under-Age): \u00c8 consentito un massimo di 2 giocatori sotto i 35 anni nel roster della squadra.<br \/>Di questi, solo 1 giocatore under-age pu\u00f2 essere presente in campo in qualsiasi momento durante la partita.<\/li><li>Le squadre che violano la regola di avere pi\u00f9 di 1 giocatore under-age in campo saranno penalizzate con una sconfitta a tavolino per 3-0.<\/li><li>La prova dell'et\u00e0 deve essere presentata all'organizzatore prima del torneo.<\/li><\/ul><\/div><\/div><\/div><div class=\"ea-card sp-ea-single\"><h3 class=\"ea-header\"><a class=\"collapsed\" id=\"ea-header-773571\" role=\"button\" data-sptoggle=\"spcollapse\" data-sptarget=\"#collapse773571\" aria-controls=\"collapse773571\" href=\"#\" aria-expanded=\"false\" tabindex=\"0\"><i aria-hidden=\"true\" role=\"presentation\" class=\"ea-expand-icon eap-icon-ea-expand-plus\"><\/i> Sistema<\/a><\/h3><div class=\"sp-collapse spcollapse \" id=\"collapse773571\" data-parent=\"#sp-ea-77357\" role=\"region\" aria-labelledby=\"ea-header-773571\"> <div class=\"ea-body\"><p style=\"text-align: justify\">La formula del torneo sar\u00e0 specificata in base al numero di richieste di partecipazione effettivamente ricevute o ad altri fattori che richiedano un intervento.<\/p><p style=\"text-align: justify\">Generalmente ogno squadra gioca almeno tre partite il primo giorno, il secondo giorno le partite di spareggo oppure il girone per la classificazione finale.<\/p><\/div><\/div><\/div><div class=\"ea-card sp-ea-single\"><h3 class=\"ea-header\"><a class=\"collapsed\" id=\"ea-header-773572\" role=\"button\" data-sptoggle=\"spcollapse\" data-sptarget=\"#collapse773572\" aria-controls=\"collapse773572\" href=\"#\" aria-expanded=\"false\" tabindex=\"0\"><i aria-hidden=\"true\" role=\"presentation\" class=\"ea-expand-icon eap-icon-ea-expand-plus\"><\/i> Campi<\/a><\/h3><div class=\"sp-collapse spcollapse \" id=\"collapse773572\" data-parent=\"#sp-ea-77357\" role=\"region\" aria-labelledby=\"ea-header-773572\"> <div class=\"ea-body\"><h2 style=\"text-align: left\"><strong>Campo di calcio\u00a0ABC BRAN\u00cdK PRAHA<\/strong><\/h2><p style=\"text-align: left\"><strong>Indirizzo: ABC Bran\u00edk, Za Ml\u00fdnem 1774, Praha 4 - Bran\u00edk, 140 00\u00a0<\/strong><\/p><p>Il complesso sportivo ABC Bran\u00edk \u00e8 la sede perfetta per il Barrel di Praga. Grazie alle sue dimensioni<br \/>e alla facile accessibilit\u00e0 dai nostri hotel partner, ci permette di riunire fino a 32 squadre in un unico luogo, creando la vera atmosfera \u201cbarrel\u201d di divertimento, calcio e amicizia.<\/p><p>La struttura dispone di tre campi regolamentari e di uno spazio per rilassarsi tra una partita e l'altra.<br \/>Rinfrescatevi in uno dei tre punti ristoro: godetevi birra alla spina gratuita tutto il giorno, oltre a<br \/>acqua e frutta offerte dalla vostra hostess. Il pranzo viene servito nel ristorante in loco proprio accanto ai campi.<\/p><p><strong>Strutture e superfici<\/strong><\/p><ul><li><strong>Spogliatoi e docce disponibili tutto il giorno.<\/strong><\/li><li>I campi sono numerati da 1 a 6 e sono tutti in <strong>erba sintetica di terza generazione<\/strong> (senza tacchetti metallici).<\/li><li><strong>Personale di primo soccorso<\/strong> presente durante tutto il torneo.<\/li><\/ul><\/div><\/div><\/div><div class=\"ea-card sp-ea-single\"><h3 class=\"ea-header\"><a class=\"collapsed\" id=\"ea-header-773573\" role=\"button\" data-sptoggle=\"spcollapse\" data-sptarget=\"#collapse773573\" aria-controls=\"collapse773573\" href=\"#\" aria-expanded=\"false\" tabindex=\"0\"><i aria-hidden=\"true\" role=\"presentation\" class=\"ea-expand-icon eap-icon-ea-expand-plus\"><\/i> Programma<\/a><\/h3><div class=\"sp-collapse spcollapse \" id=\"collapse773573\" data-parent=\"#sp-ea-77357\" role=\"region\" aria-labelledby=\"ea-header-773573\"> <div class=\"ea-body\"><h2>Gioved\u00ec<\/h2><p>14:00 \u2013 18:00 Arrivo delle squadre e check - in<br \/>18:00 \u2013 22:00 Cena in un ristorante tipico ceco Programma libero<br \/>22:00 - ? Programma libero<\/p><h2>VENERD\u00cc<\/h2><p>7:00 \u2013 9:00 Colazione in albergo<br \/>8:15 \u2013 9:15 Partenza per i campi sportivi<br \/>9:00 \u2013 16:00 Programma sportivo (pranzo presso la struttura sportiva)<br \/>15:00 \u2013 19:30 Programma libero (shopping, visita della citt\u00e0)<br \/>19:30 \u2013 22:00 Cena sul battello e il giro sulla fiume Moldava \/Cena in un ristorante tipico ceco<br \/>Programma libero<\/p><h2><strong>Sabato<\/strong><\/h2><p>7:00 \u2013 9:00 Colazione in albergo<br \/>8:15 \u2013 9:15 Partenza per i campi sportivi<br \/>9:00 \u2013 16:00 Programma sportivo ( pranzo presso la struttura sportiva<br \/>15:00 \u2013 19:00 Programma libero (shopping, visita della citt\u00e0)<br \/>19:30 Cerimonia di chiusura con le premiazioni, cena e musica<br \/>Festa libera<\/p><h2><strong>Domenica<\/strong><\/h2><p>7:00 \u2013 9:00 Colazione in albergo<br \/>fino alle 11:00 Check-out, Tempo libero, partenza<\/p><\/div><\/div><\/div><\/div><\/div>\n<\/section>\n<\/div>\n","protected":false},"excerpt":{"rendered":"<p>Il Prague\u2019s Barrel \u00e8 un torneo internazionale di calcio per squadre amatoriali e dilettanti che vogliono trascorrere quattro giorni indimenticabili all&#8217;insegna dello sport, dell&#8217;amicizia e del divertimento a Praga. Che la tua squadra sia composta da guerrieri del fine settimana o da amici che indossano le scarpe da calcio per la prima volta, qui sei&#8230;<\/p>\n","protected":false},"author":3,"featured_media":75758,"parent":0,"menu_order":0,"comment_status":"closed","ping_status":"closed","template":"","meta":{"footnotes":""},"class_list":["post-77601","page","type-page","status-publish","has-post-thumbnail","hentry"],"yoast_head":"<!-- This site is optimized with the Yoast SEO plugin v26.9 - https:\/\/yoast.com\/product\/yoast-seo-wordpress\/ -->\n<title>Torneo - Prague&#039;s Barrel<\/title>\n<meta name=\"robots\" content=\"index, follow, max-snippet:-1, max-image-preview:large, max-video-preview:-1\" \/>\n<link rel=\"canonical\" href=\"https:\/\/football.praguesbarrel.eu\/it\/il-torneo\/\" \/>\n<meta property=\"og:locale\" content=\"it_IT\" \/>\n<meta property=\"og:type\" content=\"article\" \/>\n<meta property=\"og:title\" content=\"Torneo - Prague&#039;s Barrel\" \/>\n<meta property=\"og:description\" content=\"Il Prague\u2019s Barrel \u00e8 un torneo internazionale di calcio per squadre amatoriali e dilettanti che vogliono trascorrere quattro giorni indimenticabili all&#8217;insegna dello sport, dell&#8217;amicizia e del divertimento a Praga. Che la tua squadra sia composta da guerrieri del fine settimana o da amici che indossano le scarpe da calcio per la prima volta, qui sei...\" \/>\n<meta property=\"og:url\" content=\"https:\/\/football.praguesbarrel.eu\/it\/il-torneo\/\" \/>\n<meta property=\"og:site_name\" content=\"Prague&#039;s Barrel\" \/>\n<meta property=\"article:publisher\" content=\"https:\/\/www.facebook.com\/PraguesBarrelTournaments\" \/>\n<meta property=\"article:modified_time\" content=\"2026-01-07T21:19:40+00:00\" \/>\n<meta property=\"og:image\" content=\"https:\/\/football.praguesbarrel.eu\/y0OH9L\/uploads\/2023\/11\/mice.jpeg\" \/>\n\t<meta property=\"og:image:width\" content=\"818\" \/>\n\t<meta property=\"og:image:height\" content=\"1224\" \/>\n\t<meta property=\"og:image:type\" content=\"image\/jpeg\" \/>\n<meta name=\"twitter:label1\" content=\"Tempo di lettura stimato\" \/>\n\t<meta name=\"twitter:data1\" content=\"2 minuti\" \/>\n<script type=\"application\/ld+json\" class=\"yoast-schema-graph\">{\"@context\":\"https:\/\/schema.org\",\"@graph\":[{\"@type\":\"WebPage\",\"@id\":\"https:\/\/football.praguesbarrel.eu\/it\/il-torneo\/\",\"url\":\"https:\/\/football.praguesbarrel.eu\/it\/il-torneo\/\",\"name\":\"Torneo - Prague&#039;s Barrel\",\"isPartOf\":{\"@id\":\"https:\/\/football.praguesbarrel.eu\/#website\"},\"primaryImageOfPage\":{\"@id\":\"https:\/\/football.praguesbarrel.eu\/it\/il-torneo\/#primaryimage\"},\"image\":{\"@id\":\"https:\/\/football.praguesbarrel.eu\/it\/il-torneo\/#primaryimage\"},\"thumbnailUrl\":\"https:\/\/football.praguesbarrel.eu\/y0OH9L\/uploads\/2023\/11\/mice.jpeg\",\"datePublished\":\"2026-01-07T21:18:59+00:00\",\"dateModified\":\"2026-01-07T21:19:40+00:00\",\"breadcrumb\":{\"@id\":\"https:\/\/football.praguesbarrel.eu\/it\/il-torneo\/#breadcrumb\"},\"inLanguage\":\"it-IT\",\"potentialAction\":[{\"@type\":\"ReadAction\",\"target\":[\"https:\/\/football.praguesbarrel.eu\/it\/il-torneo\/\"]}]},{\"@type\":\"ImageObject\",\"inLanguage\":\"it-IT\",\"@id\":\"https:\/\/football.praguesbarrel.eu\/it\/il-torneo\/#primaryimage\",\"url\":\"https:\/\/football.praguesbarrel.eu\/y0OH9L\/uploads\/2023\/11\/mice.jpeg\",\"contentUrl\":\"https:\/\/football.praguesbarrel.eu\/y0OH9L\/uploads\/2023\/11\/mice.jpeg\",\"width\":818,\"height\":1224},{\"@type\":\"BreadcrumbList\",\"@id\":\"https:\/\/football.praguesbarrel.eu\/it\/il-torneo\/#breadcrumb\",\"itemListElement\":[{\"@type\":\"ListItem\",\"position\":1,\"name\":\"Home\",\"item\":\"https:\/\/football.praguesbarrel.eu\/it\/\"},{\"@type\":\"ListItem\",\"position\":2,\"name\":\"Torneo\"}]},{\"@type\":\"WebSite\",\"@id\":\"https:\/\/football.praguesbarrel.eu\/#website\",\"url\":\"https:\/\/football.praguesbarrel.eu\/\",\"name\":\"Prague&#039;s Barrel\",\"description\":\"Football Tournament\",\"potentialAction\":[{\"@type\":\"SearchAction\",\"target\":{\"@type\":\"EntryPoint\",\"urlTemplate\":\"https:\/\/football.praguesbarrel.eu\/?s={search_term_string}\"},\"query-input\":{\"@type\":\"PropertyValueSpecification\",\"valueRequired\":true,\"valueName\":\"search_term_string\"}}],\"inLanguage\":\"it-IT\"}]}<\/script>\n<!-- \/ Yoast SEO plugin. -->","yoast_head_json":{"title":"Torneo - Prague&#039;s Barrel","robots":{"index":"index","follow":"follow","max-snippet":"max-snippet:-1","max-image-preview":"max-image-preview:large","max-video-preview":"max-video-preview:-1"},"canonical":"https:\/\/football.praguesbarrel.eu\/it\/il-torneo\/","og_locale":"it_IT","og_type":"article","og_title":"Torneo - Prague&#039;s Barrel","og_description":"Il Prague\u2019s Barrel \u00e8 un torneo internazionale di calcio per squadre amatoriali e dilettanti che vogliono trascorrere quattro giorni indimenticabili all&#8217;insegna dello sport, dell&#8217;amicizia e del divertimento a Praga. Che la tua squadra sia composta da guerrieri del fine settimana o da amici che indossano le scarpe da calcio per la prima volta, qui sei...","og_url":"https:\/\/football.praguesbarrel.eu\/it\/il-torneo\/","og_site_name":"Prague&#039;s Barrel","article_publisher":"https:\/\/www.facebook.com\/PraguesBarrelTournaments","article_modified_time":"2026-01-07T21:19:40+00:00","og_image":[{"width":818,"height":1224,"url":"https:\/\/football.praguesbarrel.eu\/y0OH9L\/uploads\/2023\/11\/mice.jpeg","type":"image\/jpeg"}],"twitter_misc":{"Tempo di lettura stimato":"2 minuti"},"schema":{"@context":"https:\/\/schema.org","@graph":[{"@type":"WebPage","@id":"https:\/\/football.praguesbarrel.eu\/it\/il-torneo\/","url":"https:\/\/football.praguesbarrel.eu\/it\/il-torneo\/","name":"Torneo - Prague&#039;s Barrel","isPartOf":{"@id":"https:\/\/football.praguesbarrel.eu\/#website"},"primaryImageOfPage":{"@id":"https:\/\/football.praguesbarrel.eu\/it\/il-torneo\/#primaryimage"},"image":{"@id":"https:\/\/football.praguesbarrel.eu\/it\/il-torneo\/#primaryimage"},"thumbnailUrl":"https:\/\/football.praguesbarrel.eu\/y0OH9L\/uploads\/2023\/11\/mice.jpeg","datePublished":"2026-01-07T21:18:59+00:00","dateModified":"2026-01-07T21:19:40+00:00","breadcrumb":{"@id":"https:\/\/football.praguesbarrel.eu\/it\/il-torneo\/#breadcrumb"},"inLanguage":"it-IT","potentialAction":[{"@type":"ReadAction","target":["https:\/\/football.praguesbarrel.eu\/it\/il-torneo\/"]}]},{"@type":"ImageObject","inLanguage":"it-IT","@id":"https:\/\/football.praguesbarrel.eu\/it\/il-torneo\/#primaryimage","url":"https:\/\/football.praguesbarrel.eu\/y0OH9L\/uploads\/2023\/11\/mice.jpeg","contentUrl":"https:\/\/football.praguesbarrel.eu\/y0OH9L\/uploads\/2023\/11\/mice.jpeg","width":818,"height":1224},{"@type":"BreadcrumbList","@id":"https:\/\/football.praguesbarrel.eu\/it\/il-torneo\/#breadcrumb","itemListElement":[{"@type":"ListItem","position":1,"name":"Home","item":"https:\/\/football.praguesbarrel.eu\/it\/"},{"@type":"ListItem","position":2,"name":"Torneo"}]},{"@type":"WebSite","@id":"https:\/\/football.praguesbarrel.eu\/#website","url":"https:\/\/football.praguesbarrel.eu\/","name":"Prague&#039;s Barrel","description":"Football Tournament","potentialAction":[{"@type":"SearchAction","target":{"@type":"EntryPoint","urlTemplate":"https:\/\/football.praguesbarrel.eu\/?s={search_term_string}"},"query-input":{"@type":"PropertyValueSpecification","valueRequired":true,"valueName":"search_term_string"}}],"inLanguage":"it-IT"}]}},"_links":{"self":[{"href":"https:\/\/football.praguesbarrel.eu\/it\/wp-json\/wp\/v2\/pages\/77601","targetHints":{"allow":["GET"]}}],"collection":[{"href":"https:\/\/football.praguesbarrel.eu\/it\/wp-json\/wp\/v2\/pages"}],"about":[{"href":"https:\/\/football.praguesbarrel.eu\/it\/wp-json\/wp\/v2\/types\/page"}],"author":[{"embeddable":true,"href":"https:\/\/football.praguesbarrel.eu\/it\/wp-json\/wp\/v2\/users\/3"}],"replies":[{"embeddable":true,"href":"https:\/\/football.praguesbarrel.eu\/it\/wp-json\/wp\/v2\/comments?post=77601"}],"version-history":[{"count":1,"href":"https:\/\/football.praguesbarrel.eu\/it\/wp-json\/wp\/v2\/pages\/77601\/revisions"}],"predecessor-version":[{"id":77607,"href":"https:\/\/football.praguesbarrel.eu\/it\/wp-json\/wp\/v2\/pages\/77601\/revisions\/77607"}],"wp:featuredmedia":[{"embeddable":true,"href":"https:\/\/football.praguesbarrel.eu\/it\/wp-json\/wp\/v2\/media\/75758"}],"wp:attachment":[{"href":"https:\/\/football.praguesbarrel.eu\/it\/wp-json\/wp\/v2\/media?parent=77601"}],"curies":[{"name":"wp","href":"https:\/\/api.w.org\/{rel}","templated":true}]}}