{"id":292,"date":"2014-10-14T19:43:07","date_gmt":"2014-10-14T18:43:07","guid":{"rendered":"http:\/\/praguesbarrel.eu\/?page_id=292"},"modified":"2025-10-14T18:47:23","modified_gmt":"2025-10-14T17:47:23","slug":"sistemazione-alberghiera","status":"publish","type":"page","link":"https:\/\/football.praguesbarrel.eu\/it\/prezzo\/sistemazione-alberghiera\/","title":{"rendered":"Sistemazione alberghiera"},"content":{"rendered":"<div class=\"ytvideo-wrapper\"><iframe loading=\"lazy\" src=\"https:\/\/www.google.com\/maps\/d\/u\/1\/embed?mid=1qHiUS4VvcyVrbUveAuoD9YqxHZE\" width=\"640\" height=\"480\"><span data-mce-type=\"bookmark\" style=\"display: inline-block; width: 0px; overflow: hidden; line-height: 0;\" class=\"mce_SELRES_start\">\ufeff<\/span><\/iframe><\/div>\n<h2>Adria ****<\/h2>\n<p>Nel caso preferite alloggio nel centro citt\u00e0, offriamo il quattro stelle Adria, situato in piazza Venceslao.<br \/>L&#8217;albergo ha pi\u00f9 di un secolo di storia e offre interieri eleganti e l&#8217;atmosfera amichevole.<br \/>Il suo orgoglio il ristorante con stalattiti nello stile art-deco Triton con arredamento originale del 1912. Tutti i monumenti importanti,la Citt\u00e0 Vecchia e boutique di lusso sono raggiungibili a piedi. L&#8217;albergo ha ricevuto marchio di qualit\u00e0 ecologica della UE. <a href=\"https:\/\/football.praguesbarrel.eu\/38545\/\">Galleria fotografica<\/a><\/p>\n<h2>Ambassador *****<\/h2>\n<p>Albergo Ambassador e situato nella parte bassa i piazza Venceslao, 5 minuti a piedi dalla Piazza della Citt\u00e0 Vecchia. Le camere offrono almeno 25m2 di spazio e sono arredate nello stile art-nouveau.<br \/>Tutte i bagni di marmo sono dotati di vasca idromassaggio e di solito anche con una doccia. Le camere sono fornite di TV con lo schermo piatto e vari programmi satellitari, cassaforte, frigobar e Wi-Fi gratis.<br \/>C&#8217;\u00e8 anche la possibilit\u00e0 di rilassarsi nel centro benessere che offre una vasta gamma di massaggi Thailandesi e Ayurvedici, trattamenti corpo&amp;viso oppure massaggi speciali &#8211; al miele, al cioccolato oppure massaggio delle ciacre con le pietre laviche. <a href=\"https:\/\/football.praguesbarrel.eu\/it\/ambassador\/\">Galleria fotografica<\/a><\/p>\n<h2>Ambiance ****<\/h2>\n<p>Ambiance \u00e8 situato a Praga 2, 12 minuti a piedi da piazza Venceslao, 7 minuti a piedi dai club Retro, Radost FX e Le Mirage. L&#8217;albergo \u00e8 circondato dai pub, ristoranti e minimarket. Offre stanze pi\u00f9 piccole ma accoglienti con cassaforte, aria condizionata, Wi-Fi gratis e ottima colazione. S pu\u00f2 rilassare nella terazza nel cortile. Il taxi dalla Piazza della Citt\u00e0 Vecchia per cca 200 CZK a taxi. <a href=\"https:\/\/football.praguesbarrel.eu\/ambiance\/\">Galleria fotografica<\/a><\/p>\n<h2>ILF ***<\/h2>\n<p>La nostra offerta economica si trova a Praga 4, a 1 minuto dalla stazione della metropolitana Bud\u011bjovick\u00e1, quindi potete raggiungere il centro della citt\u00e0 in 9 minuti. (Museo) Offre uno spazio pulito e accogliente per la tua rigenerazione notturna, molti negozi, ristoranti, pub e locali fast food nelle vicinanze, un accogliente ristorante con birreria all&#8217;aperto e il bar dell&#8217;hotel aperto 24 su 24, la tua &#8220;ninna-nanna-birra&#8221;. Le camere sono essenziali, con TV a schermo piatto, asciugacapelli e cassaforte si trovano principalmente nelle camere appena ristrutturate, altrimenti \u00e8 possibile chiedere alla reception. <a href=\"https:\/\/football.praguesbarrel.eu\/ilf\/\">Galleria fotografica<\/a><\/p>\n<h2>Juli\u0161 ****<\/h2>\n<p>L&#8217;Hotel Julis si trova nel centro di Praga, direttamente in piazza Venceslao. Le ampie camere con angolo cottura incorporato sono dotate di mobili moderni,confortevoli e pavimenti in legno. Le camere hanno una vista meravigliosa sulla citt\u00e0 di Praga, su piazza Venceslao e sul fiabesco giardino Francescano. Il centro fitness si trova direttamente nell&#8217;edificio e una piscina coperta e una sauna sono a disposizione degli ospiti dell&#8217;hotel a un costo aggiuntivo. Parcheggio disponibile. <a href=\"https:\/\/football.praguesbarrel.eu\/julis\/\">Galleria fotografica<\/a><\/p>\n<h2>Prague Centre Plaza ***<\/h2>\n<p>Un bel tre stelle a Praga 2 Vinohrady, uno dei quartieri pi\u00f9 fichi della citt\u00e0. Piazza Venceslao dista 12 minuti a piedi. Godetevi l&#8217;infinita quantit\u00e0 dei pub, bar e music club in prossimit\u00e0 dell&#8217;albergo! In pi\u00f9 c&#8217;\u00e8 la possibilit\u00e1 di rilassarsi in sauna, jacuzzi oppure bagno di birra. :) Le camere sono dotate di angolo doccia e TV satelitare, rete Wi-Fi \u00e8 gratuita in tutto l&#8217;albergo. <a href=\"https:\/\/football.praguesbarrel.eu\/it\/prague-centre-plaza\/\">Galleria fotografica<\/a><\/p>\n<h2>Ramada ****<\/h2>\n<p>Hotel Ramada \u00e8 situato nel centro della citt\u00e0, direttamente nella piazza Venceslao, dove \u00e8 possibile trovare numerosi ristoranti, bar, club e negozi. Si tratta di un hotel non fumatore accessibile anche ai disabili con Wi-Fi gratuito. Le camere sono spaziose e confortevoli e offrono un design fresco e moderno. Le camere sono dotate di frigorifero, TV LCD, cassaforte, bollitore elettrico e angolo doccia (alcune camere dispongono anche di vasca da bagno). Il parcheggio \u00e8 disponibile in hotel a un costo aggiuntivo. Centro fitness e piscina coperta riscaldata e sauna si trovano nelle vicinanze. <a href=\"https:\/\/football.praguesbarrel.eu\/ramada\/\">Galleria fotografica<\/a><\/p>\n<h2>Rokoko ****<\/h2>\n<p>EA Hotel Rokoko \u00e8 situato nel cuore di Praga, nell&#8217;edificio del palazzo storico protetto Rokoko sulla piazza Venceslao. Parcheggio disponibile in un parcheggio nelle vicinanze. L&#8217;hotel offre un alloggio in camere luminose ed eleganti, dalle quali dai piani superiori si gode della vista sul centro storico di Praga. La colazione viene servita nell&#8217;edificio accanto. Le camere dispongono di aria condizionata, Wi-Fi gratuito, TV LCD, set per caff\u00e8 e t\u00e8, cassaforte e vasca da bagno o angolo doccia. <a href=\"https:\/\/football.praguesbarrel.eu\/rokoko\/\">Galleria fotografica<\/a><\/p>\n<h2>Superior ****<\/h2>\n<p>L\u2019albergo Superior \u00e8 situato 10 minuti a piedi dalla piazza Venceslao. Nell\u2019estate potete godervi bel giardino esterno, tutto l\u2019anno potete scaldarvi in sauna, jacuzzi oppure rilassarvi durante il massaggio con le petre calde. Tutte le camere sono dotate di TV, telefono, asciugacapelli, bollitore, frigobar, aria condizionata etc. Nell\u2019albergo si trova il parcheggio sotterraneo. <a href=\"https:\/\/football.praguesbarrel.eu\/prague-centre-superior\/\">Galleria fotografica<\/a><\/p>\n","protected":false},"excerpt":{"rendered":"<p>\ufeff Adria **** Nel caso preferite alloggio nel centro citt\u00e0, offriamo il quattro stelle Adria, situato in piazza Venceslao.L&#8217;albergo ha pi\u00f9 di un secolo di storia e offre interieri eleganti e l&#8217;atmosfera amichevole.Il suo orgoglio il ristorante con stalattiti nello stile art-deco Triton con arredamento originale del 1912. Tutti i monumenti importanti,la Citt\u00e0 Vecchia e&#8230;<\/p>\n","protected":false},"author":3,"featured_media":76772,"parent":284,"menu_order":0,"comment_status":"closed","ping_status":"closed","template":"","meta":{"footnotes":""},"class_list":["post-292","page","type-page","status-publish","has-post-thumbnail","hentry"],"yoast_head":"<!-- This site is optimized with the Yoast SEO plugin v26.9 - https:\/\/yoast.com\/product\/yoast-seo-wordpress\/ -->\n<title>Sistemazione alberghiera -\u00a0Torneo di calcio il Barile di Praga<\/title>\n<meta name=\"description\" content=\"Gli organizzatori del torneo delle squadre amatoriali hanno preparato una scelta di alberghi dove potrete alloggiare durante il torneo.\" \/>\n<meta name=\"robots\" content=\"index, follow, max-snippet:-1, max-image-preview:large, max-video-preview:-1\" \/>\n<link rel=\"canonical\" href=\"https:\/\/football.praguesbarrel.eu\/it\/prezzo\/sistemazione-alberghiera\/\" \/>\n<meta property=\"og:locale\" content=\"it_IT\" \/>\n<meta property=\"og:type\" content=\"article\" \/>\n<meta property=\"og:title\" content=\"Sistemazione alberghiera -\u00a0Torneo di calcio il Barile di Praga\" \/>\n<meta property=\"og:description\" content=\"Gli organizzatori del torneo delle squadre amatoriali hanno preparato una scelta di alberghi dove potrete alloggiare durante il torneo.\" \/>\n<meta property=\"og:url\" content=\"https:\/\/football.praguesbarrel.eu\/it\/prezzo\/sistemazione-alberghiera\/\" \/>\n<meta property=\"og:site_name\" content=\"Prague&#039;s Barrel\" \/>\n<meta property=\"article:publisher\" content=\"https:\/\/www.facebook.com\/PraguesBarrelTournaments\" \/>\n<meta property=\"article:modified_time\" content=\"2025-10-14T17:47:23+00:00\" \/>\n<meta property=\"og:image\" content=\"https:\/\/football.praguesbarrel.eu\/y0OH9L\/uploads\/2025\/02\/dsc_6778ii.jpg\" \/>\n\t<meta property=\"og:image:width\" content=\"1300\" \/>\n\t<meta property=\"og:image:height\" content=\"868\" \/>\n\t<meta property=\"og:image:type\" content=\"image\/jpeg\" \/>\n<meta name=\"twitter:label1\" content=\"Tempo di lettura stimato\" \/>\n\t<meta name=\"twitter:data1\" content=\"4 minuti\" \/>\n<script type=\"application\/ld+json\" class=\"yoast-schema-graph\">{\"@context\":\"https:\/\/schema.org\",\"@graph\":[{\"@type\":\"WebPage\",\"@id\":\"https:\/\/football.praguesbarrel.eu\/it\/prezzo\/sistemazione-alberghiera\/\",\"url\":\"https:\/\/football.praguesbarrel.eu\/it\/prezzo\/sistemazione-alberghiera\/\",\"name\":\"Sistemazione alberghiera -\u00a0Torneo di calcio il Barile di Praga\",\"isPartOf\":{\"@id\":\"https:\/\/football.praguesbarrel.eu\/#website\"},\"primaryImageOfPage\":{\"@id\":\"https:\/\/football.praguesbarrel.eu\/it\/prezzo\/sistemazione-alberghiera\/#primaryimage\"},\"image\":{\"@id\":\"https:\/\/football.praguesbarrel.eu\/it\/prezzo\/sistemazione-alberghiera\/#primaryimage\"},\"thumbnailUrl\":\"https:\/\/football.praguesbarrel.eu\/y0OH9L\/uploads\/2025\/02\/dsc_6778ii.jpg\",\"datePublished\":\"2014-10-14T18:43:07+00:00\",\"dateModified\":\"2025-10-14T17:47:23+00:00\",\"description\":\"Gli organizzatori del torneo delle squadre amatoriali hanno preparato una scelta di alberghi dove potrete alloggiare durante il torneo.\",\"breadcrumb\":{\"@id\":\"https:\/\/football.praguesbarrel.eu\/it\/prezzo\/sistemazione-alberghiera\/#breadcrumb\"},\"inLanguage\":\"it-IT\",\"potentialAction\":[{\"@type\":\"ReadAction\",\"target\":[\"https:\/\/football.praguesbarrel.eu\/it\/prezzo\/sistemazione-alberghiera\/\"]}]},{\"@type\":\"ImageObject\",\"inLanguage\":\"it-IT\",\"@id\":\"https:\/\/football.praguesbarrel.eu\/it\/prezzo\/sistemazione-alberghiera\/#primaryimage\",\"url\":\"https:\/\/football.praguesbarrel.eu\/y0OH9L\/uploads\/2025\/02\/dsc_6778ii.jpg\",\"contentUrl\":\"https:\/\/football.praguesbarrel.eu\/y0OH9L\/uploads\/2025\/02\/dsc_6778ii.jpg\",\"width\":1300,\"height\":868},{\"@type\":\"BreadcrumbList\",\"@id\":\"https:\/\/football.praguesbarrel.eu\/it\/prezzo\/sistemazione-alberghiera\/#breadcrumb\",\"itemListElement\":[{\"@type\":\"ListItem\",\"position\":1,\"name\":\"Home\",\"item\":\"https:\/\/football.praguesbarrel.eu\/it\/\"},{\"@type\":\"ListItem\",\"position\":2,\"name\":\"Prezzo\",\"item\":\"https:\/\/football.praguesbarrel.eu\/it\/prezzo\/\"},{\"@type\":\"ListItem\",\"position\":3,\"name\":\"Sistemazione alberghiera\"}]},{\"@type\":\"WebSite\",\"@id\":\"https:\/\/football.praguesbarrel.eu\/#website\",\"url\":\"https:\/\/football.praguesbarrel.eu\/\",\"name\":\"Prague&#039;s Barrel\",\"description\":\"Football Tournament\",\"potentialAction\":[{\"@type\":\"SearchAction\",\"target\":{\"@type\":\"EntryPoint\",\"urlTemplate\":\"https:\/\/football.praguesbarrel.eu\/?s={search_term_string}\"},\"query-input\":{\"@type\":\"PropertyValueSpecification\",\"valueRequired\":true,\"valueName\":\"search_term_string\"}}],\"inLanguage\":\"it-IT\"}]}<\/script>\n<!-- \/ Yoast SEO plugin. -->","yoast_head_json":{"title":"Sistemazione alberghiera -\u00a0Torneo di calcio il Barile di Praga","description":"Gli organizzatori del torneo delle squadre amatoriali hanno preparato una scelta di alberghi dove potrete alloggiare durante il torneo.","robots":{"index":"index","follow":"follow","max-snippet":"max-snippet:-1","max-image-preview":"max-image-preview:large","max-video-preview":"max-video-preview:-1"},"canonical":"https:\/\/football.praguesbarrel.eu\/it\/prezzo\/sistemazione-alberghiera\/","og_locale":"it_IT","og_type":"article","og_title":"Sistemazione alberghiera -\u00a0Torneo di calcio il Barile di Praga","og_description":"Gli organizzatori del torneo delle squadre amatoriali hanno preparato una scelta di alberghi dove potrete alloggiare durante il torneo.","og_url":"https:\/\/football.praguesbarrel.eu\/it\/prezzo\/sistemazione-alberghiera\/","og_site_name":"Prague&#039;s Barrel","article_publisher":"https:\/\/www.facebook.com\/PraguesBarrelTournaments","article_modified_time":"2025-10-14T17:47:23+00:00","og_image":[{"width":1300,"height":868,"url":"https:\/\/football.praguesbarrel.eu\/y0OH9L\/uploads\/2025\/02\/dsc_6778ii.jpg","type":"image\/jpeg"}],"twitter_misc":{"Tempo di lettura stimato":"4 minuti"},"schema":{"@context":"https:\/\/schema.org","@graph":[{"@type":"WebPage","@id":"https:\/\/football.praguesbarrel.eu\/it\/prezzo\/sistemazione-alberghiera\/","url":"https:\/\/football.praguesbarrel.eu\/it\/prezzo\/sistemazione-alberghiera\/","name":"Sistemazione alberghiera -\u00a0Torneo di calcio il Barile di Praga","isPartOf":{"@id":"https:\/\/football.praguesbarrel.eu\/#website"},"primaryImageOfPage":{"@id":"https:\/\/football.praguesbarrel.eu\/it\/prezzo\/sistemazione-alberghiera\/#primaryimage"},"image":{"@id":"https:\/\/football.praguesbarrel.eu\/it\/prezzo\/sistemazione-alberghiera\/#primaryimage"},"thumbnailUrl":"https:\/\/football.praguesbarrel.eu\/y0OH9L\/uploads\/2025\/02\/dsc_6778ii.jpg","datePublished":"2014-10-14T18:43:07+00:00","dateModified":"2025-10-14T17:47:23+00:00","description":"Gli organizzatori del torneo delle squadre amatoriali hanno preparato una scelta di alberghi dove potrete alloggiare durante il torneo.","breadcrumb":{"@id":"https:\/\/football.praguesbarrel.eu\/it\/prezzo\/sistemazione-alberghiera\/#breadcrumb"},"inLanguage":"it-IT","potentialAction":[{"@type":"ReadAction","target":["https:\/\/football.praguesbarrel.eu\/it\/prezzo\/sistemazione-alberghiera\/"]}]},{"@type":"ImageObject","inLanguage":"it-IT","@id":"https:\/\/football.praguesbarrel.eu\/it\/prezzo\/sistemazione-alberghiera\/#primaryimage","url":"https:\/\/football.praguesbarrel.eu\/y0OH9L\/uploads\/2025\/02\/dsc_6778ii.jpg","contentUrl":"https:\/\/football.praguesbarrel.eu\/y0OH9L\/uploads\/2025\/02\/dsc_6778ii.jpg","width":1300,"height":868},{"@type":"BreadcrumbList","@id":"https:\/\/football.praguesbarrel.eu\/it\/prezzo\/sistemazione-alberghiera\/#breadcrumb","itemListElement":[{"@type":"ListItem","position":1,"name":"Home","item":"https:\/\/football.praguesbarrel.eu\/it\/"},{"@type":"ListItem","position":2,"name":"Prezzo","item":"https:\/\/football.praguesbarrel.eu\/it\/prezzo\/"},{"@type":"ListItem","position":3,"name":"Sistemazione alberghiera"}]},{"@type":"WebSite","@id":"https:\/\/football.praguesbarrel.eu\/#website","url":"https:\/\/football.praguesbarrel.eu\/","name":"Prague&#039;s Barrel","description":"Football Tournament","potentialAction":[{"@type":"SearchAction","target":{"@type":"EntryPoint","urlTemplate":"https:\/\/football.praguesbarrel.eu\/?s={search_term_string}"},"query-input":{"@type":"PropertyValueSpecification","valueRequired":true,"valueName":"search_term_string"}}],"inLanguage":"it-IT"}]}},"_links":{"self":[{"href":"https:\/\/football.praguesbarrel.eu\/it\/wp-json\/wp\/v2\/pages\/292","targetHints":{"allow":["GET"]}}],"collection":[{"href":"https:\/\/football.praguesbarrel.eu\/it\/wp-json\/wp\/v2\/pages"}],"about":[{"href":"https:\/\/football.praguesbarrel.eu\/it\/wp-json\/wp\/v2\/types\/page"}],"author":[{"embeddable":true,"href":"https:\/\/football.praguesbarrel.eu\/it\/wp-json\/wp\/v2\/users\/3"}],"replies":[{"embeddable":true,"href":"https:\/\/football.praguesbarrel.eu\/it\/wp-json\/wp\/v2\/comments?post=292"}],"version-history":[{"count":57,"href":"https:\/\/football.praguesbarrel.eu\/it\/wp-json\/wp\/v2\/pages\/292\/revisions"}],"predecessor-version":[{"id":77333,"href":"https:\/\/football.praguesbarrel.eu\/it\/wp-json\/wp\/v2\/pages\/292\/revisions\/77333"}],"up":[{"embeddable":true,"href":"https:\/\/football.praguesbarrel.eu\/it\/wp-json\/wp\/v2\/pages\/284"}],"wp:featuredmedia":[{"embeddable":true,"href":"https:\/\/football.praguesbarrel.eu\/it\/wp-json\/wp\/v2\/media\/76772"}],"wp:attachment":[{"href":"https:\/\/football.praguesbarrel.eu\/it\/wp-json\/wp\/v2\/media?parent=292"}],"curies":[{"name":"wp","href":"https:\/\/api.w.org\/{rel}","templated":true}]}}