{"id":77609,"date":"2026-01-07T22:22:17","date_gmt":"2026-01-07T21:22:17","guid":{"rendered":"https:\/\/football.praguesbarrel.eu\/?page_id=77609"},"modified":"2026-01-07T22:22:17","modified_gmt":"2026-01-07T21:22:17","slug":"le-tournoi","status":"publish","type":"page","link":"https:\/\/football.praguesbarrel.eu\/fr\/le-tournoi\/","title":{"rendered":"Tournoi"},"content":{"rendered":"<p><strong>Le Prague&rsquo;s Barrel est un tournoi international de football<\/strong> destin\u00e9 aux amateurs et aux \u00e9quipes de loisirs qui souhaitent passer quatre jours inoubliables sous le signe du sport, de l&rsquo;amiti\u00e9 et du divertissement \u00e0 Prague. Que votre \u00e9quipe soit compos\u00e9e de guerriers du week-end ou d&rsquo;amis qui enfilent leurs crampons pour la premi\u00e8re fois, vous \u00eates les bienvenus ici. Notre forfait comprend l&rsquo;h\u00e9bergement, les transferts locaux, la pension compl\u00e8te, l&rsquo;inscription au tournoi et <strong>la bi\u00e8re \u00e0 volont\u00e9 lors de tous les \u00e9v\u00e9nements officiels<\/strong>. Forts de plus de 30 ans d&rsquo;exp\u00e9rience (<a href=\"https:\/\/football.praguesbarrel.eu\/fr\/le-tournoi\/resultats\/\">voir tous les r\u00e9sultats<\/a>), nous nous occupons de la logistique afin que vous puissiez vous concentrer sur les matchs et les bons souvenirs.<\/p>\n<h2>POURQUOI LES \u00c9QUIPES CHOISISSENT Prague&rsquo;s barrel<\/h2>\n<ul>\n<li><strong>Parfait pour les \u00e9quipes amateurs et de loisirs :<\/strong> format inclusif, ambiance conviviale, fair-play avant tout.<\/li>\n<li><strong>Prague est une ville magnifique et facile d&rsquo;acc\u00e8s :<\/strong> jouez le jour, explorez la nuit.<\/li>\n<li><strong>Nous nous occupons de tout :<\/strong> h\u00e9bergement, repas, transferts et assistance sur place.<\/li>\n<li><strong>Bi\u00e8re \u00e0 volont\u00e9 et programme social :<\/strong> d\u00eener dans un restaurant tch\u00e8que typique, d\u00eener sur un bateau, f\u00eates et temps libre pour visiter la ville.<\/li>\n<li><strong>Des d\u00e9cennies d&rsquo;exp\u00e9rience :<\/strong> organisateurs de confiance, programmes fluides, \u00e9quipes qui reviennent chaque ann\u00e9e.<\/li>\n<\/ul>\n<h2>QUI DEVRAIT S&rsquo;INSCRIRE ?<\/h2>\n<div>Toute \u00e9quipe de football amateur qui souhaite participer \u00e0 un tournoi bien organis\u00e9, convivial et o\u00f9 la bi\u00e8re coule \u00e0 flots, au c\u0153ur de l&rsquo;Europe.<strong> Nous recommandons des \u00e9quipes de 12 joueurs<\/strong> ; le nombre minimum est de 10. La <strong>cat\u00e9gorie principale est le foot \u00e0 7 <\/strong>ouvert ou 35+.<\/div>\n<div><\/div>\n<div>Vous h\u00e9sitez encore ? Jetez un \u0153il <a href=\"https:\/\/football.praguesbarrel.eu\/fr\/enrolled-teams\/\">aux \u00e9quipes qui se sont d\u00e9j\u00e0 inscrites<\/a> et rejoignez la grande communaut\u00e9 des participants au Prague&rsquo;s Barrel tournoi de foot.<\/div>\n<div><\/div>\n<div class=\"ytvideo-wrapper\"><iframe title=\"YouTube video player\" src=\"https:\/\/www.youtube.com\/embed\/euAT4L8QghI?si=g8L2SIdHy-Jk4ZSE\" frameborder=\"0\" allowfullscreen=\"allowfullscreen\"><span data-mce-type=\"bookmark\" style=\"display: inline-block; width: 0px; overflow: hidden; line-height: 0;\" class=\"mce_SELRES_start\">\ufeff<\/span><\/iframe><\/div>\n<h2>comment LE TOURNOI se d\u00e9roule<\/h2>\n<div><\/div>\n<section class=\"overview\"><a href=\"https:\/\/football.praguesbarrel.eu\/y0OH9L\/uploads\/2024\/08\/Experience_fotbal_prezentace_compressed.pdf\"><img loading=\"lazy\" decoding=\"async\" class=\"alignnone size-full wp-image-76128\" src=\"https:\/\/football.praguesbarrel.eu\/y0OH9L\/uploads\/2024\/03\/Experience_prezentace.gif\" alt=\"\" width=\"1152\" height=\"648\" \/><\/a><\/p>\n<div><\/div>\n<p>Connaissez-vous que nous organisons des tournois <strong>depuis plus de 30 ans <\/strong>? Et pendant ce temps, nous avons eu la chance d&rsquo;accueillir plus de 300 \u00e9quipes \u00e0 Prague (certaines \u00e9quipes \u00e0 plusieurs reprises). <a href=\"http:\/\/praguesbarrel.eu\/fr\/inscription\/\">Soyez l&rsquo;autre \u00e9quipe et inscrire votre \u00e9quipe.<\/a><\/p>\n<p style=\"text-align: center;\"><iframe loading=\"lazy\" src=\"https:\/\/www.google.com\/maps\/d\/u\/0\/embed?mid=1fzXWY2bDJGbyXMPOxVp4WAH80a8\" width=\"640\" height=\"480\"><\/iframe><\/p>\n<style>#sp-ea-77216 .spcollapsing { height: 0; overflow: hidden; transition-property: height;transition-duration: 300ms;}#sp-ea-77216.sp-easy-accordion>.sp-ea-single {margin-bottom: 10px; border: 1px solid #e2e2e2; }#sp-ea-77216.sp-easy-accordion>.sp-ea-single>.ea-header a {color: #444;}#sp-ea-77216.sp-easy-accordion>.sp-ea-single>.sp-collapse>.ea-body {background: #fff; color: #444;}#sp-ea-77216.sp-easy-accordion>.sp-ea-single {background: #eee;}#sp-ea-77216.sp-easy-accordion>.sp-ea-single>.ea-header a .ea-expand-icon { float: left; color: #444;font-size: 16px;}<\/style><div id=\"sp_easy_accordion-1760118779\"><div id=\"sp-ea-77216\" class=\"sp-ea-one sp-easy-accordion\" data-ea-active=\"ea-click\" data-ea-mode=\"vertical\" data-preloader=\"\" data-scroll-active-item=\"\" data-offset-to-scroll=\"0\"><div class=\"ea-card ea-expand sp-ea-single\"><h3 class=\"ea-header\"><a class=\"collapsed\" id=\"ea-header-772160\" role=\"button\" data-sptoggle=\"spcollapse\" data-sptarget=\"#collapse772160\" aria-controls=\"collapse772160\" href=\"#\" aria-expanded=\"true\" tabindex=\"0\"><i aria-hidden=\"true\" role=\"presentation\" class=\"ea-expand-icon eap-icon-ea-expand-minus\"><\/i> Programme<\/a><\/h3><div class=\"sp-collapse spcollapse collapsed show\" id=\"collapse772160\" data-parent=\"#sp-ea-77216\" role=\"region\" aria-labelledby=\"ea-header-772160\"> <div class=\"ea-body\"><h2><strong>Jeudi<\/strong><\/h2><p>14:00\u201318:00 Arriv\u00e9e et d'h\u00e9bergement<br \/>19:00\u201322:00 D\u00eener au restaurant tch\u00e8que traditionnel<br \/>Programme libre<\/p><h2><strong>Vendredi<\/strong><\/h2><p>7:00\u20139:00 Petit d\u00e9jeuner \u00e0 l'h\u00f4tel<br \/>8:15\u20139:15 D\u00e9part pour le terrain<br \/>9:00\u201316:00 Programme sportif (d\u00e9jeuner au restaurant sur place)<br \/>16:00\u201319:30 Retour du terrain et programme libre<br \/>19:00\u201322:00 D\u00eener sur le bateau avec une croisi\u00e8re sur la rivi\u00e8re Vltava \/ D\u00eener au restaurant<br \/>Programme libre<\/p><h2><strong>Samedi<\/strong><\/h2><p>7:00\u20139:00 Petit d\u00e9jeuner \u00e0 l'h\u00f4tel<br \/>8:15\u20139:15 D\u00e9part pour le terrain<br \/>9:00\u201316:00 Programme sportif (d\u00e9jeuner au restaurant sur place)<br \/>15:00\u201319:00 Programme libre (achats, visite de la ville)<br \/>19:30 C\u00e9r\u00e9monie finale et annonce des vainqueurs, d\u00eener + party<br \/>Programme libre<\/p><h2><strong>Dimanche<\/strong><\/h2><p>7:00\u201310:00 Petit d\u00e9jeuner a l'h\u00f4tel et check-out (d\u00e9pend de l'h\u00f4tel)<br \/>Programme libre, d\u00e9part (vous pouvez prolonger votre s\u00e9jour, \u00e7a d\u00e9pend de vous)<\/p><\/div><\/div><\/div><div class=\"ea-card sp-ea-single\"><h3 class=\"ea-header\"><a class=\"collapsed\" id=\"ea-header-772161\" role=\"button\" data-sptoggle=\"spcollapse\" data-sptarget=\"#collapse772161\" aria-controls=\"collapse772161\" href=\"#\" aria-expanded=\"false\" tabindex=\"0\"><i aria-hidden=\"true\" role=\"presentation\" class=\"ea-expand-icon eap-icon-ea-expand-plus\"><\/i> R\u00e8gles<\/a><\/h3><div class=\"sp-collapse spcollapse \" id=\"collapse772161\" data-parent=\"#sp-ea-77216\" role=\"region\" aria-labelledby=\"ea-header-772161\"> <div class=\"ea-body\"><p>Le tournoi de football le Prague's Barrel est destin\u00e9 aux \u00e9quipes amateurs du monde entier qui sont de bonne humeur. <strong>Le but du tournoi est surtout de s'amuser<\/strong>, profiter d'une atmosph\u00e8re amiable, de faire connaissance avec de nouveaux amis et de boire la bi\u00e8re. N\u00e9anmoins, il est n\u00e9cessaire de d\u00e9finir les r\u00e8gles de base du tournoi pour qu\u2019on puisse couronner les vainqueurs.<\/p><h2>R\u00e8gles de base (le foot \u00e0 7 - hommes)<\/h2><ul><li>Les matches se d\u00e9roulent selon les r\u00e8gles en vigueur de la FIFA,<\/li><li>la dur\u00e9e du match est 2x15 minutes,<\/li><li>la dimension des buts est 5x2 m,<\/li><li>la dimension du terrain est env. 35x50 m,<\/li><li>le nombre des rempla\u00e7ants n\u2019est pas limit\u00e9,<\/li><li>3 points sont appliqu\u00e9s pour une victoire dans les poules, 1 point pour un match nul, en cas de l\u2019\u00e9galit\u00e9 d\u2019un match \u00e9liminatoire (dans les play-offs), on tire 3 penaltys et ensuite toujours 1 \u00e0 la fois,<\/li><li>l\u2019arbitre ne permet pas de remplacer un joueur si cela est une intention de retarder le jeu,<\/li><li>la r\u00e8gle du hors-jeu n\u2019est pas appliqu\u00e9e,<\/li><li>Il est interdit d'entrer et jouer sur les terrains synth\u00e9tiques avec les chaussures de foot \u00e0 crampons en m\u00e9tal,<\/li><li>tous les matchs (m\u00eame sur les terrains synth\u00e9tiques) sont jou\u00e9s avec un ballon de taille 5 destin\u00e9 pour la pelouse naturelle,<\/li><li>le joueur qui obtient le carton rouge ou deux cartons jaunes pendant le m\u00eame match ne peut pas jouer le match suivant,<\/li><li>il est interdit de d\u00e9vaster les terrains (bout de cigarettes etc.),<\/li><li>chaque joueur joue \u00e0 ses risques et p\u00e9rils, l\u2019organisateur ne donne que les premiers soins,<\/li><li>un joueur peut jouer seulement pour une \u00e9quipe pendant tout le tournoi, c.-\u00e0-d. pr\u00eater des joueurs n'est autoris\u00e9 qu'avec l\u2019autorisation de l\u2019arbitre et du capitaine de l\u2019adversaire avant le match,<\/li><li>on respecte la r\u00e8gle de base: le FAIR-PLAY.<\/li><\/ul><h2>R\u00e8gles de base (categorie 35+)<\/h2><ul style=\"text-align: justify\"><li>Tournoi de football \u00e0 7 (r\u00e8gles \u00e9nonc\u00e9es ci-dessous).<\/li><li>Cette cat\u00e9gorie ne sera ouverte que s'il y a au moins 6 \u00e9quipes inscrites, sinon les \u00e9quipes joueront dans la cat\u00e9gorie ouverte habituelle.<\/li><li>Un joueur est \u00e9ligible s'il atteint l'\u00e2ge de 35 ans au cours de l'ann\u00e9e civile de la comp\u00e9tition (n\u00e9 en 1991 ou avant).<\/li><li>Jeunes joueurs (moins de 35 ans) : Un maximum de 2 joueurs de moins de 35 ans sont autoris\u00e9s sur la liste de l'\u00e9quipe. Parmi eux, un seul joueur mineur est autoris\u00e9 sur le terrain \u00e0 tout moment pendant le match.<\/li><li>Les \u00e9quipes qui enfreignent la r\u00e8gle d'avoir plus d'un joueur mineur sur le terrain seront p\u00e9nalis\u00e9es d'un forfait 3-0.<\/li><li>Une preuve d'\u00e2ge doit \u00eatre soumise \u00e0 l'organisateur avant le tournoi.<\/li><\/ul><\/div><\/div><\/div><div class=\"ea-card sp-ea-single\"><h3 class=\"ea-header\"><a class=\"collapsed\" id=\"ea-header-772162\" role=\"button\" data-sptoggle=\"spcollapse\" data-sptarget=\"#collapse772162\" aria-controls=\"collapse772162\" href=\"#\" aria-expanded=\"false\" tabindex=\"0\"><i aria-hidden=\"true\" role=\"presentation\" class=\"ea-expand-icon eap-icon-ea-expand-plus\"><\/i> Syst\u00e8me<\/a><\/h3><div class=\"sp-collapse spcollapse \" id=\"collapse772162\" data-parent=\"#sp-ea-77216\" role=\"region\" aria-labelledby=\"ea-header-772162\"> <div class=\"ea-body\"><p>Le syst\u00e8me du tournoi et la cl\u00e9 d\u2019avancement dans les poules sont fix\u00e9s avant le d\u00e9but du tournoi sur la base du nombre d\u2019\u00e9quipes inscrites. G\u00e9n\u00e9ralement chaque \u00e9quipe joue le premier jour au moins 3 matchs en poules. Le deuxi\u00e8me jour l\u2019\u00e9quipe continue selon sa position soit dans les play-offs, soit dans les poules de classement final.<br \/>Les r\u00e8gles officielles du tournoi sont celles en langue anglaise.<\/p><\/div><\/div><\/div><div class=\"ea-card sp-ea-single\"><h3 class=\"ea-header\"><a class=\"collapsed\" id=\"ea-header-772163\" role=\"button\" data-sptoggle=\"spcollapse\" data-sptarget=\"#collapse772163\" aria-controls=\"collapse772163\" href=\"#\" aria-expanded=\"false\" tabindex=\"0\"><i aria-hidden=\"true\" role=\"presentation\" class=\"ea-expand-icon eap-icon-ea-expand-plus\"><\/i> Stade<\/a><\/h3><div class=\"sp-collapse spcollapse \" id=\"collapse772163\" data-parent=\"#sp-ea-77216\" role=\"region\" aria-labelledby=\"ea-header-772163\"> <div class=\"ea-body\"><h2 style=\"text-align: left\"><strong>stade de football ABC BRAN\u00cdK PRAHA<\/strong><\/h2><p style=\"text-align: left\"><strong>Adresse du stade: ABC Bran\u00edk, Za Ml\u00fdnem 1774, Prague 4 - Bran\u00edk, 140 00<\/strong><\/p><p style=\"text-align: justify\">Le complexe \u00abABC Bran\u00edk\u00bb est id\u00e9al pour le Prague's Barrel surtout pour sa bonne accessibilit\u00e9 aux h\u00f4tels principaux et pour sa grande surface. On trouve dans ce complexe 3 grands terrains de football qui nous permet de r\u00e9unir sur place jusqu\u2019au 32 \u00e9quipes ce qui cr\u00e9e une atmosph\u00e8re inoubliable. Quand on n\u2019est pas en train de jouer, on peut se rafra\u00eechir \u00e0 une des trois lieux de rafra\u00eechissement o\u00f9 il y a de la bi\u00e8re \u00e0 volont\u00e9 pendant toute la journ\u00e9e et votre guide vous assure \u00e9ventuellement de l\u2019eau et des fruits. Le d\u00e9jeuner est servi au restaurant local situ\u00e9 directement \u00e0 c\u00f4t\u00e9 des terrains.<\/p><h3 style=\"text-align: justify\">Installations et surfaces<\/h3><ul><li style=\"text-align: justify\">Vestiaires et douches disponibles toute la journ\u00e9e.<\/li><li style=\"text-align: justify\">Les terrains sont num\u00e9rot\u00e9s de 1 \u00e0 6 et sont tous recouverts <strong>de gazon synth\u00e9tique de troisi\u00e8me g\u00e9n\u00e9ratio<\/strong>n (pas de crampons m\u00e9talliques).<\/li><li style=\"text-align: justify\"><strong>Personnel de premiers secours<\/strong> pr\u00e9sent tout au long du tournoi.<\/li><\/ul><\/div><\/div><\/div><\/div><\/div>\n<\/section>\n","protected":false},"excerpt":{"rendered":"<p>Le Prague&rsquo;s Barrel est un tournoi international de football destin\u00e9 aux amateurs et aux \u00e9quipes de loisirs qui souhaitent passer quatre jours inoubliables sous le signe du sport, de l&rsquo;amiti\u00e9 et du divertissement \u00e0 Prague. Que votre \u00e9quipe soit compos\u00e9e de guerriers du week-end ou d&rsquo;amis qui enfilent leurs crampons pour la premi\u00e8re fois, vous&#8230;<\/p>\n","protected":false},"author":3,"featured_media":75756,"parent":0,"menu_order":0,"comment_status":"closed","ping_status":"closed","template":"","meta":{"footnotes":""},"class_list":["post-77609","page","type-page","status-publish","has-post-thumbnail","hentry"],"yoast_head":"<!-- This site is optimized with the Yoast SEO plugin v26.9 - https:\/\/yoast.com\/product\/yoast-seo-wordpress\/ -->\n<title>Tournoi - Prague&#039;s Barrel<\/title>\n<meta name=\"robots\" content=\"index, follow, max-snippet:-1, max-image-preview:large, max-video-preview:-1\" \/>\n<link rel=\"canonical\" href=\"https:\/\/football.praguesbarrel.eu\/fr\/le-tournoi\/\" \/>\n<meta property=\"og:locale\" content=\"fr_FR\" \/>\n<meta property=\"og:type\" content=\"article\" \/>\n<meta property=\"og:title\" content=\"Tournoi - Prague&#039;s Barrel\" \/>\n<meta property=\"og:description\" content=\"Le Prague&rsquo;s Barrel est un tournoi international de football destin\u00e9 aux amateurs et aux \u00e9quipes de loisirs qui souhaitent passer quatre jours inoubliables sous le signe du sport, de l&rsquo;amiti\u00e9 et du divertissement \u00e0 Prague. Que votre \u00e9quipe soit compos\u00e9e de guerriers du week-end ou d&rsquo;amis qui enfilent leurs crampons pour la premi\u00e8re fois, vous...\" \/>\n<meta property=\"og:url\" content=\"https:\/\/football.praguesbarrel.eu\/fr\/le-tournoi\/\" \/>\n<meta property=\"og:site_name\" content=\"Prague&#039;s Barrel\" \/>\n<meta property=\"article:publisher\" content=\"https:\/\/www.facebook.com\/PraguesBarrelTournaments\" \/>\n<meta property=\"og:image\" content=\"https:\/\/football.praguesbarrel.eu\/y0OH9L\/uploads\/2023\/11\/mice.jpeg\" \/>\n\t<meta property=\"og:image:width\" content=\"818\" \/>\n\t<meta property=\"og:image:height\" content=\"1224\" \/>\n\t<meta property=\"og:image:type\" content=\"image\/jpeg\" \/>\n<script type=\"application\/ld+json\" class=\"yoast-schema-graph\">{\"@context\":\"https:\/\/schema.org\",\"@graph\":[{\"@type\":\"WebPage\",\"@id\":\"https:\/\/football.praguesbarrel.eu\/fr\/le-tournoi\/\",\"url\":\"https:\/\/football.praguesbarrel.eu\/fr\/le-tournoi\/\",\"name\":\"Tournoi - Prague&#039;s Barrel\",\"isPartOf\":{\"@id\":\"https:\/\/football.praguesbarrel.eu\/#website\"},\"primaryImageOfPage\":{\"@id\":\"https:\/\/football.praguesbarrel.eu\/fr\/le-tournoi\/#primaryimage\"},\"image\":{\"@id\":\"https:\/\/football.praguesbarrel.eu\/fr\/le-tournoi\/#primaryimage\"},\"thumbnailUrl\":\"https:\/\/football.praguesbarrel.eu\/y0OH9L\/uploads\/2023\/11\/mice.jpeg\",\"datePublished\":\"2026-01-07T21:22:17+00:00\",\"breadcrumb\":{\"@id\":\"https:\/\/football.praguesbarrel.eu\/fr\/le-tournoi\/#breadcrumb\"},\"inLanguage\":\"fr-FR\",\"potentialAction\":[{\"@type\":\"ReadAction\",\"target\":[\"https:\/\/football.praguesbarrel.eu\/fr\/le-tournoi\/\"]}]},{\"@type\":\"ImageObject\",\"inLanguage\":\"fr-FR\",\"@id\":\"https:\/\/football.praguesbarrel.eu\/fr\/le-tournoi\/#primaryimage\",\"url\":\"https:\/\/football.praguesbarrel.eu\/y0OH9L\/uploads\/2023\/11\/mice.jpeg\",\"contentUrl\":\"https:\/\/football.praguesbarrel.eu\/y0OH9L\/uploads\/2023\/11\/mice.jpeg\",\"width\":818,\"height\":1224},{\"@type\":\"BreadcrumbList\",\"@id\":\"https:\/\/football.praguesbarrel.eu\/fr\/le-tournoi\/#breadcrumb\",\"itemListElement\":[{\"@type\":\"ListItem\",\"position\":1,\"name\":\"Home\",\"item\":\"https:\/\/football.praguesbarrel.eu\/fr\/\"},{\"@type\":\"ListItem\",\"position\":2,\"name\":\"Tournoi\"}]},{\"@type\":\"WebSite\",\"@id\":\"https:\/\/football.praguesbarrel.eu\/#website\",\"url\":\"https:\/\/football.praguesbarrel.eu\/\",\"name\":\"Prague&#039;s Barrel\",\"description\":\"Football Tournament\",\"potentialAction\":[{\"@type\":\"SearchAction\",\"target\":{\"@type\":\"EntryPoint\",\"urlTemplate\":\"https:\/\/football.praguesbarrel.eu\/?s={search_term_string}\"},\"query-input\":{\"@type\":\"PropertyValueSpecification\",\"valueRequired\":true,\"valueName\":\"search_term_string\"}}],\"inLanguage\":\"fr-FR\"}]}<\/script>\n<!-- \/ Yoast SEO plugin. -->","yoast_head_json":{"title":"Tournoi - Prague&#039;s Barrel","robots":{"index":"index","follow":"follow","max-snippet":"max-snippet:-1","max-image-preview":"max-image-preview:large","max-video-preview":"max-video-preview:-1"},"canonical":"https:\/\/football.praguesbarrel.eu\/fr\/le-tournoi\/","og_locale":"fr_FR","og_type":"article","og_title":"Tournoi - Prague&#039;s Barrel","og_description":"Le Prague&rsquo;s Barrel est un tournoi international de football destin\u00e9 aux amateurs et aux \u00e9quipes de loisirs qui souhaitent passer quatre jours inoubliables sous le signe du sport, de l&rsquo;amiti\u00e9 et du divertissement \u00e0 Prague. Que votre \u00e9quipe soit compos\u00e9e de guerriers du week-end ou d&rsquo;amis qui enfilent leurs crampons pour la premi\u00e8re fois, vous...","og_url":"https:\/\/football.praguesbarrel.eu\/fr\/le-tournoi\/","og_site_name":"Prague&#039;s Barrel","article_publisher":"https:\/\/www.facebook.com\/PraguesBarrelTournaments","og_image":[{"width":818,"height":1224,"url":"https:\/\/football.praguesbarrel.eu\/y0OH9L\/uploads\/2023\/11\/mice.jpeg","type":"image\/jpeg"}],"schema":{"@context":"https:\/\/schema.org","@graph":[{"@type":"WebPage","@id":"https:\/\/football.praguesbarrel.eu\/fr\/le-tournoi\/","url":"https:\/\/football.praguesbarrel.eu\/fr\/le-tournoi\/","name":"Tournoi - Prague&#039;s Barrel","isPartOf":{"@id":"https:\/\/football.praguesbarrel.eu\/#website"},"primaryImageOfPage":{"@id":"https:\/\/football.praguesbarrel.eu\/fr\/le-tournoi\/#primaryimage"},"image":{"@id":"https:\/\/football.praguesbarrel.eu\/fr\/le-tournoi\/#primaryimage"},"thumbnailUrl":"https:\/\/football.praguesbarrel.eu\/y0OH9L\/uploads\/2023\/11\/mice.jpeg","datePublished":"2026-01-07T21:22:17+00:00","breadcrumb":{"@id":"https:\/\/football.praguesbarrel.eu\/fr\/le-tournoi\/#breadcrumb"},"inLanguage":"fr-FR","potentialAction":[{"@type":"ReadAction","target":["https:\/\/football.praguesbarrel.eu\/fr\/le-tournoi\/"]}]},{"@type":"ImageObject","inLanguage":"fr-FR","@id":"https:\/\/football.praguesbarrel.eu\/fr\/le-tournoi\/#primaryimage","url":"https:\/\/football.praguesbarrel.eu\/y0OH9L\/uploads\/2023\/11\/mice.jpeg","contentUrl":"https:\/\/football.praguesbarrel.eu\/y0OH9L\/uploads\/2023\/11\/mice.jpeg","width":818,"height":1224},{"@type":"BreadcrumbList","@id":"https:\/\/football.praguesbarrel.eu\/fr\/le-tournoi\/#breadcrumb","itemListElement":[{"@type":"ListItem","position":1,"name":"Home","item":"https:\/\/football.praguesbarrel.eu\/fr\/"},{"@type":"ListItem","position":2,"name":"Tournoi"}]},{"@type":"WebSite","@id":"https:\/\/football.praguesbarrel.eu\/#website","url":"https:\/\/football.praguesbarrel.eu\/","name":"Prague&#039;s Barrel","description":"Football Tournament","potentialAction":[{"@type":"SearchAction","target":{"@type":"EntryPoint","urlTemplate":"https:\/\/football.praguesbarrel.eu\/?s={search_term_string}"},"query-input":{"@type":"PropertyValueSpecification","valueRequired":true,"valueName":"search_term_string"}}],"inLanguage":"fr-FR"}]}},"_links":{"self":[{"href":"https:\/\/football.praguesbarrel.eu\/fr\/wp-json\/wp\/v2\/pages\/77609","targetHints":{"allow":["GET"]}}],"collection":[{"href":"https:\/\/football.praguesbarrel.eu\/fr\/wp-json\/wp\/v2\/pages"}],"about":[{"href":"https:\/\/football.praguesbarrel.eu\/fr\/wp-json\/wp\/v2\/types\/page"}],"author":[{"embeddable":true,"href":"https:\/\/football.praguesbarrel.eu\/fr\/wp-json\/wp\/v2\/users\/3"}],"replies":[{"embeddable":true,"href":"https:\/\/football.praguesbarrel.eu\/fr\/wp-json\/wp\/v2\/comments?post=77609"}],"version-history":[{"count":1,"href":"https:\/\/football.praguesbarrel.eu\/fr\/wp-json\/wp\/v2\/pages\/77609\/revisions"}],"predecessor-version":[{"id":77615,"href":"https:\/\/football.praguesbarrel.eu\/fr\/wp-json\/wp\/v2\/pages\/77609\/revisions\/77615"}],"wp:featuredmedia":[{"embeddable":true,"href":"https:\/\/football.praguesbarrel.eu\/fr\/wp-json\/wp\/v2\/media\/75756"}],"wp:attachment":[{"href":"https:\/\/football.praguesbarrel.eu\/fr\/wp-json\/wp\/v2\/media?parent=77609"}],"curies":[{"name":"wp","href":"https:\/\/api.w.org\/{rel}","templated":true}]}}