{"id":336,"date":"2014-10-14T20:09:52","date_gmt":"2014-10-14T19:09:52","guid":{"rendered":"http:\/\/praguesbarrel.eu\/?page_id=336"},"modified":"2024-09-10T10:08:09","modified_gmt":"2024-09-10T09:08:09","slug":"inscription","status":"publish","type":"page","link":"https:\/\/football.praguesbarrel.eu\/fr\/inscription\/","title":{"rendered":"Inscription"},"content":{"rendered":"<p><script type=\"text\/javascript\" src=\"https:\/\/form.jotformeu.com\/jsform\/62074748265361\"><\/script><br \/>\nSi vous ne voyez pas le formulaire d&rsquo;inscription, essayez simplement un autre navigateur Web. Merci.<\/p>\n","protected":false},"excerpt":{"rendered":"<p>Si vous ne voyez pas le formulaire d&rsquo;inscription, essayez simplement un autre navigateur Web. Merci.<\/p>\n","protected":false},"author":3,"featured_media":75624,"parent":0,"menu_order":0,"comment_status":"closed","ping_status":"closed","template":"","meta":{"footnotes":""},"class_list":["post-336","page","type-page","status-publish","has-post-thumbnail","hentry"],"yoast_head":"<!-- This site is optimized with the Yoast SEO plugin v26.9 - https:\/\/yoast.com\/product\/yoast-seo-wordpress\/ -->\n<title>Inscription -\u00a0Tournoi de football amateur Prague&#039;s Barrel<\/title>\n<meta name=\"description\" content=\"Inscrivez votre \u00e9quipe pour le tournoi populaire. 4 jours de football, de plaisir, de la bi\u00e8re et une atmosph\u00e8re conviviale.\" \/>\n<meta name=\"robots\" content=\"index, follow, max-snippet:-1, max-image-preview:large, max-video-preview:-1\" \/>\n<link rel=\"canonical\" href=\"https:\/\/football.praguesbarrel.eu\/fr\/inscription\/\" \/>\n<meta property=\"og:locale\" content=\"fr_FR\" \/>\n<meta property=\"og:type\" content=\"article\" \/>\n<meta property=\"og:title\" content=\"Inscription -\u00a0Tournoi de football amateur Prague&#039;s Barrel\" \/>\n<meta property=\"og:description\" content=\"Inscrivez votre \u00e9quipe pour le tournoi populaire. 4 jours de football, de plaisir, de la bi\u00e8re et une atmosph\u00e8re conviviale.\" \/>\n<meta property=\"og:url\" content=\"https:\/\/football.praguesbarrel.eu\/fr\/inscription\/\" \/>\n<meta property=\"og:site_name\" content=\"Prague&#039;s Barrel\" \/>\n<meta property=\"article:publisher\" content=\"https:\/\/www.facebook.com\/PraguesBarrelTournaments\" \/>\n<meta property=\"article:modified_time\" content=\"2024-09-10T09:08:09+00:00\" \/>\n<meta property=\"og:image\" content=\"https:\/\/football.praguesbarrel.eu\/y0OH9L\/uploads\/2023\/09\/A7S01349.jpg\" \/>\n\t<meta property=\"og:image:width\" content=\"2048\" \/>\n\t<meta property=\"og:image:height\" content=\"1368\" \/>\n\t<meta property=\"og:image:type\" content=\"image\/jpeg\" \/>\n<meta name=\"twitter:label1\" content=\"Dur\u00e9e de lecture estim\u00e9e\" \/>\n\t<meta name=\"twitter:data1\" content=\"1 minute\" \/>\n<script type=\"application\/ld+json\" class=\"yoast-schema-graph\">{\"@context\":\"https:\/\/schema.org\",\"@graph\":[{\"@type\":\"WebPage\",\"@id\":\"https:\/\/football.praguesbarrel.eu\/fr\/inscription\/\",\"url\":\"https:\/\/football.praguesbarrel.eu\/fr\/inscription\/\",\"name\":\"Inscription -\u00a0Tournoi de football amateur Prague's Barrel\",\"isPartOf\":{\"@id\":\"https:\/\/football.praguesbarrel.eu\/#website\"},\"primaryImageOfPage\":{\"@id\":\"https:\/\/football.praguesbarrel.eu\/fr\/inscription\/#primaryimage\"},\"image\":{\"@id\":\"https:\/\/football.praguesbarrel.eu\/fr\/inscription\/#primaryimage\"},\"thumbnailUrl\":\"https:\/\/football.praguesbarrel.eu\/y0OH9L\/uploads\/2023\/09\/A7S01349.jpg\",\"datePublished\":\"2014-10-14T19:09:52+00:00\",\"dateModified\":\"2024-09-10T09:08:09+00:00\",\"description\":\"Inscrivez votre \u00e9quipe pour le tournoi populaire. 4 jours de football, de plaisir, de la bi\u00e8re et une atmosph\u00e8re conviviale.\",\"breadcrumb\":{\"@id\":\"https:\/\/football.praguesbarrel.eu\/fr\/inscription\/#breadcrumb\"},\"inLanguage\":\"fr-FR\",\"potentialAction\":[{\"@type\":\"ReadAction\",\"target\":[\"https:\/\/football.praguesbarrel.eu\/fr\/inscription\/\"]}]},{\"@type\":\"ImageObject\",\"inLanguage\":\"fr-FR\",\"@id\":\"https:\/\/football.praguesbarrel.eu\/fr\/inscription\/#primaryimage\",\"url\":\"https:\/\/football.praguesbarrel.eu\/y0OH9L\/uploads\/2023\/09\/A7S01349.jpg\",\"contentUrl\":\"https:\/\/football.praguesbarrel.eu\/y0OH9L\/uploads\/2023\/09\/A7S01349.jpg\",\"width\":2048,\"height\":1368},{\"@type\":\"BreadcrumbList\",\"@id\":\"https:\/\/football.praguesbarrel.eu\/fr\/inscription\/#breadcrumb\",\"itemListElement\":[{\"@type\":\"ListItem\",\"position\":1,\"name\":\"Home\",\"item\":\"https:\/\/football.praguesbarrel.eu\/fr\/\"},{\"@type\":\"ListItem\",\"position\":2,\"name\":\"Inscription\"}]},{\"@type\":\"WebSite\",\"@id\":\"https:\/\/football.praguesbarrel.eu\/#website\",\"url\":\"https:\/\/football.praguesbarrel.eu\/\",\"name\":\"Prague&#039;s Barrel\",\"description\":\"Football Tournament\",\"potentialAction\":[{\"@type\":\"SearchAction\",\"target\":{\"@type\":\"EntryPoint\",\"urlTemplate\":\"https:\/\/football.praguesbarrel.eu\/?s={search_term_string}\"},\"query-input\":{\"@type\":\"PropertyValueSpecification\",\"valueRequired\":true,\"valueName\":\"search_term_string\"}}],\"inLanguage\":\"fr-FR\"}]}<\/script>\n<!-- \/ Yoast SEO plugin. -->","yoast_head_json":{"title":"Inscription -\u00a0Tournoi de football amateur Prague's Barrel","description":"Inscrivez votre \u00e9quipe pour le tournoi populaire. 4 jours de football, de plaisir, de la bi\u00e8re et une atmosph\u00e8re conviviale.","robots":{"index":"index","follow":"follow","max-snippet":"max-snippet:-1","max-image-preview":"max-image-preview:large","max-video-preview":"max-video-preview:-1"},"canonical":"https:\/\/football.praguesbarrel.eu\/fr\/inscription\/","og_locale":"fr_FR","og_type":"article","og_title":"Inscription -\u00a0Tournoi de football amateur Prague's Barrel","og_description":"Inscrivez votre \u00e9quipe pour le tournoi populaire. 4 jours de football, de plaisir, de la bi\u00e8re et une atmosph\u00e8re conviviale.","og_url":"https:\/\/football.praguesbarrel.eu\/fr\/inscription\/","og_site_name":"Prague&#039;s Barrel","article_publisher":"https:\/\/www.facebook.com\/PraguesBarrelTournaments","article_modified_time":"2024-09-10T09:08:09+00:00","og_image":[{"width":2048,"height":1368,"url":"https:\/\/football.praguesbarrel.eu\/y0OH9L\/uploads\/2023\/09\/A7S01349.jpg","type":"image\/jpeg"}],"twitter_misc":{"Dur\u00e9e de lecture estim\u00e9e":"1 minute"},"schema":{"@context":"https:\/\/schema.org","@graph":[{"@type":"WebPage","@id":"https:\/\/football.praguesbarrel.eu\/fr\/inscription\/","url":"https:\/\/football.praguesbarrel.eu\/fr\/inscription\/","name":"Inscription -\u00a0Tournoi de football amateur Prague's Barrel","isPartOf":{"@id":"https:\/\/football.praguesbarrel.eu\/#website"},"primaryImageOfPage":{"@id":"https:\/\/football.praguesbarrel.eu\/fr\/inscription\/#primaryimage"},"image":{"@id":"https:\/\/football.praguesbarrel.eu\/fr\/inscription\/#primaryimage"},"thumbnailUrl":"https:\/\/football.praguesbarrel.eu\/y0OH9L\/uploads\/2023\/09\/A7S01349.jpg","datePublished":"2014-10-14T19:09:52+00:00","dateModified":"2024-09-10T09:08:09+00:00","description":"Inscrivez votre \u00e9quipe pour le tournoi populaire. 4 jours de football, de plaisir, de la bi\u00e8re et une atmosph\u00e8re conviviale.","breadcrumb":{"@id":"https:\/\/football.praguesbarrel.eu\/fr\/inscription\/#breadcrumb"},"inLanguage":"fr-FR","potentialAction":[{"@type":"ReadAction","target":["https:\/\/football.praguesbarrel.eu\/fr\/inscription\/"]}]},{"@type":"ImageObject","inLanguage":"fr-FR","@id":"https:\/\/football.praguesbarrel.eu\/fr\/inscription\/#primaryimage","url":"https:\/\/football.praguesbarrel.eu\/y0OH9L\/uploads\/2023\/09\/A7S01349.jpg","contentUrl":"https:\/\/football.praguesbarrel.eu\/y0OH9L\/uploads\/2023\/09\/A7S01349.jpg","width":2048,"height":1368},{"@type":"BreadcrumbList","@id":"https:\/\/football.praguesbarrel.eu\/fr\/inscription\/#breadcrumb","itemListElement":[{"@type":"ListItem","position":1,"name":"Home","item":"https:\/\/football.praguesbarrel.eu\/fr\/"},{"@type":"ListItem","position":2,"name":"Inscription"}]},{"@type":"WebSite","@id":"https:\/\/football.praguesbarrel.eu\/#website","url":"https:\/\/football.praguesbarrel.eu\/","name":"Prague&#039;s Barrel","description":"Football Tournament","potentialAction":[{"@type":"SearchAction","target":{"@type":"EntryPoint","urlTemplate":"https:\/\/football.praguesbarrel.eu\/?s={search_term_string}"},"query-input":{"@type":"PropertyValueSpecification","valueRequired":true,"valueName":"search_term_string"}}],"inLanguage":"fr-FR"}]}},"_links":{"self":[{"href":"https:\/\/football.praguesbarrel.eu\/fr\/wp-json\/wp\/v2\/pages\/336","targetHints":{"allow":["GET"]}}],"collection":[{"href":"https:\/\/football.praguesbarrel.eu\/fr\/wp-json\/wp\/v2\/pages"}],"about":[{"href":"https:\/\/football.praguesbarrel.eu\/fr\/wp-json\/wp\/v2\/types\/page"}],"author":[{"embeddable":true,"href":"https:\/\/football.praguesbarrel.eu\/fr\/wp-json\/wp\/v2\/users\/3"}],"replies":[{"embeddable":true,"href":"https:\/\/football.praguesbarrel.eu\/fr\/wp-json\/wp\/v2\/comments?post=336"}],"version-history":[{"count":8,"href":"https:\/\/football.praguesbarrel.eu\/fr\/wp-json\/wp\/v2\/pages\/336\/revisions"}],"predecessor-version":[{"id":76516,"href":"https:\/\/football.praguesbarrel.eu\/fr\/wp-json\/wp\/v2\/pages\/336\/revisions\/76516"}],"wp:featuredmedia":[{"embeddable":true,"href":"https:\/\/football.praguesbarrel.eu\/fr\/wp-json\/wp\/v2\/media\/75624"}],"wp:attachment":[{"href":"https:\/\/football.praguesbarrel.eu\/fr\/wp-json\/wp\/v2\/media?parent=336"}],"curies":[{"name":"wp","href":"https:\/\/api.w.org\/{rel}","templated":true}]}}