{"id":291,"date":"2014-10-14T19:40:34","date_gmt":"2014-10-14T18:40:34","guid":{"rendered":"http:\/\/praguesbarrel.eu\/?page_id=291"},"modified":"2025-10-14T18:48:57","modified_gmt":"2025-10-14T17:48:57","slug":"hebergement","status":"publish","type":"page","link":"https:\/\/football.praguesbarrel.eu\/fr\/prix\/hebergement\/","title":{"rendered":"H\u00e9bergement"},"content":{"rendered":"<div class=\"ytvideo-wrapper\"><iframe loading=\"lazy\" src=\"https:\/\/www.google.com\/maps\/d\/u\/1\/embed?mid=1qHiUS4VvcyVrbUveAuoD9YqxHZE\" width=\"640\" height=\"480\"><span data-mce-type=\"bookmark\" style=\"display: inline-block; width: 0px; overflow: hidden; line-height: 0;\" class=\"mce_SELRES_start\">\ufeff<\/span><\/iframe><\/div>\n<p>&nbsp;<\/p>\n<h2>Adria ****<\/h2>\n<p>Dans le cas o\u00f9 vous pr\u00e9f\u00e9rez l&rsquo;h\u00e9bergement dans le centre-ville, nous vous proposons l&rsquo;h\u00f4tel 4 \u00e9toiles Adria situ\u00e9 sur la place Wenceslas. Cet h\u00f4tel a plus d&rsquo;un si\u00e8cle d&rsquo;histoire et propose des int\u00e9rieurs \u00e9l\u00e9gants et une atmosph\u00e8re conviviale. Il est le restaurant stalactite dans le style art d\u00e9co Triton avec l&rsquo;ameublement original de 1912. Tous les monuments importants de la vieille ville sont \u00e0 la distance wlaking ainsi que les luxueux boutiqes. L&rsquo;h\u00f4tel est titulaire d&rsquo;\u00e9colabel de l&rsquo;UE. <a href=\"https:\/\/football.praguesbarrel.eu\/38545\/\">Galerie de photos<\/a><\/p>\n<h2>Ambassador *****<\/h2>\n<p>H\u00f4tel Ambassador est situ\u00e9 dans la partie inf\u00e9rieure de la place Venceslas, \u00e0 5 minutes \u00e0 pied de la Place de la Vieille Ville. Les chambres offrent au moins 25 m\u00e8tres carr\u00e9s d&rsquo;espace et de meubles de style art-nouveau et la d\u00e9coration.<br \/>\nTous les salles de bains en marble sont spacieuses et \u00e9quip\u00e9es d&rsquo;une baignoire d&rsquo;hydromassage et habituellement aussi avec une douche. Toutes les chambres sont \u00e9quip\u00e9es avec TV \u00e0 \u00e9cran plat avec de nombreuses cha\u00eenes par satellite, coffre-fort, minibar et connexion Wi-fi.<br \/>\nVous pouvez vous aussi d\u00e9tendre dans le club de bien-\u00eatre qui offre une large gamme de massages tha\u00eflandais et ayurv\u00e9diques, des enveloppements et des gommages et divers massages sp\u00e9ciaux comme le miel, le chocolat ou chakra pierre massages. <a href=\"https:\/\/football.praguesbarrel.eu\/fr\/ambassador\/\">Galerie de photos<\/a><\/p>\n<h2>Ambiance ****<\/h2>\n<p>L&rsquo;h\u00f4tel Ambiance est situ\u00e9 \u00e0 Prague 2, \u00e0 12 minutes \u00e0 pied de la place Venceslas, \u00e0 7 minutes \u00e0 pied des clubs Retro, Radost FX et Le mirage. L&rsquo;h\u00f4tel est encercl\u00e9 de pubs, de sup\u00e9rettes et de restaurants.<br \/>\nL&rsquo;h\u00f4tel offre des chambres petites mais confortables, avec coffre-fort, air conditionn\u00e9, Wi-Fi gratuit et excellent petit d\u00e9jeuner. Vous pouvez vous d\u00e9tendre sur la terrasse du jardin.<br \/>\nTaxi depuis Place de la vieille ville pour environ 250 CZK par cabine.<a href=\"https:\/\/football.praguesbarrel.eu\/ambiance\/\">Galerie de photos<\/a><\/p>\n<h2>ILF ***<\/h2>\n<p>Notre offre \u00e9conomique est situ\u00e9e \u00e0 Prague 4, \u00e0 1 minute de la station de m\u00e9tro Bud\u011bjovick\u00e1, vous pouvez donc rejoindre le centre-ville en 9 minutes. (Muzeum)<br \/>\nIl offre un espace propre et convivial pour votre r\u00e9g\u00e9n\u00e9ration nocturne, de nombreux magasins, restaurants, pubs et fastfoods \u00e0 proximit\u00e9, un restaurant confortable avec un caf\u00e9 en plein air et un bar de l&rsquo;h\u00f4tel ouvert 24\/7 pour votre bi\u00e8re avant dormir.<br \/>\nLes chambres sont basiques, avec t\u00e9l\u00e9vision \u00e0 \u00e9cran plat, s\u00e8che-cheveux et coffres-forts sont situ\u00e9s principalement dans les chambres nouvellement reconstruites, sinon il est possible de demander \u00e0 la r\u00e9ception. <a href=\"https:\/\/football.praguesbarrel.eu\/ilf\/\">Galerie de photos<\/a><\/p>\n<h2>Juli\u0161 ****<\/h2>\n<p>L&rsquo;h\u00f4tel Julis est situ\u00e9 en plein centre de Prague, sur la place Venceslas. Les grandes chambres avec la cuisine int\u00e9gr\u00e9e sont \u00e9quip\u00e9es d&rsquo;un mobilier moderne et confortable et de parquet. Les chambres offrent une vue magnifique sur la ville de Prague, la place Venceslas et le romantique jardin franciscain. Le fitness centre se trouve directement dans le b\u00e2timent et une piscine int\u00e9rieure et un sauna sont disponibles pour les clients de l&rsquo;h\u00f4tel moyennant des frais suppl\u00e9mentaires. Parking disponible. <a href=\"https:\/\/football.praguesbarrel.eu\/julis\/\">Galerie de photos<\/a><\/p>\n<h2>Ramada ****<\/h2>\n<p>L&rsquo;h\u00f4tel Ramada est situ\u00e9 dans le centre-ville, directement sur la place Venceslas, o\u00f9 vous trouverez de nombreux restaurants, bars, clubs et boutiques. Il s&rsquo;agit d&rsquo;un h\u00f4tel sans barri\u00e8res et non-fumeurs, dot\u00e9 d&rsquo;une connexion Wi-Fi gratuite. Les chambres spacieuses et confortables ont \u00e9t\u00e9 r\u00e9nov\u00e9es avec soin et pr\u00e9sentent un design frais et moderne. Les chambres sont \u00e9quip\u00e9es d&rsquo;un r\u00e9frig\u00e9rateur, d&rsquo;une t\u00e9l\u00e9vision LCD, d&rsquo;un coffre-fort, d&rsquo;une bouilloire \u00e9lectrique et d&rsquo;un coin douche (certaines chambres ont une baignoire). Un parking est disponible dans l&rsquo;h\u00f4tel \u00e0 titre payant. Un centre de remise en forme, une piscine int\u00e9rieure chauff\u00e9e et un sauna se trouvent \u00e0 proximit\u00e9 de l&rsquo;h\u00f4tel. <a href=\"https:\/\/football.praguesbarrel.eu\/ramada\/\">Galerie de photos<\/a><\/p>\n<h2>Rokoko ****<\/h2>\n<p>L&rsquo;EA Hotel Rokoko est situ\u00e9 en plein centre de Prague, dans le b\u00e2timent du palais Rokoko (prot\u00e9g\u00e9 par le patrimoine), sur la place Venceslas. Un parking est disponible \u00e0 proximit\u00e9. L&rsquo;h\u00f4tel propose un h\u00e9bergement luxueux dans des chambres lumineuses et \u00e9l\u00e9gantes. Les \u00e9tages sup\u00e9rieurs offrent des vues sur le centre historique de Prague. Le petit d\u00e9jeuner est servi dans le b\u00e2timent voisin. Les chambres disposent de la climatisation, d&rsquo;une connexion Wi-Fi gratuite, d&rsquo;une t\u00e9l\u00e9vision LCD, d&rsquo;un plateau\/bouilloire, d&rsquo;un coffre-fort et d&rsquo;une baignoire ou d&rsquo;un coin douche. <a href=\"https:\/\/football.praguesbarrel.eu\/rokoko\/\">Galerie de photos<\/a><\/p>\n<h2>Superior ****<\/h2>\n<p>L&rsquo;h\u00f4tel Superior est tr\u00e8s bien situ\u00e9 \u00e0 distance de marche du centre-ville (la place Venceslas est \u00e0 5-10 minutes \u00e0 pied). En \u00e9t\u00e9, vous pouvez vous asseoir dans le jardin d&rsquo;\u00e9t\u00e9, et toute l&rsquo;ann\u00e9e, vous pourrez vous d\u00e9tendre dans le sauna de l&rsquo;h\u00f4tel, le bain \u00e0 remous, obtenir un massage classique ou un massage aux pierres chaudes. Toutes les chambres sont \u00e9quip\u00e9es de TV satellite, t\u00e9l\u00e9phone direct, coffre-fort, s\u00e8che-cheveux, minibar, installations sanitaires, climatisation etc. Les clients de l&rsquo;h\u00f4tel peuvent se garer dans le grand garage souterrain. <a href=\"https:\/\/football.praguesbarrel.eu\/prague-centre-superior\/\">Galerie de photos<\/a><\/p>\n","protected":false},"excerpt":{"rendered":"<p>\ufeff &nbsp; Adria **** Dans le cas o\u00f9 vous pr\u00e9f\u00e9rez l&rsquo;h\u00e9bergement dans le centre-ville, nous vous proposons l&rsquo;h\u00f4tel 4 \u00e9toiles Adria situ\u00e9 sur la place Wenceslas. Cet h\u00f4tel a plus d&rsquo;un si\u00e8cle d&rsquo;histoire et propose des int\u00e9rieurs \u00e9l\u00e9gants et une atmosph\u00e8re conviviale. Il est le restaurant stalactite dans le style art d\u00e9co Triton avec l&rsquo;ameublement&#8230;<\/p>\n","protected":false},"author":3,"featured_media":76770,"parent":283,"menu_order":0,"comment_status":"closed","ping_status":"closed","template":"","meta":{"footnotes":""},"class_list":["post-291","page","type-page","status-publish","has-post-thumbnail","hentry"],"yoast_head":"<!-- This site is optimized with the Yoast SEO plugin v26.9 - https:\/\/yoast.com\/product\/yoast-seo-wordpress\/ -->\n<title>H\u00e9bergement \u00a0-\u00a0Tournoi de football Prague&#039;s Barrel<\/title>\n<meta name=\"description\" content=\"Les organisateurs du tournoi international de football amateur choisissent un ensemble d&#039;h\u00f4tels confortables pour votre s\u00e9jour.\" \/>\n<meta name=\"robots\" content=\"index, follow, max-snippet:-1, max-image-preview:large, max-video-preview:-1\" \/>\n<link rel=\"canonical\" href=\"https:\/\/football.praguesbarrel.eu\/fr\/prix\/hebergement\/\" \/>\n<meta property=\"og:locale\" content=\"fr_FR\" \/>\n<meta property=\"og:type\" content=\"article\" \/>\n<meta property=\"og:title\" content=\"H\u00e9bergement \u00a0-\u00a0Tournoi de football Prague&#039;s Barrel\" \/>\n<meta property=\"og:description\" content=\"Les organisateurs du tournoi international de football amateur choisissent un ensemble d&#039;h\u00f4tels confortables pour votre s\u00e9jour.\" \/>\n<meta property=\"og:url\" content=\"https:\/\/football.praguesbarrel.eu\/fr\/prix\/hebergement\/\" \/>\n<meta property=\"og:site_name\" content=\"Prague&#039;s Barrel\" \/>\n<meta property=\"article:publisher\" content=\"https:\/\/www.facebook.com\/PraguesBarrelTournaments\" \/>\n<meta property=\"article:modified_time\" content=\"2025-10-14T17:48:57+00:00\" \/>\n<meta property=\"og:image\" content=\"https:\/\/football.praguesbarrel.eu\/y0OH9L\/uploads\/2025\/02\/dsc_6778ii.jpg\" \/>\n\t<meta property=\"og:image:width\" content=\"1300\" \/>\n\t<meta property=\"og:image:height\" content=\"868\" \/>\n\t<meta property=\"og:image:type\" content=\"image\/jpeg\" \/>\n<meta name=\"twitter:label1\" content=\"Dur\u00e9e de lecture estim\u00e9e\" \/>\n\t<meta name=\"twitter:data1\" content=\"4 minutes\" \/>\n<script type=\"application\/ld+json\" class=\"yoast-schema-graph\">{\"@context\":\"https:\/\/schema.org\",\"@graph\":[{\"@type\":\"WebPage\",\"@id\":\"https:\/\/football.praguesbarrel.eu\/fr\/prix\/hebergement\/\",\"url\":\"https:\/\/football.praguesbarrel.eu\/fr\/prix\/hebergement\/\",\"name\":\"H\u00e9bergement \u00a0-\u00a0Tournoi de football Prague's Barrel\",\"isPartOf\":{\"@id\":\"https:\/\/football.praguesbarrel.eu\/#website\"},\"primaryImageOfPage\":{\"@id\":\"https:\/\/football.praguesbarrel.eu\/fr\/prix\/hebergement\/#primaryimage\"},\"image\":{\"@id\":\"https:\/\/football.praguesbarrel.eu\/fr\/prix\/hebergement\/#primaryimage\"},\"thumbnailUrl\":\"https:\/\/football.praguesbarrel.eu\/y0OH9L\/uploads\/2025\/02\/dsc_6778ii.jpg\",\"datePublished\":\"2014-10-14T18:40:34+00:00\",\"dateModified\":\"2025-10-14T17:48:57+00:00\",\"description\":\"Les organisateurs du tournoi international de football amateur choisissent un ensemble d'h\u00f4tels confortables pour votre s\u00e9jour.\",\"breadcrumb\":{\"@id\":\"https:\/\/football.praguesbarrel.eu\/fr\/prix\/hebergement\/#breadcrumb\"},\"inLanguage\":\"fr-FR\",\"potentialAction\":[{\"@type\":\"ReadAction\",\"target\":[\"https:\/\/football.praguesbarrel.eu\/fr\/prix\/hebergement\/\"]}]},{\"@type\":\"ImageObject\",\"inLanguage\":\"fr-FR\",\"@id\":\"https:\/\/football.praguesbarrel.eu\/fr\/prix\/hebergement\/#primaryimage\",\"url\":\"https:\/\/football.praguesbarrel.eu\/y0OH9L\/uploads\/2025\/02\/dsc_6778ii.jpg\",\"contentUrl\":\"https:\/\/football.praguesbarrel.eu\/y0OH9L\/uploads\/2025\/02\/dsc_6778ii.jpg\",\"width\":1300,\"height\":868},{\"@type\":\"BreadcrumbList\",\"@id\":\"https:\/\/football.praguesbarrel.eu\/fr\/prix\/hebergement\/#breadcrumb\",\"itemListElement\":[{\"@type\":\"ListItem\",\"position\":1,\"name\":\"Home\",\"item\":\"https:\/\/football.praguesbarrel.eu\/fr\/\"},{\"@type\":\"ListItem\",\"position\":2,\"name\":\"Prix\",\"item\":\"https:\/\/football.praguesbarrel.eu\/fr\/prix\/\"},{\"@type\":\"ListItem\",\"position\":3,\"name\":\"H\u00e9bergement\"}]},{\"@type\":\"WebSite\",\"@id\":\"https:\/\/football.praguesbarrel.eu\/#website\",\"url\":\"https:\/\/football.praguesbarrel.eu\/\",\"name\":\"Prague&#039;s Barrel\",\"description\":\"Football Tournament\",\"potentialAction\":[{\"@type\":\"SearchAction\",\"target\":{\"@type\":\"EntryPoint\",\"urlTemplate\":\"https:\/\/football.praguesbarrel.eu\/?s={search_term_string}\"},\"query-input\":{\"@type\":\"PropertyValueSpecification\",\"valueRequired\":true,\"valueName\":\"search_term_string\"}}],\"inLanguage\":\"fr-FR\"}]}<\/script>\n<!-- \/ Yoast SEO plugin. -->","yoast_head_json":{"title":"H\u00e9bergement \u00a0-\u00a0Tournoi de football Prague's Barrel","description":"Les organisateurs du tournoi international de football amateur choisissent un ensemble d'h\u00f4tels confortables pour votre s\u00e9jour.","robots":{"index":"index","follow":"follow","max-snippet":"max-snippet:-1","max-image-preview":"max-image-preview:large","max-video-preview":"max-video-preview:-1"},"canonical":"https:\/\/football.praguesbarrel.eu\/fr\/prix\/hebergement\/","og_locale":"fr_FR","og_type":"article","og_title":"H\u00e9bergement \u00a0-\u00a0Tournoi de football Prague's Barrel","og_description":"Les organisateurs du tournoi international de football amateur choisissent un ensemble d'h\u00f4tels confortables pour votre s\u00e9jour.","og_url":"https:\/\/football.praguesbarrel.eu\/fr\/prix\/hebergement\/","og_site_name":"Prague&#039;s Barrel","article_publisher":"https:\/\/www.facebook.com\/PraguesBarrelTournaments","article_modified_time":"2025-10-14T17:48:57+00:00","og_image":[{"width":1300,"height":868,"url":"https:\/\/football.praguesbarrel.eu\/y0OH9L\/uploads\/2025\/02\/dsc_6778ii.jpg","type":"image\/jpeg"}],"twitter_misc":{"Dur\u00e9e de lecture estim\u00e9e":"4 minutes"},"schema":{"@context":"https:\/\/schema.org","@graph":[{"@type":"WebPage","@id":"https:\/\/football.praguesbarrel.eu\/fr\/prix\/hebergement\/","url":"https:\/\/football.praguesbarrel.eu\/fr\/prix\/hebergement\/","name":"H\u00e9bergement \u00a0-\u00a0Tournoi de football Prague's Barrel","isPartOf":{"@id":"https:\/\/football.praguesbarrel.eu\/#website"},"primaryImageOfPage":{"@id":"https:\/\/football.praguesbarrel.eu\/fr\/prix\/hebergement\/#primaryimage"},"image":{"@id":"https:\/\/football.praguesbarrel.eu\/fr\/prix\/hebergement\/#primaryimage"},"thumbnailUrl":"https:\/\/football.praguesbarrel.eu\/y0OH9L\/uploads\/2025\/02\/dsc_6778ii.jpg","datePublished":"2014-10-14T18:40:34+00:00","dateModified":"2025-10-14T17:48:57+00:00","description":"Les organisateurs du tournoi international de football amateur choisissent un ensemble d'h\u00f4tels confortables pour votre s\u00e9jour.","breadcrumb":{"@id":"https:\/\/football.praguesbarrel.eu\/fr\/prix\/hebergement\/#breadcrumb"},"inLanguage":"fr-FR","potentialAction":[{"@type":"ReadAction","target":["https:\/\/football.praguesbarrel.eu\/fr\/prix\/hebergement\/"]}]},{"@type":"ImageObject","inLanguage":"fr-FR","@id":"https:\/\/football.praguesbarrel.eu\/fr\/prix\/hebergement\/#primaryimage","url":"https:\/\/football.praguesbarrel.eu\/y0OH9L\/uploads\/2025\/02\/dsc_6778ii.jpg","contentUrl":"https:\/\/football.praguesbarrel.eu\/y0OH9L\/uploads\/2025\/02\/dsc_6778ii.jpg","width":1300,"height":868},{"@type":"BreadcrumbList","@id":"https:\/\/football.praguesbarrel.eu\/fr\/prix\/hebergement\/#breadcrumb","itemListElement":[{"@type":"ListItem","position":1,"name":"Home","item":"https:\/\/football.praguesbarrel.eu\/fr\/"},{"@type":"ListItem","position":2,"name":"Prix","item":"https:\/\/football.praguesbarrel.eu\/fr\/prix\/"},{"@type":"ListItem","position":3,"name":"H\u00e9bergement"}]},{"@type":"WebSite","@id":"https:\/\/football.praguesbarrel.eu\/#website","url":"https:\/\/football.praguesbarrel.eu\/","name":"Prague&#039;s Barrel","description":"Football Tournament","potentialAction":[{"@type":"SearchAction","target":{"@type":"EntryPoint","urlTemplate":"https:\/\/football.praguesbarrel.eu\/?s={search_term_string}"},"query-input":{"@type":"PropertyValueSpecification","valueRequired":true,"valueName":"search_term_string"}}],"inLanguage":"fr-FR"}]}},"_links":{"self":[{"href":"https:\/\/football.praguesbarrel.eu\/fr\/wp-json\/wp\/v2\/pages\/291","targetHints":{"allow":["GET"]}}],"collection":[{"href":"https:\/\/football.praguesbarrel.eu\/fr\/wp-json\/wp\/v2\/pages"}],"about":[{"href":"https:\/\/football.praguesbarrel.eu\/fr\/wp-json\/wp\/v2\/types\/page"}],"author":[{"embeddable":true,"href":"https:\/\/football.praguesbarrel.eu\/fr\/wp-json\/wp\/v2\/users\/3"}],"replies":[{"embeddable":true,"href":"https:\/\/football.praguesbarrel.eu\/fr\/wp-json\/wp\/v2\/comments?post=291"}],"version-history":[{"count":62,"href":"https:\/\/football.praguesbarrel.eu\/fr\/wp-json\/wp\/v2\/pages\/291\/revisions"}],"predecessor-version":[{"id":77335,"href":"https:\/\/football.praguesbarrel.eu\/fr\/wp-json\/wp\/v2\/pages\/291\/revisions\/77335"}],"up":[{"embeddable":true,"href":"https:\/\/football.praguesbarrel.eu\/fr\/wp-json\/wp\/v2\/pages\/283"}],"wp:featuredmedia":[{"embeddable":true,"href":"https:\/\/football.praguesbarrel.eu\/fr\/wp-json\/wp\/v2\/media\/76770"}],"wp:attachment":[{"href":"https:\/\/football.praguesbarrel.eu\/fr\/wp-json\/wp\/v2\/media?parent=291"}],"curies":[{"name":"wp","href":"https:\/\/api.w.org\/{rel}","templated":true}]}}