{"id":196,"date":"2014-10-13T17:06:34","date_gmt":"2014-10-13T16:06:34","guid":{"rendered":"http:\/\/praguesbarrel.eu\/?page_id=196"},"modified":"2025-10-13T09:46:53","modified_gmt":"2025-10-13T08:46:53","slug":"hockey-tournament-pragues-barrel","status":"publish","type":"page","link":"https:\/\/football.praguesbarrel.eu\/fr\/","title":{"rendered":"Tournoi de football \u00abPrague&rsquo;s Barrel\u00bb 2026"},"content":{"rendered":"<p>Prague&rsquo;s Barrel est un tournoi international amical de football pour les joueurs amateurs de tous les niveaux. Nous serons heureux de bienvenue \u00e0 tous les joueurs de football de loisirs qui sont pr\u00eats \u00e0 passer un excellent week-end plein d\u2019amusement et de la bi\u00e8re dans le c\u0153ur de l\u2019Europe. <strong>Bi\u00e8re gratuite \u00absans fond\u00bb<\/strong>\u00a0<strong>et \u00e0 volont\u00e9<\/strong> pendant toutes les activit\u00e9s officielles du tournoi.<\/p>\n<ul>\n<li><strong>18-21 juin 2026 | 25-28 juin 2026 | 27-30 ao\u00fbt 2026<\/strong><\/li>\n<\/ul>\n<p><a href=\"https:\/\/football.praguesbarrel.eu\/ppt\/\">D\u00e9couvrez ce qui vous attend lors du tournoi \u2013 voyez le programme complet des 4 jours !<\/a><\/p>\n<p>Pr\u00e9parez votre sac, invitez vos amis et pr\u00e9parez-vous \u00e0 passer un week-end inoubliable !<\/p>\n<div class=\"button-row\">\n<p><a class=\"btn\" href=\"https:\/\/football.praguesbarrel.eu\/registration\/\">Inscrivez votre \u00e9quipe<\/a><\/p>\n<p><a class=\"btn btn-inverted\" href=\"https:\/\/youtu.be\/euAT4L8QghI\">Vid\u00e9o<\/a><\/p>\n<p><a class=\"btn btn-inverted\" href=\"https:\/\/football.praguesbarrel.eu\/fr\/enrolled-teams\/\">Les \u00e9quipes inscrites<\/a><\/p>\n<\/div>\n","protected":false},"excerpt":{"rendered":"<p>Prague&rsquo;s Barrel est un tournoi international amical de football pour les joueurs amateurs de tous les niveaux. Nous serons heureux de bienvenue \u00e0 tous les joueurs de football de loisirs qui sont pr\u00eats \u00e0 passer un excellent week-end plein d\u2019amusement et de la bi\u00e8re dans le c\u0153ur de l\u2019Europe. Bi\u00e8re gratuite \u00absans fond\u00bb\u00a0et \u00e0 volont\u00e9&#8230;<\/p>\n","protected":false},"author":4,"featured_media":75739,"parent":0,"menu_order":0,"comment_status":"closed","ping_status":"closed","template":"templates\/homepage.php","meta":{"footnotes":""},"class_list":["post-196","page","type-page","status-publish","has-post-thumbnail","hentry"],"yoast_head":"<!-- This site is optimized with the Yoast SEO plugin v26.9 - https:\/\/yoast.com\/product\/yoast-seo-wordpress\/ -->\n<title>Tournoi de football amateur Prague&#039;s Barrel<\/title>\n<meta name=\"description\" content=\"Prague&#039;s Barrel est un tournoi de football international amical pour les amateurs de tous les niveaux. Bi\u00e8re gratuite \u00bbsans fond\u00ab.\" \/>\n<meta name=\"robots\" content=\"index, follow, max-snippet:-1, max-image-preview:large, max-video-preview:-1\" \/>\n<link rel=\"canonical\" href=\"https:\/\/football.praguesbarrel.eu\/fr\/\" \/>\n<meta property=\"og:locale\" content=\"fr_FR\" \/>\n<meta property=\"og:type\" content=\"article\" \/>\n<meta property=\"og:title\" content=\"Tournoi de football amateur Prague&#039;s Barrel\" \/>\n<meta property=\"og:description\" content=\"Prague&#039;s Barrel est un tournoi de football international amical pour les amateurs de tous les niveaux. Bi\u00e8re gratuite \u00bbsans fond\u00ab.\" \/>\n<meta property=\"og:url\" content=\"https:\/\/football.praguesbarrel.eu\/fr\/\" \/>\n<meta property=\"og:site_name\" content=\"Prague&#039;s Barrel\" \/>\n<meta property=\"article:publisher\" content=\"https:\/\/www.facebook.com\/PraguesBarrelTournaments\" \/>\n<meta property=\"article:modified_time\" content=\"2025-10-13T08:46:53+00:00\" \/>\n<meta property=\"og:image\" content=\"https:\/\/football.praguesbarrel.eu\/y0OH9L\/uploads\/2023\/11\/fotbal.jpeg\" \/>\n\t<meta property=\"og:image:width\" content=\"1832\" \/>\n\t<meta property=\"og:image:height\" content=\"1224\" \/>\n\t<meta property=\"og:image:type\" content=\"image\/jpeg\" \/>\n<meta name=\"twitter:label1\" content=\"Dur\u00e9e de lecture estim\u00e9e\" \/>\n\t<meta name=\"twitter:data1\" content=\"1 minute\" \/>\n<script type=\"application\/ld+json\" class=\"yoast-schema-graph\">{\"@context\":\"https:\/\/schema.org\",\"@graph\":[{\"@type\":\"WebPage\",\"@id\":\"https:\/\/football.praguesbarrel.eu\/fr\/\",\"url\":\"https:\/\/football.praguesbarrel.eu\/fr\/\",\"name\":\"Tournoi de football amateur Prague's Barrel\",\"isPartOf\":{\"@id\":\"https:\/\/football.praguesbarrel.eu\/#website\"},\"primaryImageOfPage\":{\"@id\":\"https:\/\/football.praguesbarrel.eu\/fr\/#primaryimage\"},\"image\":{\"@id\":\"https:\/\/football.praguesbarrel.eu\/fr\/#primaryimage\"},\"thumbnailUrl\":\"https:\/\/football.praguesbarrel.eu\/y0OH9L\/uploads\/2023\/11\/fotbal.jpeg\",\"datePublished\":\"2014-10-13T16:06:34+00:00\",\"dateModified\":\"2025-10-13T08:46:53+00:00\",\"description\":\"Prague's Barrel est un tournoi de football international amical pour les amateurs de tous les niveaux. Bi\u00e8re gratuite \u00bbsans fond\u00ab.\",\"breadcrumb\":{\"@id\":\"https:\/\/football.praguesbarrel.eu\/fr\/#breadcrumb\"},\"inLanguage\":\"fr-FR\",\"potentialAction\":[{\"@type\":\"ReadAction\",\"target\":[\"https:\/\/football.praguesbarrel.eu\/fr\/\"]}]},{\"@type\":\"ImageObject\",\"inLanguage\":\"fr-FR\",\"@id\":\"https:\/\/football.praguesbarrel.eu\/fr\/#primaryimage\",\"url\":\"https:\/\/football.praguesbarrel.eu\/y0OH9L\/uploads\/2023\/11\/fotbal.jpeg\",\"contentUrl\":\"https:\/\/football.praguesbarrel.eu\/y0OH9L\/uploads\/2023\/11\/fotbal.jpeg\",\"width\":1832,\"height\":1224},{\"@type\":\"BreadcrumbList\",\"@id\":\"https:\/\/football.praguesbarrel.eu\/fr\/#breadcrumb\",\"itemListElement\":[{\"@type\":\"ListItem\",\"position\":1,\"name\":\"Home\",\"item\":\"https:\/\/football.praguesbarrel.eu\/fr\/\"},{\"@type\":\"ListItem\",\"position\":2,\"name\":\"Tournoi de football \u00abPrague&#8217;s Barrel\u00bb 2026\"}]},{\"@type\":\"WebSite\",\"@id\":\"https:\/\/football.praguesbarrel.eu\/#website\",\"url\":\"https:\/\/football.praguesbarrel.eu\/\",\"name\":\"Prague&#039;s Barrel\",\"description\":\"Football Tournament\",\"potentialAction\":[{\"@type\":\"SearchAction\",\"target\":{\"@type\":\"EntryPoint\",\"urlTemplate\":\"https:\/\/football.praguesbarrel.eu\/?s={search_term_string}\"},\"query-input\":{\"@type\":\"PropertyValueSpecification\",\"valueRequired\":true,\"valueName\":\"search_term_string\"}}],\"inLanguage\":\"fr-FR\"}]}<\/script>\n<!-- \/ Yoast SEO plugin. -->","yoast_head_json":{"title":"Tournoi de football amateur Prague's Barrel","description":"Prague's Barrel est un tournoi de football international amical pour les amateurs de tous les niveaux. Bi\u00e8re gratuite \u00bbsans fond\u00ab.","robots":{"index":"index","follow":"follow","max-snippet":"max-snippet:-1","max-image-preview":"max-image-preview:large","max-video-preview":"max-video-preview:-1"},"canonical":"https:\/\/football.praguesbarrel.eu\/fr\/","og_locale":"fr_FR","og_type":"article","og_title":"Tournoi de football amateur Prague's Barrel","og_description":"Prague's Barrel est un tournoi de football international amical pour les amateurs de tous les niveaux. Bi\u00e8re gratuite \u00bbsans fond\u00ab.","og_url":"https:\/\/football.praguesbarrel.eu\/fr\/","og_site_name":"Prague&#039;s Barrel","article_publisher":"https:\/\/www.facebook.com\/PraguesBarrelTournaments","article_modified_time":"2025-10-13T08:46:53+00:00","og_image":[{"width":1832,"height":1224,"url":"https:\/\/football.praguesbarrel.eu\/y0OH9L\/uploads\/2023\/11\/fotbal.jpeg","type":"image\/jpeg"}],"twitter_misc":{"Dur\u00e9e de lecture estim\u00e9e":"1 minute"},"schema":{"@context":"https:\/\/schema.org","@graph":[{"@type":"WebPage","@id":"https:\/\/football.praguesbarrel.eu\/fr\/","url":"https:\/\/football.praguesbarrel.eu\/fr\/","name":"Tournoi de football amateur Prague's Barrel","isPartOf":{"@id":"https:\/\/football.praguesbarrel.eu\/#website"},"primaryImageOfPage":{"@id":"https:\/\/football.praguesbarrel.eu\/fr\/#primaryimage"},"image":{"@id":"https:\/\/football.praguesbarrel.eu\/fr\/#primaryimage"},"thumbnailUrl":"https:\/\/football.praguesbarrel.eu\/y0OH9L\/uploads\/2023\/11\/fotbal.jpeg","datePublished":"2014-10-13T16:06:34+00:00","dateModified":"2025-10-13T08:46:53+00:00","description":"Prague's Barrel est un tournoi de football international amical pour les amateurs de tous les niveaux. Bi\u00e8re gratuite \u00bbsans fond\u00ab.","breadcrumb":{"@id":"https:\/\/football.praguesbarrel.eu\/fr\/#breadcrumb"},"inLanguage":"fr-FR","potentialAction":[{"@type":"ReadAction","target":["https:\/\/football.praguesbarrel.eu\/fr\/"]}]},{"@type":"ImageObject","inLanguage":"fr-FR","@id":"https:\/\/football.praguesbarrel.eu\/fr\/#primaryimage","url":"https:\/\/football.praguesbarrel.eu\/y0OH9L\/uploads\/2023\/11\/fotbal.jpeg","contentUrl":"https:\/\/football.praguesbarrel.eu\/y0OH9L\/uploads\/2023\/11\/fotbal.jpeg","width":1832,"height":1224},{"@type":"BreadcrumbList","@id":"https:\/\/football.praguesbarrel.eu\/fr\/#breadcrumb","itemListElement":[{"@type":"ListItem","position":1,"name":"Home","item":"https:\/\/football.praguesbarrel.eu\/fr\/"},{"@type":"ListItem","position":2,"name":"Tournoi de football \u00abPrague&#8217;s Barrel\u00bb 2026"}]},{"@type":"WebSite","@id":"https:\/\/football.praguesbarrel.eu\/#website","url":"https:\/\/football.praguesbarrel.eu\/","name":"Prague&#039;s Barrel","description":"Football Tournament","potentialAction":[{"@type":"SearchAction","target":{"@type":"EntryPoint","urlTemplate":"https:\/\/football.praguesbarrel.eu\/?s={search_term_string}"},"query-input":{"@type":"PropertyValueSpecification","valueRequired":true,"valueName":"search_term_string"}}],"inLanguage":"fr-FR"}]}},"_links":{"self":[{"href":"https:\/\/football.praguesbarrel.eu\/fr\/wp-json\/wp\/v2\/pages\/196","targetHints":{"allow":["GET"]}}],"collection":[{"href":"https:\/\/football.praguesbarrel.eu\/fr\/wp-json\/wp\/v2\/pages"}],"about":[{"href":"https:\/\/football.praguesbarrel.eu\/fr\/wp-json\/wp\/v2\/types\/page"}],"author":[{"embeddable":true,"href":"https:\/\/football.praguesbarrel.eu\/fr\/wp-json\/wp\/v2\/users\/4"}],"replies":[{"embeddable":true,"href":"https:\/\/football.praguesbarrel.eu\/fr\/wp-json\/wp\/v2\/comments?post=196"}],"version-history":[{"count":67,"href":"https:\/\/football.praguesbarrel.eu\/fr\/wp-json\/wp\/v2\/pages\/196\/revisions"}],"predecessor-version":[{"id":77312,"href":"https:\/\/football.praguesbarrel.eu\/fr\/wp-json\/wp\/v2\/pages\/196\/revisions\/77312"}],"wp:featuredmedia":[{"embeddable":true,"href":"https:\/\/football.praguesbarrel.eu\/fr\/wp-json\/wp\/v2\/media\/75739"}],"wp:attachment":[{"href":"https:\/\/football.praguesbarrel.eu\/fr\/wp-json\/wp\/v2\/media?parent=196"}],"curies":[{"name":"wp","href":"https:\/\/api.w.org\/{rel}","templated":true}]}}