{"id":77617,"date":"2026-01-07T22:24:56","date_gmt":"2026-01-07T21:24:56","guid":{"rendered":"https:\/\/football.praguesbarrel.eu\/?page_id=77617"},"modified":"2026-01-07T22:24:56","modified_gmt":"2026-01-07T21:24:56","slug":"turnier","status":"publish","type":"page","link":"https:\/\/football.praguesbarrel.eu\/de\/turnier\/","title":{"rendered":"Turnier"},"content":{"rendered":"<p>Prague&#8217;s Barrel ist ein internationales <strong>Fu\u00dfballturnier f\u00fcr Amateure und Hobbyteams<\/strong>, die vier unvergessliche Tage voller Sport, Freundschaft und Spa\u00df in Prag verbringen m\u00f6chten. Egal, ob Ihre Mannschaft aus Wochenendkriegern oder aus Freunden besteht, die zum ersten Mal die Fu\u00dfballschuhe schn\u00fcren \u2013 Sie sind hier herzlich willkommen. Unser Paket umfasst Unterkunft, Transfers vor Ort, Vollpension, Turnierteilnahme und <strong>unbegrenztes Bier vom Fass<\/strong> bei allen offiziellen Veranstaltungen. Mit mehr als 30 Jahren Erfahrung (<a href=\"https:\/\/football.praguesbarrel.eu\/de\/results\/\">siehe alle Ergebnisse<\/a>) k\u00fcmmern wir uns um die Logistik, damit Sie sich auf gro\u00dfartige Spiele und unvergessliche Erinnerungen konzentrieren k\u00f6nnen<\/p>\n<h2>Warum Teams sich f\u00fcr Prague&#8217;s Barrel entscheiden<\/h2>\n<ul>\n<li><strong>Perfekt f\u00fcr Amateur- und Hobbyteams:<\/strong> inklusives Format, freundliche Atmosph\u00e4re, Fairplay an erster Stelle.<\/li>\n<li><strong>Prag ist wundersch\u00f6n und leicht zu erreichen:<\/strong> tags\u00fcber spielen und abends die Stadt erkunden.<\/li>\n<li><strong>Wir k\u00fcmmern uns um alles:<\/strong> Unterkunft, Verpflegung, Transfers und Betreuung vor Ort.<\/li>\n<li><strong>Unbegrenztes Bier und Rahmenprogramm:<\/strong> Abendessen in einem typisch tschechischen Restaurant, Abendessen auf einem Boot, Partys und Zeit f\u00fcr Besichtigungen.<\/li>\n<li><strong>Jahrzehntelange Erfahrung:<\/strong> vertrauensw\u00fcrdige Organisatoren, reibungslose Abl\u00e4ufe, Teams, die jedes Jahr wiederkommen.<\/li>\n<\/ul>\n<h2>Wer sollte mitmachen?<\/h2>\n<p>Jede <strong>Amateurfu\u00dfballmannschaft<\/strong>, die ein gut organisiertes, geselliges und bierfreundliches Turnier im Herzen Europas sucht. Wir empfehlen Mannschaften mit 12 Spielern; die Mindestanzahl betr\u00e4gt 10. Die Hauptkategorie ist <strong>7er-Fu\u00dfball<\/strong> mit der M\u00f6glichkeit, eine Kategorie 35+ zu er\u00f6ffnen.<\/p>\n<p>Sie z\u00f6gern noch? Werfen Sie einen <a href=\"https:\/\/football.praguesbarrel.eu\/de\/enrolled-teams\/\">Blick auf die Teams<\/a>, die sich bereits angemeldet haben, und schlie\u00dfen Sie sich der gro\u00dfartigen Gemeinschaft der Teilnehmer des Prager Barrel Football Tournaments an.<\/p>\n<div class=\"ytvideo-wrapper\"><iframe title=\"YouTube video player\" src=\"https:\/\/www.youtube.com\/embed\/euAT4L8QghI?si=g8L2SIdHy-Jk4ZSE\" frameborder=\"0\" allowfullscreen=\"allowfullscreen\"><span data-mce-type=\"bookmark\" style=\"display: inline-block; width: 0px; overflow: hidden; line-height: 0;\" class=\"mce_SELRES_start\">\ufeff<\/span><\/iframe><\/div>\n<section class=\"overview\">\n<h2>Sehen Sie, wie das Turnier verl\u00e4uft<\/h2>\n<p><a href=\"https:\/\/football.praguesbarrel.eu\/y0OH9L\/uploads\/2024\/08\/Experience_fotbal_prezentace_compressed.pdf\"><img loading=\"lazy\" decoding=\"async\" class=\"alignnone size-full wp-image-76128\" src=\"https:\/\/football.praguesbarrel.eu\/y0OH9L\/uploads\/2024\/03\/Experience_prezentace.gif\" alt=\"\" width=\"1152\" height=\"648\" \/><\/a><\/p>\n<p>Wisst ihr, dass wir mehr als<strong> 30\u00a0jahre Erfahrung mit der Organisation der Turniere<\/strong> haben? Und in der Zwischenzeit hatten wir das Privileg, mehr als 300 Mannschaften\u00a0<span style=\"font-weight: 400;\">(viele davon mehrmals) in Prag willkommen zu hei\u00dfen<\/span>? Werde einer von ihnen und <a href=\"https:\/\/football.praguesbarrel.eu\/de\/registrierung\/\">melde deine Mannschaft an<\/a>!<\/p>\n<div class=\"ytvideo-wrapper\"><iframe loading=\"lazy\" src=\"https:\/\/www.google.com\/maps\/d\/u\/0\/embed?mid=1fzXWY2bDJGbyXMPOxVp4WAH80a8\" width=\"640\" height=\"480\"><\/iframe><\/div>\n<style>#sp-ea-77555 .spcollapsing { height: 0; overflow: hidden; transition-property: height;transition-duration: 300ms;}#sp-ea-77555.sp-easy-accordion>.sp-ea-single {margin-bottom: 10px; border: 1px solid #e2e2e2; }#sp-ea-77555.sp-easy-accordion>.sp-ea-single>.ea-header a {color: #444;}#sp-ea-77555.sp-easy-accordion>.sp-ea-single>.sp-collapse>.ea-body {background: #fff; color: #444;}#sp-ea-77555.sp-easy-accordion>.sp-ea-single {background: #eee;}#sp-ea-77555.sp-easy-accordion>.sp-ea-single>.ea-header a .ea-expand-icon { float: left; color: #444;font-size: 16px;}<\/style><div id=\"sp_easy_accordion-1765394627\"><div id=\"sp-ea-77555\" class=\"sp-ea-one sp-easy-accordion\" data-ea-active=\"ea-click\" data-ea-mode=\"vertical\" data-preloader=\"\" data-scroll-active-item=\"\" data-offset-to-scroll=\"0\"><div class=\"ea-card ea-expand sp-ea-single\"><h3 class=\"ea-header\"><a class=\"collapsed\" id=\"ea-header-775550\" role=\"button\" data-sptoggle=\"spcollapse\" data-sptarget=\"#collapse775550\" aria-controls=\"collapse775550\" href=\"#\" aria-expanded=\"true\" tabindex=\"0\"><i aria-hidden=\"true\" role=\"presentation\" class=\"ea-expand-icon eap-icon-ea-expand-minus\"><\/i> Fu\u00dfballplatz<\/a><\/h3><div class=\"sp-collapse spcollapse collapsed show\" id=\"collapse775550\" data-parent=\"#sp-ea-77555\" role=\"region\" aria-labelledby=\"ea-header-775550\"> <div class=\"ea-body\"><h2 style=\"text-align: left\"><strong>Fu\u00dfballplatz ABC BRAN\u00cdK PRAHA<\/strong><\/h2><p style=\"text-align: left\"><strong>Adresse des Areals: ABC Bran\u00edk, Za Ml\u00fdnem 1774, Prag 4 - Bran\u00edk, 140 00<\/strong><\/p><p>Der Sportkomplex ABC Bran\u00edk ist der perfekte Austragungsort f\u00fcr das Prager Barrel. Dank seiner Gr\u00f6\u00dfe und der guten Erreichbarkeit von unseren Partnerhotels k\u00f6nnen wir hier bis zu <strong>32 Mannschaften an einem Ort versammeln<\/strong> \u2013 und so die echte \u201eBarrel\u201d-Atmosph\u00e4re voller Spa\u00df, Fu\u00dfball und Freundschaft schaffen.<\/p><p>Der Veranstaltungsort verf\u00fcgt \u00fcber <strong>drei Spielfelder in voller Gr\u00f6\u00dfe <\/strong>und Platz zum Entspannen zwischen den Spielen. Erfrischen Sie sich an einer der drei Erfrischungsstationen: Genie\u00dfen Sie den ganzen Tag \u00fcber <strong>kostenloses Bier vom Fass<\/strong> sowie Wasser und Obst von Ihrer Gastgeberin. Das Mittagessen wird im Restaurant direkt neben den Spielfeldern serviert.<\/p><h3>Einrichtungen &amp; Oberfl\u00e4chen<\/h3><ul><li><strong>Umkleider\u00e4ume &amp; Duschen<\/strong> sind den ganzen Tag \u00fcber verf\u00fcgbar.<\/li><li>Die Spielfelder sind mit den Nummern <strong>1\u20136 gekennzeichnet<\/strong> <strong>und alle mit Kunstrasen der dritten Generation<\/strong> (keine Metallstollen) ausgestattet.<\/li><li>W\u00e4hrend des gesamten Turniers ist <strong>Erste-Hilfe-Personal<\/strong> anwesend.<\/li><\/ul><\/div><\/div><\/div><div class=\"ea-card sp-ea-single\"><h3 class=\"ea-header\"><a class=\"collapsed\" id=\"ea-header-775551\" role=\"button\" data-sptoggle=\"spcollapse\" data-sptarget=\"#collapse775551\" aria-controls=\"collapse775551\" href=\"#\" aria-expanded=\"false\" tabindex=\"0\"><i aria-hidden=\"true\" role=\"presentation\" class=\"ea-expand-icon eap-icon-ea-expand-plus\"><\/i> Regeln<\/a><\/h3><div class=\"sp-collapse spcollapse \" id=\"collapse775551\" data-parent=\"#sp-ea-77555\" role=\"region\" aria-labelledby=\"ea-header-775551\"> <div class=\"ea-body\"><p>Prague\u2019s Barrel ist ein <strong>Amateur-Fu\u00dfballturnier<\/strong>, an dem begeisterte Spieler aus aller Welt teilnehmen k\u00f6nnen. Das Ziel ist nicht nur zu gewinnen, sondern auch Spa\u00df zu haben, eine positive Atmosph\u00e4re zu genie\u00dfen, neue Freunde zu finden und die Atmosph\u00e4re Prags zu genie\u00dfen. Um Fairness zu gew\u00e4hrleisten und die Gewinner zu kr\u00f6nen, befolgen wir klare<br \/>und einfache Regeln.<\/p><h2 style=\"text-align: justify\">Grundregeln (fu\u00dfball 7+1 \u2013 Herren):<\/h2><ul style=\"text-align: justify\"><li>das Turnier verl\u00e4uft nach g\u00fcltigen Fu\u00dfballgrundregeln der FIFA,<\/li><li>die Spielzeit ist 2x15 Minuten,<\/li><li>Kleinfeldtore (5x2 m)<\/li><li>das Spielfeld ist ca. 35x50 m,<\/li><li><span style=\"font-weight: 400\">die Zahl der Ersatzspieler und des Auswechselns sind nicht limitiert,<\/span><\/li><li>f\u00fcr einen Sieg im Gruppenmodus bekommt die Mannschaft 3 Punkte, f\u00fcr ein Unentschieden 1 Punkt, falls ein Unentschieden auch in den Play-Offs Zustande kommt, folgen je 3 Penaltys und danach immer nach einem Schuss,<\/li><li><span style=\"font-weight: 400\">der Schiedsrichter l\u00e4sst kein Auswechseln zu, wenn es mit der Absicht geschieht, das Spiel zu verz\u00f6gern<\/span>,<\/li><li>die Abseitsregel wird nicht angewendet,<\/li><li>auf den Kunstrasen ist es verboten, mit Metallstollen (geschraubten Fu\u00dfballschuhen) zu spielen,<\/li><li>alle Spiele, auch die auf einem Kunstrasen, werden mit einem Ball der Gr\u00f6\u00dfe 5 gespielt, der f\u00fcr Naturrasen bestimmt ist,<\/li><li>der Spieler, der 1 rote Karte oder 2 gelbe Karten in dem gleichen Spiel bekommt, ist f\u00fcr das n\u00e4chste Spiel ausgeschlossen,<\/li><li>es ist verboten, die Spielfelder zu besch\u00e4digen (Kippen, etc.),<\/li><li>jeder Spieler spielt auf eigene Gefahr \u2013 der Organisator leistet nur die erste Hilfe,<\/li><li>ein Spieler kann einer Mannschaft als Ausleihe aushelfen, wenn der Schiedsrichter und der Kapit\u00e4n der gegnerischen Mannschaft damit einverstanden sind, ansonsten spielt ein Spieler w\u00e4hrend des Turniers nur f\u00fcr seine Mannschaft,<\/li><li>wir respektieren die Grundregel: das <strong>FAIR PLAY<\/strong>.<\/li><\/ul><h2 style=\"text-align: justify\">Grundregeln (KATEGORIE 35+):<\/h2><ul style=\"text-align: justify\"><li>Fu\u00dfballturnier f\u00fcr 7er-Mannschaften (Regeln siehe unten).<\/li><li>Diese Kategorie ist nur offen, wenn mindestens 6 Teams angemeldet sind, andernfalls spielen die Teams in der \u00fcblichen offenen Kategorie.<\/li><li>Ein Spieler ist teilnahmeberechtigt, wenn er im Kalenderjahr des Wettbewerbs 35 Jahre alt wird (Jahrgang 1991 und \u00e4lter).<\/li><li>J\u00fcngere Spieler (Unter-Altersgrenze): Maximal 2 Spieler unter 35 Jahren sind im Kader der Mannschaft erlaubt.<br \/>Von diesen darf sich zu jedem Zeitpunkt des Spiels nur 1 j\u00fcngerer Spieler auf dem Spielfeld befinden.<\/li><li>Mannschaften, die gegen die Regel versto\u00dfen, mehr als 1 j\u00fcngeren Spieler auf dem Spielfeld zu haben, werden mit einer 3:0-Niederlage am gr\u00fcnen Tisch bestraft.<\/li><li>Ein Altersnachweis muss vor dem Turnier beim Veranstalter eingereicht werden.<\/li><\/ul><\/div><\/div><\/div><div class=\"ea-card sp-ea-single\"><h3 class=\"ea-header\"><a class=\"collapsed\" id=\"ea-header-775552\" role=\"button\" data-sptoggle=\"spcollapse\" data-sptarget=\"#collapse775552\" aria-controls=\"collapse775552\" href=\"#\" aria-expanded=\"false\" tabindex=\"0\"><i aria-hidden=\"true\" role=\"presentation\" class=\"ea-expand-icon eap-icon-ea-expand-plus\"><\/i> Spielsystem<\/a><\/h3><div class=\"sp-collapse spcollapse \" id=\"collapse775552\" data-parent=\"#sp-ea-77555\" role=\"region\" aria-labelledby=\"ea-header-775552\"> <div class=\"ea-body\"><p>Das Spielsystem und die Bedingungen der Qualifizierung aus dem Gruppenmodus f\u00fcr die Play-Offs, werden vor dem Beginn des Turniers festgelegt und zwar nach der Anzahl der angemeldeten Mannschaften. Im Allgemeinen spielt jede Mannschaft am ersten Tag mindestens 3 Spiele in den Gruppen. Am zweiten Tag spielt sie dann gem\u00e4\u00df ihrer Platzierung in den Play-Offs oder in den Gruppen um eine Endplatzierung.<\/p><p>Offizielle Regeln des Turniers sind die Regeln in englischer Sprache.<\/p><\/div><\/div><\/div><div class=\"ea-card sp-ea-single\"><h3 class=\"ea-header\"><a class=\"collapsed\" id=\"ea-header-775553\" role=\"button\" data-sptoggle=\"spcollapse\" data-sptarget=\"#collapse775553\" aria-controls=\"collapse775553\" href=\"#\" aria-expanded=\"false\" tabindex=\"0\"><i aria-hidden=\"true\" role=\"presentation\" class=\"ea-expand-icon eap-icon-ea-expand-plus\"><\/i> Programm<\/a><\/h3><div class=\"sp-collapse spcollapse \" id=\"collapse775553\" data-parent=\"#sp-ea-77555\" role=\"region\" aria-labelledby=\"ea-header-775553\"> <div class=\"ea-body\"><h2>Donnerstag<\/h2><ul><li>12:00 - 18:00Ankunft und Unternkunft<\/li><li>18:00 - 22:00 Abendessen in einem typischen tschechischen Restaurant<\/li><li>Freies Programm<\/li><\/ul><h2>Freitag<\/h2><ul><li>7:00 - 9:00 Fr\u00fchst\u00fcck im Hotel<\/li><li>8:15 - 9:15 Abfahrt zum Sportareal und Mittagessen<\/li><li>9:00 - 16:00 Sportprogramm (Mittagessen im Restaurant im Sportareal)<\/li><li>15:00 - 19:30 Freies Programm (Eink\u00e4ufe, Stadtbesichtigung)<\/li><li>19:30 - 22:00 Abendessen auf dem Dampfer w\u00e4hrend der Fahrt auf der Moldau durch das historische Zentrum\/Abendessen in einem Restaurant<\/li><li>Freies Programm<\/li><\/ul><h2>Samstag<\/h2><ul><li>7:00 - 9:00 Fr\u00fchst\u00fcck im Hotel<\/li><li>8:15 - 9:15 Abfahrt zum Sportareal<\/li><li>9:00 - 16:00 Sportprogramm (Mittagessen im Restaurant im Sportareal)<\/li><li>15:00 - 19:00 Freies Programm (Eink\u00e4ufe, Stadtbesichtigung)<\/li><li>19:30 Abschlussfeier mit der Siegerehrung, Abendessen und Musik<\/li><li>Freies Programm<\/li><\/ul><h2>Sonntag<\/h2><ul><li>7:00 - 10:00 Fr\u00fchst\u00fcck im Hotel<\/li><li>11:00 Freies Programm, Abfahrt<\/li><\/ul><\/div><\/div><\/div><\/div><\/div>\n<\/section>\n","protected":false},"excerpt":{"rendered":"<p>Prague&#8217;s Barrel ist ein internationales Fu\u00dfballturnier f\u00fcr Amateure und Hobbyteams, die vier unvergessliche Tage voller Sport, Freundschaft und Spa\u00df in Prag verbringen m\u00f6chten. Egal, ob Ihre Mannschaft aus Wochenendkriegern oder aus Freunden besteht, die zum ersten Mal die Fu\u00dfballschuhe schn\u00fcren \u2013 Sie sind hier herzlich willkommen. Unser Paket umfasst Unterkunft, Transfers vor Ort, Vollpension, Turnierteilnahme&#8230;<\/p>\n","protected":false},"author":3,"featured_media":75757,"parent":0,"menu_order":0,"comment_status":"closed","ping_status":"closed","template":"","meta":{"footnotes":""},"class_list":["post-77617","page","type-page","status-publish","has-post-thumbnail","hentry"],"yoast_head":"<!-- This site is optimized with the Yoast SEO plugin v26.9 - https:\/\/yoast.com\/product\/yoast-seo-wordpress\/ -->\n<title>Turnier - Prague&#039;s Barrel<\/title>\n<meta name=\"robots\" content=\"index, follow, max-snippet:-1, max-image-preview:large, max-video-preview:-1\" \/>\n<link rel=\"canonical\" href=\"https:\/\/football.praguesbarrel.eu\/de\/turnier\/\" \/>\n<meta property=\"og:locale\" content=\"de_DE\" \/>\n<meta property=\"og:type\" content=\"article\" \/>\n<meta property=\"og:title\" content=\"Turnier - Prague&#039;s Barrel\" \/>\n<meta property=\"og:description\" content=\"Prague&#8217;s Barrel ist ein internationales Fu\u00dfballturnier f\u00fcr Amateure und Hobbyteams, die vier unvergessliche Tage voller Sport, Freundschaft und Spa\u00df in Prag verbringen m\u00f6chten. Egal, ob Ihre Mannschaft aus Wochenendkriegern oder aus Freunden besteht, die zum ersten Mal die Fu\u00dfballschuhe schn\u00fcren \u2013 Sie sind hier herzlich willkommen. Unser Paket umfasst Unterkunft, Transfers vor Ort, Vollpension, Turnierteilnahme...\" \/>\n<meta property=\"og:url\" content=\"https:\/\/football.praguesbarrel.eu\/de\/turnier\/\" \/>\n<meta property=\"og:site_name\" content=\"Prague&#039;s Barrel\" \/>\n<meta property=\"article:publisher\" content=\"https:\/\/www.facebook.com\/PraguesBarrelTournaments\" \/>\n<meta property=\"og:image\" content=\"https:\/\/football.praguesbarrel.eu\/y0OH9L\/uploads\/2023\/11\/mice.jpeg\" \/>\n\t<meta property=\"og:image:width\" content=\"818\" \/>\n\t<meta property=\"og:image:height\" content=\"1224\" \/>\n\t<meta property=\"og:image:type\" content=\"image\/jpeg\" \/>\n<script type=\"application\/ld+json\" class=\"yoast-schema-graph\">{\"@context\":\"https:\/\/schema.org\",\"@graph\":[{\"@type\":\"WebPage\",\"@id\":\"https:\/\/football.praguesbarrel.eu\/de\/turnier\/\",\"url\":\"https:\/\/football.praguesbarrel.eu\/de\/turnier\/\",\"name\":\"Turnier - Prague&#039;s Barrel\",\"isPartOf\":{\"@id\":\"https:\/\/football.praguesbarrel.eu\/#website\"},\"primaryImageOfPage\":{\"@id\":\"https:\/\/football.praguesbarrel.eu\/de\/turnier\/#primaryimage\"},\"image\":{\"@id\":\"https:\/\/football.praguesbarrel.eu\/de\/turnier\/#primaryimage\"},\"thumbnailUrl\":\"https:\/\/football.praguesbarrel.eu\/y0OH9L\/uploads\/2023\/11\/mice.jpeg\",\"datePublished\":\"2026-01-07T21:24:56+00:00\",\"breadcrumb\":{\"@id\":\"https:\/\/football.praguesbarrel.eu\/de\/turnier\/#breadcrumb\"},\"inLanguage\":\"de\",\"potentialAction\":[{\"@type\":\"ReadAction\",\"target\":[\"https:\/\/football.praguesbarrel.eu\/de\/turnier\/\"]}]},{\"@type\":\"ImageObject\",\"inLanguage\":\"de\",\"@id\":\"https:\/\/football.praguesbarrel.eu\/de\/turnier\/#primaryimage\",\"url\":\"https:\/\/football.praguesbarrel.eu\/y0OH9L\/uploads\/2023\/11\/mice.jpeg\",\"contentUrl\":\"https:\/\/football.praguesbarrel.eu\/y0OH9L\/uploads\/2023\/11\/mice.jpeg\",\"width\":818,\"height\":1224},{\"@type\":\"BreadcrumbList\",\"@id\":\"https:\/\/football.praguesbarrel.eu\/de\/turnier\/#breadcrumb\",\"itemListElement\":[{\"@type\":\"ListItem\",\"position\":1,\"name\":\"Home\",\"item\":\"https:\/\/football.praguesbarrel.eu\/de\/\"},{\"@type\":\"ListItem\",\"position\":2,\"name\":\"Turnier\"}]},{\"@type\":\"WebSite\",\"@id\":\"https:\/\/football.praguesbarrel.eu\/#website\",\"url\":\"https:\/\/football.praguesbarrel.eu\/\",\"name\":\"Prague&#039;s Barrel\",\"description\":\"Football Tournament\",\"potentialAction\":[{\"@type\":\"SearchAction\",\"target\":{\"@type\":\"EntryPoint\",\"urlTemplate\":\"https:\/\/football.praguesbarrel.eu\/?s={search_term_string}\"},\"query-input\":{\"@type\":\"PropertyValueSpecification\",\"valueRequired\":true,\"valueName\":\"search_term_string\"}}],\"inLanguage\":\"de\"}]}<\/script>\n<!-- \/ Yoast SEO plugin. -->","yoast_head_json":{"title":"Turnier - Prague&#039;s Barrel","robots":{"index":"index","follow":"follow","max-snippet":"max-snippet:-1","max-image-preview":"max-image-preview:large","max-video-preview":"max-video-preview:-1"},"canonical":"https:\/\/football.praguesbarrel.eu\/de\/turnier\/","og_locale":"de_DE","og_type":"article","og_title":"Turnier - Prague&#039;s Barrel","og_description":"Prague&#8217;s Barrel ist ein internationales Fu\u00dfballturnier f\u00fcr Amateure und Hobbyteams, die vier unvergessliche Tage voller Sport, Freundschaft und Spa\u00df in Prag verbringen m\u00f6chten. Egal, ob Ihre Mannschaft aus Wochenendkriegern oder aus Freunden besteht, die zum ersten Mal die Fu\u00dfballschuhe schn\u00fcren \u2013 Sie sind hier herzlich willkommen. Unser Paket umfasst Unterkunft, Transfers vor Ort, Vollpension, Turnierteilnahme...","og_url":"https:\/\/football.praguesbarrel.eu\/de\/turnier\/","og_site_name":"Prague&#039;s Barrel","article_publisher":"https:\/\/www.facebook.com\/PraguesBarrelTournaments","og_image":[{"width":818,"height":1224,"url":"https:\/\/football.praguesbarrel.eu\/y0OH9L\/uploads\/2023\/11\/mice.jpeg","type":"image\/jpeg"}],"schema":{"@context":"https:\/\/schema.org","@graph":[{"@type":"WebPage","@id":"https:\/\/football.praguesbarrel.eu\/de\/turnier\/","url":"https:\/\/football.praguesbarrel.eu\/de\/turnier\/","name":"Turnier - Prague&#039;s Barrel","isPartOf":{"@id":"https:\/\/football.praguesbarrel.eu\/#website"},"primaryImageOfPage":{"@id":"https:\/\/football.praguesbarrel.eu\/de\/turnier\/#primaryimage"},"image":{"@id":"https:\/\/football.praguesbarrel.eu\/de\/turnier\/#primaryimage"},"thumbnailUrl":"https:\/\/football.praguesbarrel.eu\/y0OH9L\/uploads\/2023\/11\/mice.jpeg","datePublished":"2026-01-07T21:24:56+00:00","breadcrumb":{"@id":"https:\/\/football.praguesbarrel.eu\/de\/turnier\/#breadcrumb"},"inLanguage":"de","potentialAction":[{"@type":"ReadAction","target":["https:\/\/football.praguesbarrel.eu\/de\/turnier\/"]}]},{"@type":"ImageObject","inLanguage":"de","@id":"https:\/\/football.praguesbarrel.eu\/de\/turnier\/#primaryimage","url":"https:\/\/football.praguesbarrel.eu\/y0OH9L\/uploads\/2023\/11\/mice.jpeg","contentUrl":"https:\/\/football.praguesbarrel.eu\/y0OH9L\/uploads\/2023\/11\/mice.jpeg","width":818,"height":1224},{"@type":"BreadcrumbList","@id":"https:\/\/football.praguesbarrel.eu\/de\/turnier\/#breadcrumb","itemListElement":[{"@type":"ListItem","position":1,"name":"Home","item":"https:\/\/football.praguesbarrel.eu\/de\/"},{"@type":"ListItem","position":2,"name":"Turnier"}]},{"@type":"WebSite","@id":"https:\/\/football.praguesbarrel.eu\/#website","url":"https:\/\/football.praguesbarrel.eu\/","name":"Prague&#039;s Barrel","description":"Football Tournament","potentialAction":[{"@type":"SearchAction","target":{"@type":"EntryPoint","urlTemplate":"https:\/\/football.praguesbarrel.eu\/?s={search_term_string}"},"query-input":{"@type":"PropertyValueSpecification","valueRequired":true,"valueName":"search_term_string"}}],"inLanguage":"de"}]}},"_links":{"self":[{"href":"https:\/\/football.praguesbarrel.eu\/de\/wp-json\/wp\/v2\/pages\/77617","targetHints":{"allow":["GET"]}}],"collection":[{"href":"https:\/\/football.praguesbarrel.eu\/de\/wp-json\/wp\/v2\/pages"}],"about":[{"href":"https:\/\/football.praguesbarrel.eu\/de\/wp-json\/wp\/v2\/types\/page"}],"author":[{"embeddable":true,"href":"https:\/\/football.praguesbarrel.eu\/de\/wp-json\/wp\/v2\/users\/3"}],"replies":[{"embeddable":true,"href":"https:\/\/football.praguesbarrel.eu\/de\/wp-json\/wp\/v2\/comments?post=77617"}],"version-history":[{"count":1,"href":"https:\/\/football.praguesbarrel.eu\/de\/wp-json\/wp\/v2\/pages\/77617\/revisions"}],"predecessor-version":[{"id":77623,"href":"https:\/\/football.praguesbarrel.eu\/de\/wp-json\/wp\/v2\/pages\/77617\/revisions\/77623"}],"wp:featuredmedia":[{"embeddable":true,"href":"https:\/\/football.praguesbarrel.eu\/de\/wp-json\/wp\/v2\/media\/75757"}],"wp:attachment":[{"href":"https:\/\/football.praguesbarrel.eu\/de\/wp-json\/wp\/v2\/media?parent=77617"}],"curies":[{"name":"wp","href":"https:\/\/api.w.org\/{rel}","templated":true}]}}