{"id":250,"date":"2014-09-30T19:29:23","date_gmt":"2014-09-30T18:29:23","guid":{"rendered":"http:\/\/praguesbarrel.eu\/?page_id=250"},"modified":"2025-12-28T19:18:39","modified_gmt":"2025-12-28T18:18:39","slug":"kontakt","status":"publish","type":"page","link":"https:\/\/football.praguesbarrel.eu\/de\/kontakt\/","title":{"rendered":"Kontakte"},"content":{"rendered":"<p>Wir m\u00f6gen Bier, Menschen und Sport. Aufgrund dieser Kombination ist das Turnier \u201eUms Prager F\u00e4sschen\u201c entstanden: ein Wochenende voll mit Sport, erfrischendem Bier und fr\u00f6hlichen Menschen aus verschiedenen Ecken Europas und der ganzen Welt. Unser Ziel ist es, dass ihr w\u00e4hrend des Wochenendes eure Alltagsbelastung absch\u00fcttelt, Sport treibt, Spa\u00df habt und dass ihr euch um nichts k\u00fcmmern m\u00fcsst \u2013 daf\u00fcr sind wir ja da.<\/p>\n<h2>UNSER TEAM<\/h2>\n<div class=\"contact-grid\">\n<div class=\"contact-card\"><img decoding=\"async\" src=\"https:\/\/football.praguesbarrel.eu\/y0OH9L\/uploads\/2024\/03\/DSC05023.jpeg\" alt=\"Iva\" \/><\/p>\n<h3>Iva<\/h3>\n<p>Koordinator f\u00fcr deutschsprachigen L\u00e4nder<br \/>\nemail: <a href=\"mailto:iva@praguesbarrel.eu\">iva@praguesbarrel.eu<\/a><br \/>\ngsm: <a href=\"tel:+420728155598\">+420 728 155 598<\/a><\/p>\n<\/div>\n<div class=\"contact-card\"><img decoding=\"async\" src=\"https:\/\/football.praguesbarrel.eu\/y0OH9L\/uploads\/2023\/05\/ROBK3476.jpg\" alt=\"Barbara\" \/><\/p>\n<h3>Barbara<\/h3>\n<p>Koordinator Franz\u00f6sisch sprechenden L\u00e4ndern, f\u00fcr Skandinavien, Finnland, Vereinigte Staaten und Kanada<br \/>\nemail: <a href=\"mailto:barbara@praguesbarrel.eu\">barbara@praguesbarrel.eu<\/a><br \/>\ngsm: <a href=\"tel:+420604974394\">+420 604 974 394<\/a><\/p>\n<\/div>\n<div class=\"contact-card\"><img decoding=\"async\" src=\"https:\/\/football.praguesbarrel.eu\/y0OH9L\/uploads\/2023\/05\/ROBK3477.jpg\" alt=\"Sofie\" \/><\/p>\n<h3>Sofie<\/h3>\n<p>Die Bierfee<br \/>\nemail: <a href=\"mailto:sofie@praguesbarrel.eu\">sofie@praguesbarrel.eu<\/a><br \/>\ngsm: <a href=\"tel:+420732797139\">+420 732 79 71 39\u200b<\/a>, <a href=\"tel:+393318472549\">+39 331 847 25 49\u200b<\/a><\/p>\n<\/div>\n<div class=\"contact-card\"><img decoding=\"async\" src=\"https:\/\/football.praguesbarrel.eu\/y0OH9L\/uploads\/2023\/05\/Masha_01.jpg\" alt=\"Masha\" \/><\/p>\n<h3>Masha<\/h3>\n<p>Koordinator f\u00fcr den russischsprachigen L\u00e4ndern<br \/>\nemail: <a href=\"mailto:masha@praguesbarrel.eu\">masha@praguesbarrel.eu<\/a><br \/>\ngsm: <a href=\"tel:+420732938233\">+420 732 938 233<\/a><\/p>\n<\/div>\n<\/div>\n<div class=\"contact-grid\">\n<div class=\"contact-card\"><img decoding=\"async\" src=\"https:\/\/football.praguesbarrel.eu\/y0OH9L\/uploads\/2023\/05\/ROBK3467.jpg\" alt=\"Martin\" \/><\/p>\n<h3>Martin<\/h3>\n<p>Sportmanager<br \/>\nemail: <a href=\"mailto:martin@praguesbarrel.eu\">martin@praguesbarrel.eu<\/a><br \/>\ngsm: <a href=\"tel:+420724906168\">+420 724 906 168<\/a><\/p>\n<\/div>\n<div class=\"contact-card\"><img decoding=\"async\" src=\"https:\/\/football.praguesbarrel.eu\/y0OH9L\/uploads\/2023\/05\/ROBK3473.jpg\" alt=\"Pepa\" \/><\/p>\n<h3>Pepa<\/h3>\n<p>Organisation<br \/>\ngsm: <a href=\"tel:+420604118189\">+420 604 118 189\u200b<\/a><\/p>\n<\/div>\n<div class=\"contact-card\"><img decoding=\"async\" src=\"https:\/\/football.praguesbarrel.eu\/y0OH9L\/uploads\/2023\/05\/ROBK3469.jpg\" alt=\"Petr\" \/><\/p>\n<h3>Petr<\/h3>\n<p>Big Boss<br \/>\nemail:\u00a0<a href=\"mailto:petr@praguesbarrel.eu\">petr@praguesbarrel.eu<\/a><br \/>\ngsm: <a href=\"tel:+420603416931\">+420 603 416 931<\/a><\/p>\n<\/div>\n<\/div>\n<h2>unser Unternehmen<\/h2>\n<p><strong>Prague&#8217;s Barrel s.r.o.<\/strong><br \/>\nT\u00e1borsk\u00e1 829\/4,<br \/>\n140 00 Praha 4<br \/>\nCzech Republic<br \/>\nID: 22103716<br \/>\nVAT ID: CZ22103716<br \/>\n<a href=\"mailto:info@praguesbarrel.eu\">info@praguesbarrel.eu<\/a><\/p>\n<p><strong>Bankkonto:<\/strong><br \/>\nBank: \u010cSOB Praha<br \/>\nSWIFT: CEKOCZPP<br \/>\nRadlick\u00e1 333\/150, 150 00 Prague 5<br \/>\nName: Prague&#8217;s Barrel s.r.o.<br \/>\nIBAN: CZ7503000000000347929687<\/p>\n<h2>Folgen Sie uns in den sozialen Medien<\/h2>\n<p><a href=\"https:\/\/www.facebook.com\/PraguesBarrelTournaments\"><img loading=\"lazy\" decoding=\"async\" class=\"alignnone wp-image-61595\" src=\"https:\/\/football.praguesbarrel.eu\/y0OH9L\/themes\/praguesbarrel\/img\/fb-ico.png\" alt=\"\" width=\"50\" height=\"50\" \/><\/a> <a href=\"https:\/\/www.instagram.com\/praguesbarrel\/\"><img loading=\"lazy\" decoding=\"async\" class=\"alignnone wp-image-61595\" src=\"http:\/\/praguesbarrel.eu\/y0OH9L\/uploads\/2022\/08\/Instagram-ikona.png\" alt=\"\" width=\"50\" height=\"50\" \/><\/a> <a href=\"https:\/\/www.youtube.com\/user\/PraguesBarrelTV\"><img loading=\"lazy\" decoding=\"async\" class=\"alignnone wp-image-61601\" src=\"http:\/\/praguesbarrel.eu\/y0OH9L\/uploads\/2022\/09\/2018_social_media_popular_app_logo_youtube-1024.webp\" alt=\"\" width=\"50\" height=\"50\" \/><\/a> <a href=\"https:\/\/whatsapp.com\/channel\/0029VaTXl94FXUui3S9que2U\"> <img loading=\"lazy\" decoding=\"async\" class=\"alignnone wp-image-61601\" src=\"http:\/\/praguesbarrel.eu\/y0OH9L\/uploads\/2024\/03\/whatsapp.png\" alt=\"\" width=\"50\" height=\"50\" \/><\/a> <a href=\"https:\/\/www.tiktok.com\/@pragues.barrel\"> <img loading=\"lazy\" decoding=\"async\" class=\"alignnone wp-image-61601\" src=\"https:\/\/hockey.praguesbarrel.eu\/wp-content\/uploads\/2024\/12\/tiktok.png\" alt=\"\" width=\"50\" height=\"50\" \/><\/a><\/p>\n","protected":false},"excerpt":{"rendered":"<p>Wir m\u00f6gen Bier, Menschen und Sport. Aufgrund dieser Kombination ist das Turnier \u201eUms Prager F\u00e4sschen\u201c entstanden: ein Wochenende voll mit Sport, erfrischendem Bier und fr\u00f6hlichen Menschen aus verschiedenen Ecken Europas und der ganzen Welt. Unser Ziel ist es, dass ihr w\u00e4hrend des Wochenendes eure Alltagsbelastung absch\u00fcttelt, Sport treibt, Spa\u00df habt und dass ihr euch um&#8230;<\/p>\n","protected":false},"author":9,"featured_media":76649,"parent":0,"menu_order":0,"comment_status":"closed","ping_status":"closed","template":"","meta":{"footnotes":""},"class_list":["post-250","page","type-page","status-publish","has-post-thumbnail","hentry"],"yoast_head":"<!-- This site is optimized with the Yoast SEO plugin v26.9 - https:\/\/yoast.com\/product\/yoast-seo-wordpress\/ -->\n<title>Kontakte - Amateur-Fu\u00dfballturnier Prague&#039;s Barrel<\/title>\n<meta name=\"description\" content=\"Wir m\u00f6gen Bier, Menschen und Sport, w\u00e4hrend des Wochenendes ihr euch um nichts k\u00fcmmern m\u00fcsst \u2013 daf\u00fcr sind wir da. :)\" \/>\n<meta name=\"robots\" content=\"index, follow, max-snippet:-1, max-image-preview:large, max-video-preview:-1\" \/>\n<link rel=\"canonical\" href=\"https:\/\/football.praguesbarrel.eu\/de\/kontakt\/\" \/>\n<meta property=\"og:locale\" content=\"de_DE\" \/>\n<meta property=\"og:type\" content=\"article\" \/>\n<meta property=\"og:title\" content=\"Kontakte - Amateur-Fu\u00dfballturnier Prague&#039;s Barrel\" \/>\n<meta property=\"og:description\" content=\"Wir m\u00f6gen Bier, Menschen und Sport, w\u00e4hrend des Wochenendes ihr euch um nichts k\u00fcmmern m\u00fcsst \u2013 daf\u00fcr sind wir da. :)\" \/>\n<meta property=\"og:url\" content=\"https:\/\/football.praguesbarrel.eu\/de\/kontakt\/\" \/>\n<meta property=\"og:site_name\" content=\"Prague&#039;s Barrel\" \/>\n<meta property=\"article:publisher\" content=\"https:\/\/www.facebook.com\/PraguesBarrelTournaments\" \/>\n<meta property=\"article:modified_time\" content=\"2025-12-28T18:18:39+00:00\" \/>\n<meta property=\"og:image\" content=\"https:\/\/football.praguesbarrel.eu\/y0OH9L\/uploads\/2024\/09\/tym2024.jpg\" \/>\n\t<meta property=\"og:image:width\" content=\"1832\" \/>\n\t<meta property=\"og:image:height\" content=\"1224\" \/>\n\t<meta property=\"og:image:type\" content=\"image\/jpeg\" \/>\n<meta name=\"twitter:label1\" content=\"Gesch\u00e4tzte Lesezeit\" \/>\n\t<meta name=\"twitter:data1\" content=\"4\u00a0Minuten\" \/>\n<script type=\"application\/ld+json\" class=\"yoast-schema-graph\">{\"@context\":\"https:\/\/schema.org\",\"@graph\":[{\"@type\":\"WebPage\",\"@id\":\"https:\/\/football.praguesbarrel.eu\/de\/kontakt\/\",\"url\":\"https:\/\/football.praguesbarrel.eu\/de\/kontakt\/\",\"name\":\"Kontakte - Amateur-Fu\u00dfballturnier Prague's Barrel\",\"isPartOf\":{\"@id\":\"https:\/\/football.praguesbarrel.eu\/#website\"},\"primaryImageOfPage\":{\"@id\":\"https:\/\/football.praguesbarrel.eu\/de\/kontakt\/#primaryimage\"},\"image\":{\"@id\":\"https:\/\/football.praguesbarrel.eu\/de\/kontakt\/#primaryimage\"},\"thumbnailUrl\":\"https:\/\/football.praguesbarrel.eu\/y0OH9L\/uploads\/2024\/09\/tym2024.jpg\",\"datePublished\":\"2014-09-30T18:29:23+00:00\",\"dateModified\":\"2025-12-28T18:18:39+00:00\",\"description\":\"Wir m\u00f6gen Bier, Menschen und Sport, w\u00e4hrend des Wochenendes ihr euch um nichts k\u00fcmmern m\u00fcsst \u2013 daf\u00fcr sind wir da. :)\",\"breadcrumb\":{\"@id\":\"https:\/\/football.praguesbarrel.eu\/de\/kontakt\/#breadcrumb\"},\"inLanguage\":\"de\",\"potentialAction\":[{\"@type\":\"ReadAction\",\"target\":[\"https:\/\/football.praguesbarrel.eu\/de\/kontakt\/\"]}]},{\"@type\":\"ImageObject\",\"inLanguage\":\"de\",\"@id\":\"https:\/\/football.praguesbarrel.eu\/de\/kontakt\/#primaryimage\",\"url\":\"https:\/\/football.praguesbarrel.eu\/y0OH9L\/uploads\/2024\/09\/tym2024.jpg\",\"contentUrl\":\"https:\/\/football.praguesbarrel.eu\/y0OH9L\/uploads\/2024\/09\/tym2024.jpg\",\"width\":1832,\"height\":1224},{\"@type\":\"BreadcrumbList\",\"@id\":\"https:\/\/football.praguesbarrel.eu\/de\/kontakt\/#breadcrumb\",\"itemListElement\":[{\"@type\":\"ListItem\",\"position\":1,\"name\":\"Home\",\"item\":\"https:\/\/football.praguesbarrel.eu\/de\/\"},{\"@type\":\"ListItem\",\"position\":2,\"name\":\"Kontakte\"}]},{\"@type\":\"WebSite\",\"@id\":\"https:\/\/football.praguesbarrel.eu\/#website\",\"url\":\"https:\/\/football.praguesbarrel.eu\/\",\"name\":\"Prague&#039;s Barrel\",\"description\":\"Football Tournament\",\"potentialAction\":[{\"@type\":\"SearchAction\",\"target\":{\"@type\":\"EntryPoint\",\"urlTemplate\":\"https:\/\/football.praguesbarrel.eu\/?s={search_term_string}\"},\"query-input\":{\"@type\":\"PropertyValueSpecification\",\"valueRequired\":true,\"valueName\":\"search_term_string\"}}],\"inLanguage\":\"de\"}]}<\/script>\n<!-- \/ Yoast SEO plugin. -->","yoast_head_json":{"title":"Kontakte - Amateur-Fu\u00dfballturnier Prague's Barrel","description":"Wir m\u00f6gen Bier, Menschen und Sport, w\u00e4hrend des Wochenendes ihr euch um nichts k\u00fcmmern m\u00fcsst \u2013 daf\u00fcr sind wir da. :)","robots":{"index":"index","follow":"follow","max-snippet":"max-snippet:-1","max-image-preview":"max-image-preview:large","max-video-preview":"max-video-preview:-1"},"canonical":"https:\/\/football.praguesbarrel.eu\/de\/kontakt\/","og_locale":"de_DE","og_type":"article","og_title":"Kontakte - Amateur-Fu\u00dfballturnier Prague's Barrel","og_description":"Wir m\u00f6gen Bier, Menschen und Sport, w\u00e4hrend des Wochenendes ihr euch um nichts k\u00fcmmern m\u00fcsst \u2013 daf\u00fcr sind wir da. :)","og_url":"https:\/\/football.praguesbarrel.eu\/de\/kontakt\/","og_site_name":"Prague&#039;s Barrel","article_publisher":"https:\/\/www.facebook.com\/PraguesBarrelTournaments","article_modified_time":"2025-12-28T18:18:39+00:00","og_image":[{"width":1832,"height":1224,"url":"https:\/\/football.praguesbarrel.eu\/y0OH9L\/uploads\/2024\/09\/tym2024.jpg","type":"image\/jpeg"}],"twitter_misc":{"Gesch\u00e4tzte Lesezeit":"4\u00a0Minuten"},"schema":{"@context":"https:\/\/schema.org","@graph":[{"@type":"WebPage","@id":"https:\/\/football.praguesbarrel.eu\/de\/kontakt\/","url":"https:\/\/football.praguesbarrel.eu\/de\/kontakt\/","name":"Kontakte - Amateur-Fu\u00dfballturnier Prague's Barrel","isPartOf":{"@id":"https:\/\/football.praguesbarrel.eu\/#website"},"primaryImageOfPage":{"@id":"https:\/\/football.praguesbarrel.eu\/de\/kontakt\/#primaryimage"},"image":{"@id":"https:\/\/football.praguesbarrel.eu\/de\/kontakt\/#primaryimage"},"thumbnailUrl":"https:\/\/football.praguesbarrel.eu\/y0OH9L\/uploads\/2024\/09\/tym2024.jpg","datePublished":"2014-09-30T18:29:23+00:00","dateModified":"2025-12-28T18:18:39+00:00","description":"Wir m\u00f6gen Bier, Menschen und Sport, w\u00e4hrend des Wochenendes ihr euch um nichts k\u00fcmmern m\u00fcsst \u2013 daf\u00fcr sind wir da. :)","breadcrumb":{"@id":"https:\/\/football.praguesbarrel.eu\/de\/kontakt\/#breadcrumb"},"inLanguage":"de","potentialAction":[{"@type":"ReadAction","target":["https:\/\/football.praguesbarrel.eu\/de\/kontakt\/"]}]},{"@type":"ImageObject","inLanguage":"de","@id":"https:\/\/football.praguesbarrel.eu\/de\/kontakt\/#primaryimage","url":"https:\/\/football.praguesbarrel.eu\/y0OH9L\/uploads\/2024\/09\/tym2024.jpg","contentUrl":"https:\/\/football.praguesbarrel.eu\/y0OH9L\/uploads\/2024\/09\/tym2024.jpg","width":1832,"height":1224},{"@type":"BreadcrumbList","@id":"https:\/\/football.praguesbarrel.eu\/de\/kontakt\/#breadcrumb","itemListElement":[{"@type":"ListItem","position":1,"name":"Home","item":"https:\/\/football.praguesbarrel.eu\/de\/"},{"@type":"ListItem","position":2,"name":"Kontakte"}]},{"@type":"WebSite","@id":"https:\/\/football.praguesbarrel.eu\/#website","url":"https:\/\/football.praguesbarrel.eu\/","name":"Prague&#039;s Barrel","description":"Football Tournament","potentialAction":[{"@type":"SearchAction","target":{"@type":"EntryPoint","urlTemplate":"https:\/\/football.praguesbarrel.eu\/?s={search_term_string}"},"query-input":{"@type":"PropertyValueSpecification","valueRequired":true,"valueName":"search_term_string"}}],"inLanguage":"de"}]}},"_links":{"self":[{"href":"https:\/\/football.praguesbarrel.eu\/de\/wp-json\/wp\/v2\/pages\/250","targetHints":{"allow":["GET"]}}],"collection":[{"href":"https:\/\/football.praguesbarrel.eu\/de\/wp-json\/wp\/v2\/pages"}],"about":[{"href":"https:\/\/football.praguesbarrel.eu\/de\/wp-json\/wp\/v2\/types\/page"}],"author":[{"embeddable":true,"href":"https:\/\/football.praguesbarrel.eu\/de\/wp-json\/wp\/v2\/users\/9"}],"replies":[{"embeddable":true,"href":"https:\/\/football.praguesbarrel.eu\/de\/wp-json\/wp\/v2\/comments?post=250"}],"version-history":[{"count":59,"href":"https:\/\/football.praguesbarrel.eu\/de\/wp-json\/wp\/v2\/pages\/250\/revisions"}],"predecessor-version":[{"id":77597,"href":"https:\/\/football.praguesbarrel.eu\/de\/wp-json\/wp\/v2\/pages\/250\/revisions\/77597"}],"wp:featuredmedia":[{"embeddable":true,"href":"https:\/\/football.praguesbarrel.eu\/de\/wp-json\/wp\/v2\/media\/76649"}],"wp:attachment":[{"href":"https:\/\/football.praguesbarrel.eu\/de\/wp-json\/wp\/v2\/media?parent=250"}],"curies":[{"name":"wp","href":"https:\/\/api.w.org\/{rel}","templated":true}]}}