{"id":248,"date":"2014-10-14T19:09:31","date_gmt":"2014-10-14T18:09:31","guid":{"rendered":"http:\/\/praguesbarrel.eu\/?page_id=248"},"modified":"2025-12-10T20:15:15","modified_gmt":"2025-12-10T19:15:15","slug":"hokejovy-turnaj-o-prazsky-soudek","status":"publish","type":"page","link":"https:\/\/football.praguesbarrel.eu\/de\/","title":{"rendered":"34. j\u00e4hrliches Fu\u00dfballturnier 2026"},"content":{"rendered":"<p>Beim Prague\u2019s Barrel kommen Amateurfu\u00dfballer aus aller Welt zusammen, um vier unvergessliche Tage voller Sport, Freundschaft und Spa\u00df zu erleben. Egal, ob Sie Tore schie\u00dfen oder einfach nur eine gute Zeit haben m\u00f6chten, <strong>Sie finden hier eine einladende Gemeinschaft, gro\u00dfartige Spiele und ja \u2013 kostenloses Bier vom Fass<\/strong> bei jeder offiziellen Veranstaltung. Kommen Sie zu uns ins Herz Europas und erleben Sie Spiele, Partys und den Zauber Prags:<\/p>\n<p><strong>18.\u201321. Juni 2026 | 25.\u201328. Juni 2026 | 27.\u201330. August 2026<\/strong><\/p>\n<p><a href=\"https:\/\/football.praguesbarrel.eu\/ppt\/\"><strong>Entdecken Sie, was Sie beim Turnier erwartet \u2013 sehen Sie sich die vollst\u00e4ndige 4-Tage-\u00dcbersicht an!<\/strong><\/a><\/p>\n<p>Packen Sie Ihre Ausr\u00fcstung, bringen Sie Ihre Freunde mit und machen Sie sich bereit f\u00fcr ein unvergessliches Wochenende!<\/p>\n<div class=\"button-row\">\n<p><a class=\"btn\" href=\"https:\/\/football.praguesbarrel.eu\/de\/registrierung\/\">Registrieren Sie Ihr Team<\/a><\/p>\n<p><a class=\"btn btn-inverted\" href=\"https:\/\/youtu.be\/euAT4L8QghI\">Videopr\u00e4sentation<\/a><\/p>\n<p><a class=\"btn btn-inverted\" href=\"https:\/\/football.praguesbarrel.eu\/de\/enrolled-teams\/\">Angemeldete Teams<\/a><\/p>\n<\/div>\n","protected":false},"excerpt":{"rendered":"<p>Beim Prague\u2019s Barrel kommen Amateurfu\u00dfballer aus aller Welt zusammen, um vier unvergessliche Tage voller Sport, Freundschaft und Spa\u00df zu erleben. Egal, ob Sie Tore schie\u00dfen oder einfach nur eine gute Zeit haben m\u00f6chten, Sie finden hier eine einladende Gemeinschaft, gro\u00dfartige Spiele und ja \u2013 kostenloses Bier vom Fass bei jeder offiziellen Veranstaltung. Kommen Sie zu&#8230;<\/p>\n","protected":false},"author":3,"featured_media":75740,"parent":0,"menu_order":0,"comment_status":"closed","ping_status":"closed","template":"templates\/homepage.php","meta":{"footnotes":""},"class_list":["post-248","page","type-page","status-publish","has-post-thumbnail","hentry"],"yoast_head":"<!-- This site is optimized with the Yoast SEO plugin v26.9 - https:\/\/yoast.com\/product\/yoast-seo-wordpress\/ -->\n<title>Amateur-Fu\u00dfballturnier Prager F\u00e4sschen<\/title>\n<meta name=\"description\" content=\"Prag\u00a0F\u00e4sschen\u00a0ist ein freundliches internationales Turnier f\u00fcr Amateure auf allen Ebenen.\u00a0Gerne begr\u00fc\u00dfen alle Freizeit-Fu\u00dfballer.\" \/>\n<meta name=\"robots\" content=\"index, follow, max-snippet:-1, max-image-preview:large, max-video-preview:-1\" \/>\n<link rel=\"canonical\" href=\"https:\/\/football.praguesbarrel.eu\/de\/\" \/>\n<meta property=\"og:locale\" content=\"de_DE\" \/>\n<meta property=\"og:type\" content=\"article\" \/>\n<meta property=\"og:title\" content=\"Amateur-Fu\u00dfballturnier Prager F\u00e4sschen\" \/>\n<meta property=\"og:description\" content=\"Prag\u00a0F\u00e4sschen\u00a0ist ein freundliches internationales Turnier f\u00fcr Amateure auf allen Ebenen.\u00a0Gerne begr\u00fc\u00dfen alle Freizeit-Fu\u00dfballer.\" \/>\n<meta property=\"og:url\" content=\"https:\/\/football.praguesbarrel.eu\/de\/\" \/>\n<meta property=\"og:site_name\" content=\"Prague&#039;s Barrel\" \/>\n<meta property=\"article:publisher\" content=\"https:\/\/www.facebook.com\/PraguesBarrelTournaments\" \/>\n<meta property=\"article:modified_time\" content=\"2025-12-10T19:15:15+00:00\" \/>\n<meta property=\"og:image\" content=\"https:\/\/football.praguesbarrel.eu\/y0OH9L\/uploads\/2023\/11\/fotbal.jpeg\" \/>\n\t<meta property=\"og:image:width\" content=\"1832\" \/>\n\t<meta property=\"og:image:height\" content=\"1224\" \/>\n\t<meta property=\"og:image:type\" content=\"image\/jpeg\" \/>\n<meta name=\"twitter:label1\" content=\"Gesch\u00e4tzte Lesezeit\" \/>\n\t<meta name=\"twitter:data1\" content=\"1\u00a0Minute\" \/>\n<script type=\"application\/ld+json\" class=\"yoast-schema-graph\">{\"@context\":\"https:\/\/schema.org\",\"@graph\":[{\"@type\":\"WebPage\",\"@id\":\"https:\/\/football.praguesbarrel.eu\/de\/\",\"url\":\"https:\/\/football.praguesbarrel.eu\/de\/\",\"name\":\"Amateur-Fu\u00dfballturnier Prager F\u00e4sschen\",\"isPartOf\":{\"@id\":\"https:\/\/football.praguesbarrel.eu\/#website\"},\"primaryImageOfPage\":{\"@id\":\"https:\/\/football.praguesbarrel.eu\/de\/#primaryimage\"},\"image\":{\"@id\":\"https:\/\/football.praguesbarrel.eu\/de\/#primaryimage\"},\"thumbnailUrl\":\"https:\/\/football.praguesbarrel.eu\/y0OH9L\/uploads\/2023\/11\/fotbal.jpeg\",\"datePublished\":\"2014-10-14T18:09:31+00:00\",\"dateModified\":\"2025-12-10T19:15:15+00:00\",\"description\":\"Prag\u00a0F\u00e4sschen\u00a0ist ein freundliches internationales Turnier f\u00fcr Amateure auf allen Ebenen.\u00a0Gerne begr\u00fc\u00dfen alle Freizeit-Fu\u00dfballer.\",\"breadcrumb\":{\"@id\":\"https:\/\/football.praguesbarrel.eu\/de\/#breadcrumb\"},\"inLanguage\":\"de\",\"potentialAction\":[{\"@type\":\"ReadAction\",\"target\":[\"https:\/\/football.praguesbarrel.eu\/de\/\"]}]},{\"@type\":\"ImageObject\",\"inLanguage\":\"de\",\"@id\":\"https:\/\/football.praguesbarrel.eu\/de\/#primaryimage\",\"url\":\"https:\/\/football.praguesbarrel.eu\/y0OH9L\/uploads\/2023\/11\/fotbal.jpeg\",\"contentUrl\":\"https:\/\/football.praguesbarrel.eu\/y0OH9L\/uploads\/2023\/11\/fotbal.jpeg\",\"width\":1832,\"height\":1224},{\"@type\":\"BreadcrumbList\",\"@id\":\"https:\/\/football.praguesbarrel.eu\/de\/#breadcrumb\",\"itemListElement\":[{\"@type\":\"ListItem\",\"position\":1,\"name\":\"Home\",\"item\":\"https:\/\/football.praguesbarrel.eu\/de\/\"},{\"@type\":\"ListItem\",\"position\":2,\"name\":\"34. j\u00e4hrliches Fu\u00dfballturnier 2026\"}]},{\"@type\":\"WebSite\",\"@id\":\"https:\/\/football.praguesbarrel.eu\/#website\",\"url\":\"https:\/\/football.praguesbarrel.eu\/\",\"name\":\"Prague&#039;s Barrel\",\"description\":\"Football Tournament\",\"potentialAction\":[{\"@type\":\"SearchAction\",\"target\":{\"@type\":\"EntryPoint\",\"urlTemplate\":\"https:\/\/football.praguesbarrel.eu\/?s={search_term_string}\"},\"query-input\":{\"@type\":\"PropertyValueSpecification\",\"valueRequired\":true,\"valueName\":\"search_term_string\"}}],\"inLanguage\":\"de\"}]}<\/script>\n<!-- \/ Yoast SEO plugin. -->","yoast_head_json":{"title":"Amateur-Fu\u00dfballturnier Prager F\u00e4sschen","description":"Prag\u00a0F\u00e4sschen\u00a0ist ein freundliches internationales Turnier f\u00fcr Amateure auf allen Ebenen.\u00a0Gerne begr\u00fc\u00dfen alle Freizeit-Fu\u00dfballer.","robots":{"index":"index","follow":"follow","max-snippet":"max-snippet:-1","max-image-preview":"max-image-preview:large","max-video-preview":"max-video-preview:-1"},"canonical":"https:\/\/football.praguesbarrel.eu\/de\/","og_locale":"de_DE","og_type":"article","og_title":"Amateur-Fu\u00dfballturnier Prager F\u00e4sschen","og_description":"Prag\u00a0F\u00e4sschen\u00a0ist ein freundliches internationales Turnier f\u00fcr Amateure auf allen Ebenen.\u00a0Gerne begr\u00fc\u00dfen alle Freizeit-Fu\u00dfballer.","og_url":"https:\/\/football.praguesbarrel.eu\/de\/","og_site_name":"Prague&#039;s Barrel","article_publisher":"https:\/\/www.facebook.com\/PraguesBarrelTournaments","article_modified_time":"2025-12-10T19:15:15+00:00","og_image":[{"width":1832,"height":1224,"url":"https:\/\/football.praguesbarrel.eu\/y0OH9L\/uploads\/2023\/11\/fotbal.jpeg","type":"image\/jpeg"}],"twitter_misc":{"Gesch\u00e4tzte Lesezeit":"1\u00a0Minute"},"schema":{"@context":"https:\/\/schema.org","@graph":[{"@type":"WebPage","@id":"https:\/\/football.praguesbarrel.eu\/de\/","url":"https:\/\/football.praguesbarrel.eu\/de\/","name":"Amateur-Fu\u00dfballturnier Prager F\u00e4sschen","isPartOf":{"@id":"https:\/\/football.praguesbarrel.eu\/#website"},"primaryImageOfPage":{"@id":"https:\/\/football.praguesbarrel.eu\/de\/#primaryimage"},"image":{"@id":"https:\/\/football.praguesbarrel.eu\/de\/#primaryimage"},"thumbnailUrl":"https:\/\/football.praguesbarrel.eu\/y0OH9L\/uploads\/2023\/11\/fotbal.jpeg","datePublished":"2014-10-14T18:09:31+00:00","dateModified":"2025-12-10T19:15:15+00:00","description":"Prag\u00a0F\u00e4sschen\u00a0ist ein freundliches internationales Turnier f\u00fcr Amateure auf allen Ebenen.\u00a0Gerne begr\u00fc\u00dfen alle Freizeit-Fu\u00dfballer.","breadcrumb":{"@id":"https:\/\/football.praguesbarrel.eu\/de\/#breadcrumb"},"inLanguage":"de","potentialAction":[{"@type":"ReadAction","target":["https:\/\/football.praguesbarrel.eu\/de\/"]}]},{"@type":"ImageObject","inLanguage":"de","@id":"https:\/\/football.praguesbarrel.eu\/de\/#primaryimage","url":"https:\/\/football.praguesbarrel.eu\/y0OH9L\/uploads\/2023\/11\/fotbal.jpeg","contentUrl":"https:\/\/football.praguesbarrel.eu\/y0OH9L\/uploads\/2023\/11\/fotbal.jpeg","width":1832,"height":1224},{"@type":"BreadcrumbList","@id":"https:\/\/football.praguesbarrel.eu\/de\/#breadcrumb","itemListElement":[{"@type":"ListItem","position":1,"name":"Home","item":"https:\/\/football.praguesbarrel.eu\/de\/"},{"@type":"ListItem","position":2,"name":"34. j\u00e4hrliches Fu\u00dfballturnier 2026"}]},{"@type":"WebSite","@id":"https:\/\/football.praguesbarrel.eu\/#website","url":"https:\/\/football.praguesbarrel.eu\/","name":"Prague&#039;s Barrel","description":"Football Tournament","potentialAction":[{"@type":"SearchAction","target":{"@type":"EntryPoint","urlTemplate":"https:\/\/football.praguesbarrel.eu\/?s={search_term_string}"},"query-input":{"@type":"PropertyValueSpecification","valueRequired":true,"valueName":"search_term_string"}}],"inLanguage":"de"}]}},"_links":{"self":[{"href":"https:\/\/football.praguesbarrel.eu\/de\/wp-json\/wp\/v2\/pages\/248","targetHints":{"allow":["GET"]}}],"collection":[{"href":"https:\/\/football.praguesbarrel.eu\/de\/wp-json\/wp\/v2\/pages"}],"about":[{"href":"https:\/\/football.praguesbarrel.eu\/de\/wp-json\/wp\/v2\/types\/page"}],"author":[{"embeddable":true,"href":"https:\/\/football.praguesbarrel.eu\/de\/wp-json\/wp\/v2\/users\/3"}],"replies":[{"embeddable":true,"href":"https:\/\/football.praguesbarrel.eu\/de\/wp-json\/wp\/v2\/comments?post=248"}],"version-history":[{"count":55,"href":"https:\/\/football.praguesbarrel.eu\/de\/wp-json\/wp\/v2\/pages\/248\/revisions"}],"predecessor-version":[{"id":77548,"href":"https:\/\/football.praguesbarrel.eu\/de\/wp-json\/wp\/v2\/pages\/248\/revisions\/77548"}],"wp:featuredmedia":[{"embeddable":true,"href":"https:\/\/football.praguesbarrel.eu\/de\/wp-json\/wp\/v2\/media\/75740"}],"wp:attachment":[{"href":"https:\/\/football.praguesbarrel.eu\/de\/wp-json\/wp\/v2\/media?parent=248"}],"curies":[{"name":"wp","href":"https:\/\/api.w.org\/{rel}","templated":true}]}}