{"id":243,"date":"2014-10-14T19:07:22","date_gmt":"2014-10-14T18:07:22","guid":{"rendered":"http:\/\/praguesbarrel.eu\/?page_id=243"},"modified":"2025-12-10T20:57:47","modified_gmt":"2025-12-10T19:57:47","slug":"unterkunft","status":"publish","type":"page","link":"https:\/\/football.praguesbarrel.eu\/de\/preis\/unterkunft\/","title":{"rendered":"Unterkunft"},"content":{"rendered":"<div class=\"ytvideo-wrapper\"><iframe loading=\"lazy\" src=\"https:\/\/www.google.com\/maps\/d\/u\/1\/embed?mid=1qHiUS4VvcyVrbUveAuoD9YqxHZE\" width=\"640\" height=\"480\"><span data-mce-type=\"bookmark\" style=\"display: inline-block; width: 0px; overflow: hidden; line-height: 0;\" class=\"mce_SELRES_start\">\ufeff<\/span><\/iframe><\/div>\n<h2>Adria ****<\/h2>\n<p>Falls Sie die Unterkunft in der Innenstadt bevorzugen, bieten wir Ihnen das 4 Sterne Hotel Adria am Wenzelsplatz an. Dieses Hotel hat mehr als ein Jahrhundert Geschichte und bietet elegante Interieurs und freundliche Atmosph\u00e4re. Das Stalaktiten-Restaurant im Art-D\u00e9co-Stil Triton mit der Originaleinrichtung aus dem Jahr 1912 l\u00e4dt zum Verweilen ein. Alle wichtigen Monumente der Altstadt befinden sich in unmittelbarer N\u00e4he sowie die luxuri\u00f6sen Boutiquen. Das Hotel ist Inhaber des Umweltzeichens der EU. <a href=\"https:\/\/football.praguesbarrel.eu\/38545\/\">Fotogallerie<\/a><\/p>\n<h2>Ambassador *****<\/h2>\n<p>Hotel Ambassador befindet sich im unteren Teil des Wenzelsplatzes, nur 5 Gehminuten vom Altst\u00e4dter Ring. Die Zimmer (mindestens 25 m2) sind mit M\u00f6bel im Jugendstil und mit Dekoration ausgestattet. Alle Marmorbadezimmer sind ger\u00e4umig und sind mit einer<br \/>\nydromassage Badewanne und mit der Dusche ausgestattet. Alle Zimmer sind mit Flachbild-TV mit verschiedenen Satellitenempfang, Tresor, Minibar und Wi-Fi ausgestattet. Sie k\u00f6nnen auch im Welnessclub entspannen, der gro\u00dfe Auswahl an thail\u00e4ndischen und<br \/>\nyurveda-Massagen, Packungen und verschiedenen Spezialmassagen wie zum Beispiel Honig-, Schokolade- oder Chakra-Stein Massagen bietet. <a href=\"https:\/\/football.praguesbarrel.eu\/de\/ambassador\/\">Fotogallerie<\/a><\/p>\n<h2>Ambiance ****<\/h2>\n<p>Ambiance befindet sich in Prag 2, 12 Minuten Fu\u00dfweg entfernt vom Wenceslas Square, 7 Minuten Fu\u00dfweg entfernt von Clubs wie Retro, Radost FX und Le mirage.<br \/>\nDas Hotel ist umgeben von Bars, kleinen Superm\u00e4rkten und Restaurants.<br \/>\nDie Zimmer dieses Hotels sind etwas kleiner, jedoch sehr gem\u00fctlich und mit Safe, Klimaanlage und geb\u00fchrenfreiem Wifi ausgestattet und es wird es k\u00f6stliches Fr\u00fchst\u00fcck angeboten.<br \/>\nZum Entspannen bietet sich die Hofterrasse an.<br \/>\nEin Taxi vom Oldtown Square kostet Sie ca. 18 Euro pro Taxi. <a href=\"https:\/\/football.praguesbarrel.eu\/ambiance\/\">Fotogallerie<\/a><\/p>\n<h2>ILF ***<\/h2>\n<p>Unser Budget-Angebot befindet sich in Prag 4, 1 Minute von der U-Bahn-Station Bud\u011bjovick\u00e1 entfernt, so dass Sie das Stadtzentrum (Museum Station) in 9 Minuten erreichen k\u00f6nnen.<br \/>\nDie Umgebung ist aber nett mit vielen Gesch\u00e4ften, Restaurants, Kneipen und Fastfoods. Das Hotel bietet ein gem\u00fctliches Restaurant mit Bar an, der rund um die Uhr ge\u00f6ffnet ist.<br \/>\nDie standard Zimmer sind mit Fernseher ausgestattet, F\u00f6n und Safe befinden sich haupts\u00e4chlich in den neu renovierten Zimmern, ansonsten ist es m\u00f6glich, sie an der Rezeption nachzufragen. <a href=\"https:\/\/football.praguesbarrel.eu\/ilf\/\">Fotogallerie<\/a><\/p>\n<h2>Juli\u0161 ****<\/h2>\n<p>Das Hotel Julis liegt im Zentrum von Prag, direkt am Wenzelsplatz. Die gro\u00dfen Zimmer mit integrierter K\u00fcchenzeile sind mit modernen, komfortablen M\u00f6beln und Holzb\u00f6den ausgestattet. Von den Zimmern aus hat man einen herrlichen Blick auf Prag, den Wenzelsplatz und den romantischen Franziskanergarten. Das Fitnesscenter befindet sich direkt im Geb\u00e4ude und ein Innenpool und eine Sauna stehen den Hotelg\u00e4sten gegen Aufpreis zur Verf\u00fcgung. Parkpl\u00e4tze sind vorhanden. <a href=\"https:\/\/football.praguesbarrel.eu\/julis\/\">Fotogallerie<\/a><\/p>\n<h2>Prague Centre Plaza ***<\/h2>\n<p>Ein sch\u00f6nes Hotel mit 3 Sternen im Prager Stadtteil Vinohrady. Vinohrady sind heute eine von dem modischsten Stadtviertel in ganz Prag. Nur in etwa 12 Minuten zu Fu\u00df sind Sie am Wenzelsplatz, wo Ihr Abendprogramm mit vielen Bars und Clubs gef\u00fcllt werden wird.<br \/>\nNach einem anstrengenden Tag entspannen Sie in der Sauna, im Whirlpool oder in einer von einzigartigen Bierbad Bernard. Die Zimmer sind mit Dusche und Sat-TV ausgestattet, WLAN ist im ganzen Hotel kostenlos. <a href=\"https:\/\/football.praguesbarrel.eu\/de\/prague-centre-plaza\/\">Fotogallerie<\/a><\/p>\n<h2>ramada ****<\/h2>\n<p>Das Hotel Ramada befindet sich im Stadtzentrum, direkt am Wenzelsplatz, wo Sie zahlreiche Restaurants, Bars, Clubs und Gesch\u00e4fte finden k\u00f6nnen. Es ist ein barrierefreies Nichtraucherhotel mit kostenlosem Wi-Fi. Sinnvoll rekonstruierte, ger\u00e4umige und komfortable Zimmer bieten ein frisches und modernes Design. Die Zimmer sind mit K\u00fchlschrank, LCD-Fernseher, Safe, Wasserkocher und Duschecke (einige Zimmer haben eine Badewanne) ausgestattet. Parken ist im Hotel gegen Aufpreis m\u00f6glich. Fitnesscenter, beheizter Innenpool und Sauna befinden sich in der N\u00e4he. <a href=\"https:\/\/football.praguesbarrel.eu\/ramada\/\">Fotogallerie><\/a><\/p>\n<h2>rokoko ****<\/h2>\n<p>Das EA Hotel Rokoko befindet sich im Zentrum von Prag im Geb\u00e4ude des denkmalgesch\u00fctzten Rokoko-Palastes am Wenzelsplatz. Parken ist auf einem nahegelegenen Parkplatz m\u00f6glich. Das Hotel bietet luxuri\u00f6se Unterkunft in hellen und eleganten Zimmern, von den oberen Etagen hat man einen Blick auf das historische Zentrum von Prag. Das Fr\u00fchst\u00fcck wird im Nebengeb\u00e4ude serviert. Die Zimmer sind mit Klimaanlage, kostenlosem Wi-Fi, LCD-Fernseher, Kaffee- und Tee Set, Safe und Badewanne oder Duschecke ausgestattet. <a href=\"https:\/\/football.praguesbarrel.eu\/rokoko\/\">Fotogallerie<\/a><\/p>\n<h2>Superior ****<\/h2>\n<p>Das Hotel Superior liegt nur ein paar Gehminuten vom Stadtzentrum (der Wenzelsplatz ist 5 bis 10 Gehminuten entfernt). Im Sommer k\u00f6nnen Sie im Sommergarten sitzen und ganzj\u00e4hrig in der Hotelsauna, im Whirlpool, bei einer klassischen Massage oder einer Warmsteinmassage entspannen. Alle Zimmer sind mit SAT-TV, Direktwahltelefon, Safe, Haartrockner, Minibar, sanit\u00e4ren Einrichtungen, Klimatisierung usw. ausgestattet. Hotelg\u00e4ste k\u00f6nnen in der ger\u00e4umigen Tiefgarage parken. <a href=\"https:\/\/football.praguesbarrel.eu\/prague-centre-superior\/\">Fotogallerie<\/a><\/p>\n","protected":false},"excerpt":{"rendered":"<p>\ufeff Adria **** Falls Sie die Unterkunft in der Innenstadt bevorzugen, bieten wir Ihnen das 4 Sterne Hotel Adria am Wenzelsplatz an. Dieses Hotel hat mehr als ein Jahrhundert Geschichte und bietet elegante Interieurs und freundliche Atmosph\u00e4re. Das Stalaktiten-Restaurant im Art-D\u00e9co-Stil Triton mit der Originaleinrichtung aus dem Jahr 1912 l\u00e4dt zum Verweilen ein. Alle wichtigen&#8230;<\/p>\n","protected":false},"author":3,"featured_media":76771,"parent":241,"menu_order":0,"comment_status":"closed","ping_status":"closed","template":"","meta":{"footnotes":""},"class_list":["post-243","page","type-page","status-publish","has-post-thumbnail","hentry"],"yoast_head":"<!-- This site is optimized with the Yoast SEO plugin v26.9 - https:\/\/yoast.com\/product\/yoast-seo-wordpress\/ -->\n<title>Unterkunft -\u00a0Amateur-Fu\u00dfballturnier Prague&#039;s Barrel<\/title>\n<meta name=\"description\" content=\"Die beste Hotels in Prag - Die Organisatoren w\u00e4hlen eine Reihe von gem\u00fctlichen Hotels f\u00fcr Ihren Aufenthalt w\u00e4hrend Fu\u00dfballturnier.\" \/>\n<meta name=\"robots\" content=\"index, follow, max-snippet:-1, max-image-preview:large, max-video-preview:-1\" \/>\n<link rel=\"canonical\" href=\"https:\/\/football.praguesbarrel.eu\/de\/preis\/unterkunft\/\" \/>\n<meta property=\"og:locale\" content=\"de_DE\" \/>\n<meta property=\"og:type\" content=\"article\" \/>\n<meta property=\"og:title\" content=\"Unterkunft -\u00a0Amateur-Fu\u00dfballturnier Prague&#039;s Barrel\" \/>\n<meta property=\"og:description\" content=\"Die beste Hotels in Prag - Die Organisatoren w\u00e4hlen eine Reihe von gem\u00fctlichen Hotels f\u00fcr Ihren Aufenthalt w\u00e4hrend Fu\u00dfballturnier.\" \/>\n<meta property=\"og:url\" content=\"https:\/\/football.praguesbarrel.eu\/de\/preis\/unterkunft\/\" \/>\n<meta property=\"og:site_name\" content=\"Prague&#039;s Barrel\" \/>\n<meta property=\"article:publisher\" content=\"https:\/\/www.facebook.com\/PraguesBarrelTournaments\" \/>\n<meta property=\"article:modified_time\" content=\"2025-12-10T19:57:47+00:00\" \/>\n<meta property=\"og:image\" content=\"https:\/\/football.praguesbarrel.eu\/y0OH9L\/uploads\/2025\/02\/dsc_6778ii.jpg\" \/>\n\t<meta property=\"og:image:width\" content=\"1300\" \/>\n\t<meta property=\"og:image:height\" content=\"868\" \/>\n\t<meta property=\"og:image:type\" content=\"image\/jpeg\" \/>\n<meta name=\"twitter:label1\" content=\"Gesch\u00e4tzte Lesezeit\" \/>\n\t<meta name=\"twitter:data1\" content=\"5\u00a0Minuten\" \/>\n<script type=\"application\/ld+json\" class=\"yoast-schema-graph\">{\"@context\":\"https:\/\/schema.org\",\"@graph\":[{\"@type\":\"WebPage\",\"@id\":\"https:\/\/football.praguesbarrel.eu\/de\/preis\/unterkunft\/\",\"url\":\"https:\/\/football.praguesbarrel.eu\/de\/preis\/unterkunft\/\",\"name\":\"Unterkunft -\u00a0Amateur-Fu\u00dfballturnier Prague's Barrel\",\"isPartOf\":{\"@id\":\"https:\/\/football.praguesbarrel.eu\/#website\"},\"primaryImageOfPage\":{\"@id\":\"https:\/\/football.praguesbarrel.eu\/de\/preis\/unterkunft\/#primaryimage\"},\"image\":{\"@id\":\"https:\/\/football.praguesbarrel.eu\/de\/preis\/unterkunft\/#primaryimage\"},\"thumbnailUrl\":\"https:\/\/football.praguesbarrel.eu\/y0OH9L\/uploads\/2025\/02\/dsc_6778ii.jpg\",\"datePublished\":\"2014-10-14T18:07:22+00:00\",\"dateModified\":\"2025-12-10T19:57:47+00:00\",\"description\":\"Die beste Hotels in Prag - Die Organisatoren w\u00e4hlen eine Reihe von gem\u00fctlichen Hotels f\u00fcr Ihren Aufenthalt w\u00e4hrend Fu\u00dfballturnier.\",\"breadcrumb\":{\"@id\":\"https:\/\/football.praguesbarrel.eu\/de\/preis\/unterkunft\/#breadcrumb\"},\"inLanguage\":\"de\",\"potentialAction\":[{\"@type\":\"ReadAction\",\"target\":[\"https:\/\/football.praguesbarrel.eu\/de\/preis\/unterkunft\/\"]}]},{\"@type\":\"ImageObject\",\"inLanguage\":\"de\",\"@id\":\"https:\/\/football.praguesbarrel.eu\/de\/preis\/unterkunft\/#primaryimage\",\"url\":\"https:\/\/football.praguesbarrel.eu\/y0OH9L\/uploads\/2025\/02\/dsc_6778ii.jpg\",\"contentUrl\":\"https:\/\/football.praguesbarrel.eu\/y0OH9L\/uploads\/2025\/02\/dsc_6778ii.jpg\",\"width\":1300,\"height\":868},{\"@type\":\"BreadcrumbList\",\"@id\":\"https:\/\/football.praguesbarrel.eu\/de\/preis\/unterkunft\/#breadcrumb\",\"itemListElement\":[{\"@type\":\"ListItem\",\"position\":1,\"name\":\"Home\",\"item\":\"https:\/\/football.praguesbarrel.eu\/de\/\"},{\"@type\":\"ListItem\",\"position\":2,\"name\":\"Preis\",\"item\":\"https:\/\/football.praguesbarrel.eu\/de\/preis\/\"},{\"@type\":\"ListItem\",\"position\":3,\"name\":\"Unterkunft\"}]},{\"@type\":\"WebSite\",\"@id\":\"https:\/\/football.praguesbarrel.eu\/#website\",\"url\":\"https:\/\/football.praguesbarrel.eu\/\",\"name\":\"Prague&#039;s Barrel\",\"description\":\"Football Tournament\",\"potentialAction\":[{\"@type\":\"SearchAction\",\"target\":{\"@type\":\"EntryPoint\",\"urlTemplate\":\"https:\/\/football.praguesbarrel.eu\/?s={search_term_string}\"},\"query-input\":{\"@type\":\"PropertyValueSpecification\",\"valueRequired\":true,\"valueName\":\"search_term_string\"}}],\"inLanguage\":\"de\"}]}<\/script>\n<!-- \/ Yoast SEO plugin. -->","yoast_head_json":{"title":"Unterkunft -\u00a0Amateur-Fu\u00dfballturnier Prague's Barrel","description":"Die beste Hotels in Prag - Die Organisatoren w\u00e4hlen eine Reihe von gem\u00fctlichen Hotels f\u00fcr Ihren Aufenthalt w\u00e4hrend Fu\u00dfballturnier.","robots":{"index":"index","follow":"follow","max-snippet":"max-snippet:-1","max-image-preview":"max-image-preview:large","max-video-preview":"max-video-preview:-1"},"canonical":"https:\/\/football.praguesbarrel.eu\/de\/preis\/unterkunft\/","og_locale":"de_DE","og_type":"article","og_title":"Unterkunft -\u00a0Amateur-Fu\u00dfballturnier Prague's Barrel","og_description":"Die beste Hotels in Prag - Die Organisatoren w\u00e4hlen eine Reihe von gem\u00fctlichen Hotels f\u00fcr Ihren Aufenthalt w\u00e4hrend Fu\u00dfballturnier.","og_url":"https:\/\/football.praguesbarrel.eu\/de\/preis\/unterkunft\/","og_site_name":"Prague&#039;s Barrel","article_publisher":"https:\/\/www.facebook.com\/PraguesBarrelTournaments","article_modified_time":"2025-12-10T19:57:47+00:00","og_image":[{"width":1300,"height":868,"url":"https:\/\/football.praguesbarrel.eu\/y0OH9L\/uploads\/2025\/02\/dsc_6778ii.jpg","type":"image\/jpeg"}],"twitter_misc":{"Gesch\u00e4tzte Lesezeit":"5\u00a0Minuten"},"schema":{"@context":"https:\/\/schema.org","@graph":[{"@type":"WebPage","@id":"https:\/\/football.praguesbarrel.eu\/de\/preis\/unterkunft\/","url":"https:\/\/football.praguesbarrel.eu\/de\/preis\/unterkunft\/","name":"Unterkunft -\u00a0Amateur-Fu\u00dfballturnier Prague's Barrel","isPartOf":{"@id":"https:\/\/football.praguesbarrel.eu\/#website"},"primaryImageOfPage":{"@id":"https:\/\/football.praguesbarrel.eu\/de\/preis\/unterkunft\/#primaryimage"},"image":{"@id":"https:\/\/football.praguesbarrel.eu\/de\/preis\/unterkunft\/#primaryimage"},"thumbnailUrl":"https:\/\/football.praguesbarrel.eu\/y0OH9L\/uploads\/2025\/02\/dsc_6778ii.jpg","datePublished":"2014-10-14T18:07:22+00:00","dateModified":"2025-12-10T19:57:47+00:00","description":"Die beste Hotels in Prag - Die Organisatoren w\u00e4hlen eine Reihe von gem\u00fctlichen Hotels f\u00fcr Ihren Aufenthalt w\u00e4hrend Fu\u00dfballturnier.","breadcrumb":{"@id":"https:\/\/football.praguesbarrel.eu\/de\/preis\/unterkunft\/#breadcrumb"},"inLanguage":"de","potentialAction":[{"@type":"ReadAction","target":["https:\/\/football.praguesbarrel.eu\/de\/preis\/unterkunft\/"]}]},{"@type":"ImageObject","inLanguage":"de","@id":"https:\/\/football.praguesbarrel.eu\/de\/preis\/unterkunft\/#primaryimage","url":"https:\/\/football.praguesbarrel.eu\/y0OH9L\/uploads\/2025\/02\/dsc_6778ii.jpg","contentUrl":"https:\/\/football.praguesbarrel.eu\/y0OH9L\/uploads\/2025\/02\/dsc_6778ii.jpg","width":1300,"height":868},{"@type":"BreadcrumbList","@id":"https:\/\/football.praguesbarrel.eu\/de\/preis\/unterkunft\/#breadcrumb","itemListElement":[{"@type":"ListItem","position":1,"name":"Home","item":"https:\/\/football.praguesbarrel.eu\/de\/"},{"@type":"ListItem","position":2,"name":"Preis","item":"https:\/\/football.praguesbarrel.eu\/de\/preis\/"},{"@type":"ListItem","position":3,"name":"Unterkunft"}]},{"@type":"WebSite","@id":"https:\/\/football.praguesbarrel.eu\/#website","url":"https:\/\/football.praguesbarrel.eu\/","name":"Prague&#039;s Barrel","description":"Football Tournament","potentialAction":[{"@type":"SearchAction","target":{"@type":"EntryPoint","urlTemplate":"https:\/\/football.praguesbarrel.eu\/?s={search_term_string}"},"query-input":{"@type":"PropertyValueSpecification","valueRequired":true,"valueName":"search_term_string"}}],"inLanguage":"de"}]}},"_links":{"self":[{"href":"https:\/\/football.praguesbarrel.eu\/de\/wp-json\/wp\/v2\/pages\/243","targetHints":{"allow":["GET"]}}],"collection":[{"href":"https:\/\/football.praguesbarrel.eu\/de\/wp-json\/wp\/v2\/pages"}],"about":[{"href":"https:\/\/football.praguesbarrel.eu\/de\/wp-json\/wp\/v2\/types\/page"}],"author":[{"embeddable":true,"href":"https:\/\/football.praguesbarrel.eu\/de\/wp-json\/wp\/v2\/users\/3"}],"replies":[{"embeddable":true,"href":"https:\/\/football.praguesbarrel.eu\/de\/wp-json\/wp\/v2\/comments?post=243"}],"version-history":[{"count":57,"href":"https:\/\/football.praguesbarrel.eu\/de\/wp-json\/wp\/v2\/pages\/243\/revisions"}],"predecessor-version":[{"id":77580,"href":"https:\/\/football.praguesbarrel.eu\/de\/wp-json\/wp\/v2\/pages\/243\/revisions\/77580"}],"up":[{"embeddable":true,"href":"https:\/\/football.praguesbarrel.eu\/de\/wp-json\/wp\/v2\/pages\/241"}],"wp:featuredmedia":[{"embeddable":true,"href":"https:\/\/football.praguesbarrel.eu\/de\/wp-json\/wp\/v2\/media\/76771"}],"wp:attachment":[{"href":"https:\/\/football.praguesbarrel.eu\/de\/wp-json\/wp\/v2\/media?parent=243"}],"curies":[{"name":"wp","href":"https:\/\/api.w.org\/{rel}","templated":true}]}}