{"id":79,"date":"2014-10-01T20:45:29","date_gmt":"2014-10-01T19:45:29","guid":{"rendered":"http:\/\/praguesbarrel.eu\/?page_id=79"},"modified":"2025-10-14T18:49:33","modified_gmt":"2025-10-14T17:49:33","slug":"ubytovani","status":"publish","type":"page","link":"https:\/\/football.praguesbarrel.eu\/cs\/cena\/ubytovani\/","title":{"rendered":"Ubytov\u00e1n\u00ed"},"content":{"rendered":"<div class=\"ytvideo-wrapper\"><iframe loading=\"lazy\" src=\"https:\/\/www.google.com\/maps\/d\/u\/1\/embed?mid=1qHiUS4VvcyVrbUveAuoD9YqxHZE\" width=\"640\" height=\"480\"><span data-mce-type=\"bookmark\" style=\"display: inline-block; width: 0px; overflow: hidden; line-height: 0;\" class=\"mce_SELRES_start\">\ufeff<\/span><\/iframe><\/div>\n<p>&nbsp;<\/p>\n<h2>Adria ****<\/h2>\n<p>Pokud preferujete ubytov\u00e1n\u00ed v centru, nab\u00edz\u00ed v\u00e1m \u010dty\u0159 hv\u011bzdi\u010dkov\u00fd hotel Adria p\u0159\u00edmo na V\u00e1clavsk\u00e9m n\u00e1m\u011bst\u00ed. Tento hotel m\u00e1 v\u00edce ne\u017e stoletou historii, m\u00e1 elegantn\u011b vybaven\u00e9 interi\u00e9ry a p\u0159\u00e1telskou atmosf\u00e9ru. Jeho nejv\u011bt\u0161\u00ed p\u00fdchou je stalaktitov\u00e1 restaurace ve stylu art-deco Triton, kter\u00e1 je vybavena origin\u00e1ln\u00edm n\u00e1bytkem z roku 1912. V\u0161echny historick\u00e9 poklady Prahy jsou v doch\u00e1zkov\u00e9 vzd\u00e1lenosti od hotelu, stejn\u011b tak jako luxusn\u00ed butiky. Hotel je dr\u017eitelem ekologick\u00e9 zna\u010dky EU. <a href=\"https:\/\/football.praguesbarrel.eu\/38545\/\">Fotogalerie<\/a><\/p>\n<h2>Ambassador *****<\/h2>\n<p>Hotel Ambassador se nach\u00e1z\u00ed v doln\u00ed \u010d\u00e1sti V\u00e1clavsk\u00e9ho n\u00e1m\u011bst\u00ed, 5 minut ch\u016fze od Starom\u011bstsk\u00e9ho n\u00e1m\u011bst\u00ed. Pokoje (alespo\u0148 25 m2) jsou vybaveny v secesn\u00edm stylu n\u00e1bytku a dekorac\u00ed. V\u0161echny mramorov\u00e9 koupelny jsou prostorn\u00e9 a vybaven\u00e9 hydromas\u00e1\u017en\u00ed vanou a sprchou. V\u0161echny pokoje jsou vybaveny TV s plochou obrazovkou a s r\u016fzn\u00fdmi satelitn\u00edmi programy, trezorem, minibarem a Wi-Fi. M\u016f\u017eete si tak\u00e9 odpo\u010dinout ve Wellness klubu, kter\u00fd nab\u00edz\u00ed \u0161irokou \u0161k\u00e1lu thajsk\u00fdch a \u00e1jurv\u00e9dsk\u00e9 mas\u00e1\u017e\u00ed, z\u00e1baly a r\u016fzn\u00e9 speci\u00e1ln\u00ed mas\u00e1\u017ee jako medov\u00e9, \u010dokol\u00e1dov\u00e9 nebo \u010dakra kamenn\u00e9 mas\u00e1\u017ee. <a href=\"https:\/\/football.praguesbarrel.eu\/cs\/ambassador\/\">Fotogalerie&gt;<\/a><\/p>\n<h2>Ambiance ****<\/h2>\n<p>V hotelu Ambiance Praha, nov\u011b zrekonstruovan\u00e9 budov\u011b z 19. stolet\u00ed, vyb\u00edrejte z 99 komfortn\u011b za\u0159\u00edzen\u00fdch pokoj\u016f s 1, 2 a 3 l\u016f\u017eky. Ve v\u0161ech je mo\u017enost p\u0159ist\u00fdlky, individu\u00e1ln\u011b nastaviteln\u00e1 klimatizace, trezor, bezplatn\u00e9 Wi-Fi p\u0159ipojen\u00ed, LCD TV se satelitn\u00edm p\u0159\u00edjmem a telefon. Koupelny jsou vybaveny vanou nebo sprchov\u00fdm koutem a vysou\u0161e\u010dem vlas\u016f. Ve vstupn\u00ed hale je host\u016fm k dispozici po\u010d\u00edta\u010d s p\u0159ipojen\u00edm k internetu. Cel\u00e9 za\u0159\u00edzen\u00ed je neku\u0159\u00e1ck\u00e9. <a href=\"https:\/\/football.praguesbarrel.eu\/ambiance\/\">Fotogalerie<\/a><\/p>\n<h2>ILF ***<\/h2>\n<p>Na\u0161e ekonomick\u00e1 varianta se nach\u00e1z\u00ed na Praze 4, minutu od stanice metra Bud\u011bjovick\u00e1, kter\u00fdm dojedete do centra (Muzeum) za 9 minut. Okol\u00ed m\u00e1 \u010dist\u00e9 a p\u0159\u00e1telsk\u00e9 prost\u0159ed\u00ed s mnoha obchody, restauracemi, bary a fastfoody. Hotel nab\u00edz\u00ed p\u0159\u00edjemnou restauraci a bar, kter\u00fd je otev\u0159en 24\/7 pro va\u0161e posledn\u00ed pivo p\u0159ed span\u00edm.<br \/>\nPokoje jsou z\u00e1kladn\u00ed s televiz\u00ed, f\u00e9n a sejf najdete sp\u00ed\u0161e v nov\u011b zrekonstruovan\u00fdch pokoj\u00edch, ale je mo\u017en\u00e9 si je zap\u016fj\u010dit na recepci. <a href=\"https:\/\/football.praguesbarrel.eu\/ilf\/\">Fotogalerie<\/a><\/p>\n<h2>Juli\u0161 ****<\/h2>\n<p>Hotel Juli\u0161 se nach\u00e1z\u00ed v sam\u00e9m srdci Prahy, na V\u00e1clavsk\u00e9m n\u00e1m\u011bst\u00ed. Pobyt si u\u017eijete nejen d\u00edky kr\u00e1sn\u00e9mu v\u00fdhledu, ale i d\u00edky komfortn\u011b vybaven\u00fdm pokoj\u016fm, kter\u00e9 jsou modern\u00ed, pohodln\u00e9 a v ka\u017ed\u00e9m z nich je k dispozici vlastn\u00ed kuchy\u0148sk\u00fd kout. D\u00edky um\u00edst\u011bn\u00ed pokoj\u016f ve t\u0159et\u00edm a\u017e osm\u00e9m pat\u0159e maj\u00ed host\u00e9 n\u00e1dhern\u00fd v\u00fdhled. K dispozici host\u016fm za p\u0159\u00edplatek je fitness centrum a vnit\u0159n\u00ed baz\u00e9n a sauna. Parkov\u00e1n\u00ed je k dispozici. <a href=\"https:\/\/football.praguesbarrel.eu\/julis\/\">Fotogalerie<\/a><\/p>\n<h2>Prague Centre Plaza ***<\/h2>\n<p>P\u011bkn\u00fd hotel v pra\u017esk\u00e9 \u010dtvrti Vinohrady, kter\u00e1 je jednou z nejv\u00edce m\u00f3dn\u00edch \u010dtvrt\u00ed dne\u0161ka v Praze. Za 12 minut p\u011b\u0161ky se dostanete na V\u00e1clavsk\u00e9 n\u00e1m\u011bst\u00ed, kde v\u00e1\u0161 ve\u010dern\u00ed program napln\u00ed spousta bar\u016f a klub\u016f. Po n\u00e1ro\u010dn\u00e9m dni si m\u016f\u017eete odpo\u010dinout v saun\u011b, v\u00ed\u0159ivce nebo unik\u00e1tn\u00ed pivn\u00ed l\u00e1zni Bernard. Pokoje jsou vybaveny sprchov\u00fdm koutem a satelitn\u00ed TV, Wi-Fi je zdarma v cel\u00e9m hotelu. <a href=\"https:\/\/football.praguesbarrel.eu\/cs\/prague-centre-plaza\/\">Fotogalerie<\/a><\/p>\n<h2>Ramada ****<\/h2>\n<p>Hotel Ramada se nach\u00e1z\u00ed v centru m\u011bsta, p\u0159\u00edmo na V\u00e1clavsk\u00e9m n\u00e1m\u011bst\u00ed, kde m\u016f\u017eete naj\u00edt spoustu restaurac\u00ed, bar\u016f, klub\u016f i obchod\u016f. Hotel je bezbari\u00e9rov\u00fd a neku\u0159\u00e1ck\u00fd, nab\u00edz\u00ed Wi-Fi zdarma. Hotel byl citliv\u011b rekonstruov\u00e1n, nab\u00edz\u00ed prostorn\u00e9 a pohodln\u00e9 pokoje s modern\u00edm designem. Pokoje maj\u00ed ledni\u010dku, LCD televizi, trezor, varnou konvici a sprchov\u00fd kout (v n\u011bkter\u00fdch pokoj\u00edch je vana). Parkov\u00e1n\u00ed je k dispozici p\u0159\u00edmo v hotelu za dodate\u010dn\u00fd poplatek. Fitness centrum, vnit\u0159n\u00ed vyh\u0159\u00edvan\u00fd baz\u00e9n a sauna se nach\u00e1zej\u00ed v bl\u00edzkosti hotelu. <a href=\"https:\/\/football.praguesbarrel.eu\/ramada\/\">Fotogalerie<\/a><\/p>\n<h2>Rokoko ****<\/h2>\n<p>EA Hotel Rokoko najdete v pal\u00e1ci Rokoko, kter\u00fd je chr\u00e1n\u011bnou pam\u00e1tkou, p\u0159\u00edmo na V\u00e1clavsk\u00e9m n\u00e1m\u011bst\u00ed. Parkov\u00e1n\u00ed m\u00e1 hotel zaji\u0161t\u011bno na bl\u00edzk\u00e9m parkovi\u0161ti. Hotel nab\u00edz\u00ed luxusn\u00ed ubytov\u00e1n\u00ed ve sv\u011btl\u00fdch a elegantn\u00edch pokoj\u00edch, z pokoj\u016f ve vy\u0161\u0161\u00edch patrech budete m\u00edt kr\u00e1sn\u00fd v\u00fdhled na historick\u00e9 centrum Prahy. Sn\u00eddan\u011b se pod\u00e1v\u00e1 ve vedlej\u0161\u00ed budov\u011b. Pokoje maj\u00ed klimatizaci, bezplatnou Wi-Fi, LCD Tv, set na \u010daja. k\u00e1vu, trezor a vanu nebo sprchov\u00fd kout. <a href=\"https:\/\/football.praguesbarrel.eu\/rokoko\/\">Fotogalerie<\/a><\/p>\n<h2>Superior ****<\/h2>\n<p>Hotel Superior se nach\u00e1z\u00ed v centru m\u011bsta, jen 5 minut ch\u016fze od V\u00e1clavsk\u00e9ho n\u00e1m\u011bst\u00ed. V l\u00e9t\u011b m\u016f\u017eete vyu\u017e\u00edt kr\u00e1sn\u00e9 venkovn\u00ed zahrady, cel\u00fd rok se pak m\u016f\u017eete vyh\u0159\u00e1t v saun\u011b, v\u00ed\u0159ivce nebo zaj\u00edt na klasickou mas\u00e1\u017e nebo mas\u00e1\u017e hork\u00fdmi kameny. V\u0161echny pokoje nab\u00edz\u00ed TV, telefon, konvici, f\u00e9n, minibar, vlastn\u00ed koupelnu, klimatizaci a dal\u0161\u00ed. Klienti hotelu tak\u00e9 mohou vyu\u017e\u00edt podzemn\u00edho parkov\u00e1n\u00ed. <a href=\"https:\/\/football.praguesbarrel.eu\/prague-centre-superior\/\">Fotogalerie<\/a><\/p>\n","protected":false},"excerpt":{"rendered":"<p>\ufeff &nbsp; Adria **** Pokud preferujete ubytov\u00e1n\u00ed v centru, nab\u00edz\u00ed v\u00e1m \u010dty\u0159 hv\u011bzdi\u010dkov\u00fd hotel Adria p\u0159\u00edmo na V\u00e1clavsk\u00e9m n\u00e1m\u011bst\u00ed. Tento hotel m\u00e1 v\u00edce ne\u017e stoletou historii, m\u00e1 elegantn\u011b vybaven\u00e9 interi\u00e9ry a p\u0159\u00e1telskou atmosf\u00e9ru. Jeho nejv\u011bt\u0161\u00ed p\u00fdchou je stalaktitov\u00e1 restaurace ve stylu art-deco Triton, kter\u00e1 je vybavena origin\u00e1ln\u00edm n\u00e1bytkem z roku 1912. V\u0161echny historick\u00e9 poklady Prahy&#8230;<\/p>\n","protected":false},"author":9,"featured_media":76768,"parent":8,"menu_order":0,"comment_status":"closed","ping_status":"closed","template":"","meta":{"footnotes":""},"class_list":["post-79","page","type-page","status-publish","has-post-thumbnail","hentry"],"yoast_head":"<!-- This site is optimized with the Yoast SEO plugin v26.9 - https:\/\/yoast.com\/product\/yoast-seo-wordpress\/ -->\n<title>Ubytov\u00e1n\u00ed \u2013 Amat\u00e9rsk\u00fd fotbalov\u00fd turnaj Pra\u017esk\u00fd soudek<\/title>\n<meta name=\"description\" content=\"Organiz\u00e1to\u0159i amat\u00e9rsk\u00e9ho fotbalov\u00e9ho turnaje Pra\u017esk\u00fd soudek pro v\u00e1s vybrali n\u011bkolik hotel\u016f, kde m\u016f\u017eete b\u011bhem turnaje bydlet.\" \/>\n<meta name=\"robots\" content=\"index, follow, max-snippet:-1, max-image-preview:large, max-video-preview:-1\" \/>\n<link rel=\"canonical\" href=\"https:\/\/football.praguesbarrel.eu\/cs\/cena\/ubytovani\/\" \/>\n<meta property=\"og:locale\" content=\"cs_CZ\" \/>\n<meta property=\"og:type\" content=\"article\" \/>\n<meta property=\"og:title\" content=\"Ubytov\u00e1n\u00ed \u2013 Amat\u00e9rsk\u00fd fotbalov\u00fd turnaj Pra\u017esk\u00fd soudek\" \/>\n<meta property=\"og:description\" content=\"Organiz\u00e1to\u0159i amat\u00e9rsk\u00e9ho fotbalov\u00e9ho turnaje Pra\u017esk\u00fd soudek pro v\u00e1s vybrali n\u011bkolik hotel\u016f, kde m\u016f\u017eete b\u011bhem turnaje bydlet.\" \/>\n<meta property=\"og:url\" content=\"https:\/\/football.praguesbarrel.eu\/cs\/cena\/ubytovani\/\" \/>\n<meta property=\"og:site_name\" content=\"Prague&#039;s Barrel\" \/>\n<meta property=\"article:publisher\" content=\"https:\/\/www.facebook.com\/PraguesBarrelTournaments\" \/>\n<meta property=\"article:modified_time\" content=\"2025-10-14T17:49:33+00:00\" \/>\n<meta property=\"og:image\" content=\"https:\/\/football.praguesbarrel.eu\/y0OH9L\/uploads\/2025\/02\/dsc_6778ii.jpg\" \/>\n\t<meta property=\"og:image:width\" content=\"1300\" \/>\n\t<meta property=\"og:image:height\" content=\"868\" \/>\n\t<meta property=\"og:image:type\" content=\"image\/jpeg\" \/>\n<meta name=\"twitter:label1\" content=\"Odhadovan\u00e1 doba \u010dten\u00ed\" \/>\n\t<meta name=\"twitter:data1\" content=\"4 minuty\" \/>\n<script type=\"application\/ld+json\" class=\"yoast-schema-graph\">{\"@context\":\"https:\/\/schema.org\",\"@graph\":[{\"@type\":\"WebPage\",\"@id\":\"https:\/\/football.praguesbarrel.eu\/cs\/cena\/ubytovani\/\",\"url\":\"https:\/\/football.praguesbarrel.eu\/cs\/cena\/ubytovani\/\",\"name\":\"Ubytov\u00e1n\u00ed \u2013 Amat\u00e9rsk\u00fd fotbalov\u00fd turnaj Pra\u017esk\u00fd soudek\",\"isPartOf\":{\"@id\":\"https:\/\/football.praguesbarrel.eu\/#website\"},\"primaryImageOfPage\":{\"@id\":\"https:\/\/football.praguesbarrel.eu\/cs\/cena\/ubytovani\/#primaryimage\"},\"image\":{\"@id\":\"https:\/\/football.praguesbarrel.eu\/cs\/cena\/ubytovani\/#primaryimage\"},\"thumbnailUrl\":\"https:\/\/football.praguesbarrel.eu\/y0OH9L\/uploads\/2025\/02\/dsc_6778ii.jpg\",\"datePublished\":\"2014-10-01T19:45:29+00:00\",\"dateModified\":\"2025-10-14T17:49:33+00:00\",\"description\":\"Organiz\u00e1to\u0159i amat\u00e9rsk\u00e9ho fotbalov\u00e9ho turnaje Pra\u017esk\u00fd soudek pro v\u00e1s vybrali n\u011bkolik hotel\u016f, kde m\u016f\u017eete b\u011bhem turnaje bydlet.\",\"breadcrumb\":{\"@id\":\"https:\/\/football.praguesbarrel.eu\/cs\/cena\/ubytovani\/#breadcrumb\"},\"inLanguage\":\"cs\",\"potentialAction\":[{\"@type\":\"ReadAction\",\"target\":[\"https:\/\/football.praguesbarrel.eu\/cs\/cena\/ubytovani\/\"]}]},{\"@type\":\"ImageObject\",\"inLanguage\":\"cs\",\"@id\":\"https:\/\/football.praguesbarrel.eu\/cs\/cena\/ubytovani\/#primaryimage\",\"url\":\"https:\/\/football.praguesbarrel.eu\/y0OH9L\/uploads\/2025\/02\/dsc_6778ii.jpg\",\"contentUrl\":\"https:\/\/football.praguesbarrel.eu\/y0OH9L\/uploads\/2025\/02\/dsc_6778ii.jpg\",\"width\":1300,\"height\":868},{\"@type\":\"BreadcrumbList\",\"@id\":\"https:\/\/football.praguesbarrel.eu\/cs\/cena\/ubytovani\/#breadcrumb\",\"itemListElement\":[{\"@type\":\"ListItem\",\"position\":1,\"name\":\"Home\",\"item\":\"https:\/\/football.praguesbarrel.eu\/cs\/\"},{\"@type\":\"ListItem\",\"position\":2,\"name\":\"Cena\",\"item\":\"https:\/\/football.praguesbarrel.eu\/cs\/cena\/\"},{\"@type\":\"ListItem\",\"position\":3,\"name\":\"Ubytov\u00e1n\u00ed\"}]},{\"@type\":\"WebSite\",\"@id\":\"https:\/\/football.praguesbarrel.eu\/#website\",\"url\":\"https:\/\/football.praguesbarrel.eu\/\",\"name\":\"Prague&#039;s Barrel\",\"description\":\"Football Tournament\",\"potentialAction\":[{\"@type\":\"SearchAction\",\"target\":{\"@type\":\"EntryPoint\",\"urlTemplate\":\"https:\/\/football.praguesbarrel.eu\/?s={search_term_string}\"},\"query-input\":{\"@type\":\"PropertyValueSpecification\",\"valueRequired\":true,\"valueName\":\"search_term_string\"}}],\"inLanguage\":\"cs\"}]}<\/script>\n<!-- \/ Yoast SEO plugin. -->","yoast_head_json":{"title":"Ubytov\u00e1n\u00ed \u2013 Amat\u00e9rsk\u00fd fotbalov\u00fd turnaj Pra\u017esk\u00fd soudek","description":"Organiz\u00e1to\u0159i amat\u00e9rsk\u00e9ho fotbalov\u00e9ho turnaje Pra\u017esk\u00fd soudek pro v\u00e1s vybrali n\u011bkolik hotel\u016f, kde m\u016f\u017eete b\u011bhem turnaje bydlet.","robots":{"index":"index","follow":"follow","max-snippet":"max-snippet:-1","max-image-preview":"max-image-preview:large","max-video-preview":"max-video-preview:-1"},"canonical":"https:\/\/football.praguesbarrel.eu\/cs\/cena\/ubytovani\/","og_locale":"cs_CZ","og_type":"article","og_title":"Ubytov\u00e1n\u00ed \u2013 Amat\u00e9rsk\u00fd fotbalov\u00fd turnaj Pra\u017esk\u00fd soudek","og_description":"Organiz\u00e1to\u0159i amat\u00e9rsk\u00e9ho fotbalov\u00e9ho turnaje Pra\u017esk\u00fd soudek pro v\u00e1s vybrali n\u011bkolik hotel\u016f, kde m\u016f\u017eete b\u011bhem turnaje bydlet.","og_url":"https:\/\/football.praguesbarrel.eu\/cs\/cena\/ubytovani\/","og_site_name":"Prague&#039;s Barrel","article_publisher":"https:\/\/www.facebook.com\/PraguesBarrelTournaments","article_modified_time":"2025-10-14T17:49:33+00:00","og_image":[{"width":1300,"height":868,"url":"https:\/\/football.praguesbarrel.eu\/y0OH9L\/uploads\/2025\/02\/dsc_6778ii.jpg","type":"image\/jpeg"}],"twitter_misc":{"Odhadovan\u00e1 doba \u010dten\u00ed":"4 minuty"},"schema":{"@context":"https:\/\/schema.org","@graph":[{"@type":"WebPage","@id":"https:\/\/football.praguesbarrel.eu\/cs\/cena\/ubytovani\/","url":"https:\/\/football.praguesbarrel.eu\/cs\/cena\/ubytovani\/","name":"Ubytov\u00e1n\u00ed \u2013 Amat\u00e9rsk\u00fd fotbalov\u00fd turnaj Pra\u017esk\u00fd soudek","isPartOf":{"@id":"https:\/\/football.praguesbarrel.eu\/#website"},"primaryImageOfPage":{"@id":"https:\/\/football.praguesbarrel.eu\/cs\/cena\/ubytovani\/#primaryimage"},"image":{"@id":"https:\/\/football.praguesbarrel.eu\/cs\/cena\/ubytovani\/#primaryimage"},"thumbnailUrl":"https:\/\/football.praguesbarrel.eu\/y0OH9L\/uploads\/2025\/02\/dsc_6778ii.jpg","datePublished":"2014-10-01T19:45:29+00:00","dateModified":"2025-10-14T17:49:33+00:00","description":"Organiz\u00e1to\u0159i amat\u00e9rsk\u00e9ho fotbalov\u00e9ho turnaje Pra\u017esk\u00fd soudek pro v\u00e1s vybrali n\u011bkolik hotel\u016f, kde m\u016f\u017eete b\u011bhem turnaje bydlet.","breadcrumb":{"@id":"https:\/\/football.praguesbarrel.eu\/cs\/cena\/ubytovani\/#breadcrumb"},"inLanguage":"cs","potentialAction":[{"@type":"ReadAction","target":["https:\/\/football.praguesbarrel.eu\/cs\/cena\/ubytovani\/"]}]},{"@type":"ImageObject","inLanguage":"cs","@id":"https:\/\/football.praguesbarrel.eu\/cs\/cena\/ubytovani\/#primaryimage","url":"https:\/\/football.praguesbarrel.eu\/y0OH9L\/uploads\/2025\/02\/dsc_6778ii.jpg","contentUrl":"https:\/\/football.praguesbarrel.eu\/y0OH9L\/uploads\/2025\/02\/dsc_6778ii.jpg","width":1300,"height":868},{"@type":"BreadcrumbList","@id":"https:\/\/football.praguesbarrel.eu\/cs\/cena\/ubytovani\/#breadcrumb","itemListElement":[{"@type":"ListItem","position":1,"name":"Home","item":"https:\/\/football.praguesbarrel.eu\/cs\/"},{"@type":"ListItem","position":2,"name":"Cena","item":"https:\/\/football.praguesbarrel.eu\/cs\/cena\/"},{"@type":"ListItem","position":3,"name":"Ubytov\u00e1n\u00ed"}]},{"@type":"WebSite","@id":"https:\/\/football.praguesbarrel.eu\/#website","url":"https:\/\/football.praguesbarrel.eu\/","name":"Prague&#039;s Barrel","description":"Football Tournament","potentialAction":[{"@type":"SearchAction","target":{"@type":"EntryPoint","urlTemplate":"https:\/\/football.praguesbarrel.eu\/?s={search_term_string}"},"query-input":{"@type":"PropertyValueSpecification","valueRequired":true,"valueName":"search_term_string"}}],"inLanguage":"cs"}]}},"_links":{"self":[{"href":"https:\/\/football.praguesbarrel.eu\/cs\/wp-json\/wp\/v2\/pages\/79","targetHints":{"allow":["GET"]}}],"collection":[{"href":"https:\/\/football.praguesbarrel.eu\/cs\/wp-json\/wp\/v2\/pages"}],"about":[{"href":"https:\/\/football.praguesbarrel.eu\/cs\/wp-json\/wp\/v2\/types\/page"}],"author":[{"embeddable":true,"href":"https:\/\/football.praguesbarrel.eu\/cs\/wp-json\/wp\/v2\/users\/9"}],"replies":[{"embeddable":true,"href":"https:\/\/football.praguesbarrel.eu\/cs\/wp-json\/wp\/v2\/comments?post=79"}],"version-history":[{"count":70,"href":"https:\/\/football.praguesbarrel.eu\/cs\/wp-json\/wp\/v2\/pages\/79\/revisions"}],"predecessor-version":[{"id":77336,"href":"https:\/\/football.praguesbarrel.eu\/cs\/wp-json\/wp\/v2\/pages\/79\/revisions\/77336"}],"up":[{"embeddable":true,"href":"https:\/\/football.praguesbarrel.eu\/cs\/wp-json\/wp\/v2\/pages\/8"}],"wp:featuredmedia":[{"embeddable":true,"href":"https:\/\/football.praguesbarrel.eu\/cs\/wp-json\/wp\/v2\/media\/76768"}],"wp:attachment":[{"href":"https:\/\/football.praguesbarrel.eu\/cs\/wp-json\/wp\/v2\/media?parent=79"}],"curies":[{"name":"wp","href":"https:\/\/api.w.org\/{rel}","templated":true}]}}