{"id":77625,"date":"2026-01-07T22:26:34","date_gmt":"2026-01-07T21:26:34","guid":{"rendered":"https:\/\/football.praguesbarrel.eu\/?page_id=77625"},"modified":"2026-01-07T22:26:34","modified_gmt":"2026-01-07T21:26:34","slug":"turnaj","status":"publish","type":"page","link":"https:\/\/football.praguesbarrel.eu\/cs\/turnaj\/","title":{"rendered":"Turnaj"},"content":{"rendered":"<p>Prague&#8217;s Barrel (Pra\u017esk\u00fd soudek) je <strong>mezin\u00e1rodn\u00ed fotbalov\u00fd turnaj pro amat\u00e9ry a rekrea\u010dn\u00ed t\u00fdmy<\/strong>, kter\u00e9 cht\u011bj\u00ed str\u00e1vit \u010dty\u0159i nezapomenuteln\u00e9 dny pln\u00e9 sportu, p\u0159\u00e1telstv\u00ed a z\u00e1bavy v Praze. A\u0165 u\u017e je v\u00e1\u0161 t\u00fdm slo\u017een z v\u00edkendov\u00fdch bojovn\u00edk\u016f nebo p\u0159\u00e1tel, kte\u0159\u00ed si poprv\u00e9 nazouvaj\u00ed kopa\u010dky, jste u n\u00e1s v\u00edt\u00e1ni. N\u00e1\u0161 bal\u00ed\u010dek zahrnuje ubytov\u00e1n\u00ed, dopravu, plnou penzi, z\u00e1pisn\u00e9 a <strong>neomezenou konzumaci to\u010den\u00e9ho piva<\/strong> po \u010das ofici\u00e1ln\u00edho programu turnaje. S v\u00edce ne\u017e 30 lety zku\u0161enost\u00ed (<a href=\"https:\/\/football.praguesbarrel.eu\/cs\/results\/\">viz v\u0161echny v\u00fdsledky<\/a>) se postar\u00e1me o logistiku, abyste se mohli soust\u0159edit na z\u00e1pasy a nezapomenuteln\u00e9 z\u00e1\u017eitky.<\/p>\n<h2>Pro\u010d si t\u00fdmy vyb\u00edraj\u00ed Prague\u2019s Barrel<\/h2>\n<ul>\n<li><strong>Ide\u00e1ln\u00ed pro amat\u00e9rsk\u00e9 a hobby t\u00fdmy:<\/strong> inkluzivn\u00ed form\u00e1t, p\u0159\u00e1telsk\u00e1 atmosf\u00e9ra, fair play na prvn\u00edm m\u00edst\u011b.<\/li>\n<li><strong>Praha je kr\u00e1sn\u00e9 m\u011bsto a snadno dostupn\u00e9:<\/strong> p\u0159es den hrajte, v noci se bavte.<\/li>\n<li><strong>Postar\u00e1me se o v\u0161e:<\/strong> ubytov\u00e1n\u00ed, stravu, transfery a pomoc na m\u00edst\u011b.<\/li>\n<li><strong>Neomezen\u00e9 pivo a spole\u010densk\u00fd program:<\/strong> ve\u010de\u0159e v typick\u00e9 \u010desk\u00e9 restauraci, ve\u010de\u0159e na lodi, p\u00e1rty a \u010das na prohl\u00eddku pam\u00e1tek.<\/li>\n<li><strong>Des\u00edtky let zku\u0161enost\u00ed:<\/strong> d\u016fv\u011bryhodn\u00ed organiz\u00e1to\u0159i, hladk\u00fd pr\u016fb\u011bh, t\u00fdmy vracej\u00ed se ka\u017ed\u00fd rok.<\/li>\n<\/ul>\n<h2>Kdo by se m\u016f\u017ee p\u0159ihl\u00e1sit?<\/h2>\n<p><strong>Jak\u00fdkoli amat\u00e9rsk\u00fd fotbalov\u00fd t\u00fdm<\/strong>, kter\u00fd chce dob\u0159e zorganizovan\u00fd, z\u00e1bavn\u00fd a pivn\u00ed turnaj v srdci Evropy. Doporu\u010dujeme t\u00fdmy o 12 hr\u00e1\u010d\u00edch; minim\u00e1ln\u00ed po\u010det hr\u00e1\u010d\u016f je 10. <strong>Hraje se fotbal 7 na 7 <\/strong>(otev\u0159en\u00e1 v\u011bkov\u00e1 kategorie, p\u0159\u00edpadn\u011b kategorie 35+).<\/p>\n<p>St\u00e1le v\u00e1h\u00e1te? Pod\u00edvejte se na <a href=\"https:\/\/football.praguesbarrel.eu\/cs\/enrolled-teams\/\">t\u00fdmy, kter\u00e9 se ji\u017e p\u0159ihl\u00e1sily<\/a>, a p\u0159ipojte se k velk\u00e9 komunit\u011b \u00fa\u010dastn\u00edk\u016f pra\u017esk\u00e9ho turnaje Barrel Football Tournament.<\/p>\n<div class=\"ytvideo-wrapper\"><iframe title=\"YouTube video player\" src=\"https:\/\/www.youtube.com\/embed\/euAT4L8QghI?si=g8L2SIdHy-Jk4ZSE\" frameborder=\"0\" allowfullscreen=\"allowfullscreen\"><span data-mce-type=\"bookmark\" style=\"display: inline-block; width: 0px; overflow: hidden; line-height: 0;\" class=\"mce_SELRES_start\">\ufeff<\/span><\/iframe><\/div>\n<h2>JAK TURNAJ PROB\u00cdh\u00c1?<\/h2>\n<section class=\"overview\"><a href=\"https:\/\/football.praguesbarrel.eu\/y0OH9L\/uploads\/2024\/08\/Experience_fotbal_prezentace_compressed.pdf\"><img loading=\"lazy\" decoding=\"async\" class=\"alignnone size-full wp-image-76128\" src=\"https:\/\/football.praguesbarrel.eu\/y0OH9L\/uploads\/2024\/03\/Experience_prezentace.gif\" alt=\"\" width=\"1152\" height=\"648\" \/><\/a>V\u00edte, \u017ee organizujeme turnaje Prague&#8217;s Barrel <strong>u\u017e v\u00edce ne\u017e 30 let?<\/strong> Za tu dobu jsme m\u011bli to \u0161t\u011bst\u00ed p\u0159iv\u00edtat v Praze p\u0159es 300 t\u00fdmu (mnoho t\u00fdm\u016f opakovan\u011b). Bu\u010fte jedn\u00edm z dal\u0161\u00edch a <a href=\"http:\/\/praguesbarrel.eu\/cs\/registrace\/\">registrujte sv\u016fj t\u00fdm.<\/a><\/p>\n<p style=\"text-align: center;\"><iframe loading=\"lazy\" src=\"https:\/\/www.google.com\/maps\/d\/u\/0\/embed?mid=1fzXWY2bDJGbyXMPOxVp4WAH80a8\" width=\"640\" height=\"480\"><\/iframe><\/p>\n<style>#sp-ea-77267 .spcollapsing { height: 0; overflow: hidden; transition-property: height;transition-duration: 300ms;}#sp-ea-77267.sp-easy-accordion>.sp-ea-single {margin-bottom: 10px; border: 1px solid #e2e2e2; }#sp-ea-77267.sp-easy-accordion>.sp-ea-single>.ea-header a {color: #444;}#sp-ea-77267.sp-easy-accordion>.sp-ea-single>.sp-collapse>.ea-body {background: #fff; color: #444;}#sp-ea-77267.sp-easy-accordion>.sp-ea-single {background: #eee;}#sp-ea-77267.sp-easy-accordion>.sp-ea-single>.ea-header a .ea-expand-icon { float: left; color: #444;font-size: 16px;}<\/style><div id=\"sp_easy_accordion-1760206306\"><div id=\"sp-ea-77267\" class=\"sp-ea-one sp-easy-accordion\" data-ea-active=\"ea-click\" data-ea-mode=\"vertical\" data-preloader=\"\" data-scroll-active-item=\"\" data-offset-to-scroll=\"0\"><div class=\"ea-card ea-expand sp-ea-single\"><h3 class=\"ea-header\"><a class=\"collapsed\" id=\"ea-header-772670\" role=\"button\" data-sptoggle=\"spcollapse\" data-sptarget=\"#collapse772670\" aria-controls=\"collapse772670\" href=\"#\" aria-expanded=\"true\" tabindex=\"0\"><i aria-hidden=\"true\" role=\"presentation\" class=\"ea-expand-icon eap-icon-ea-expand-minus\"><\/i> Pravidla<\/a><\/h3><div class=\"sp-collapse spcollapse collapsed show\" id=\"collapse772670\" data-parent=\"#sp-ea-77267\" role=\"region\" aria-labelledby=\"ea-header-772670\"> <div class=\"ea-body\"><p>Fotbalov\u00fd turnaj \u201eO pra\u017esk\u00fd soudek\u201c je amat\u00e9rsk\u00fd turnaj dob\u0159e nalad\u011bn\u00fdch fotbalist\u016f z cel\u00e9ho sv\u011bta. C\u00edlem je p\u0159edev\u0161\u00edm z\u00e1bava, dobr\u00e1 n\u00e1lada, sezn\u00e1men\u00ed se s nov\u00fdmi p\u0159\u00e1teli a uha\u0161en\u00ed \u017e\u00edzn\u011b pivem. P\u0159esto je nutn\u00e9 stanovit z\u00e1kladn\u00ed pravidla turnaje, aby mohli b\u00fdt v z\u00e1v\u011bru dekorov\u00e1ni v\u00edt\u011bzov\u00e9.<\/p><h3>Z\u00e1kladn\u00ed pravidla (sedmi\u010dkov\u00fd fotbal mu\u017ei)<\/h3><ul><li>jsou uplat\u0148ov\u00e1na z\u00e1kladn\u00ed pravidla fotbalu FIFA,<\/li><li>hraje se na 2\u00d715 minut,<\/li><li>rozm\u011br branek je 5\u00d72 m,<\/li><li>rozm\u011br h\u0159i\u0161t\u011b cca 35\u00d750 m,<\/li><li>po\u010det st\u0159\u00eddaj\u00edc\u00edch hr\u00e1\u010d\u016f nen\u00ed omezen,<\/li><li>za v\u00fdhru v z\u00e1kladn\u00ed skupin\u011b jsou 3 body, za rem\u00edzu 1, v p\u0159\u00edpad\u011b rem\u00edzov\u00e9ho stavu v play-off 3 pokutov\u00e9 kopy a pak po 1 kopu,<\/li><li>rozhod\u010d\u00ed nep\u0159ipust\u00ed st\u0159\u00edd\u00e1n\u00ed, pokud by bylo \u00famyslem zdr\u017eovat hru,<\/li><li>nen\u00ed uplat\u0148ov\u00e1n off-side,<\/li><li>nen\u00ed dovoleno pou\u017e\u00edvat \u201ekol\u00edkov\u00e9\u201c kopa\u010dky na um\u011blou tr\u00e1vu,<\/li><li>v\u0161echny z\u00e1pasy i na um\u011bl\u00e9 tr\u00e1v\u011b se hraj\u00ed s m\u00ed\u010di velikosti 5 ur\u010den\u00fdmi pro travnat\u00fd povrch,<\/li><li>hr\u00e1\u010d, kter\u00fd obdr\u017e\u00ed \u010dervenou nebo dv\u011b \u017elut\u00e9 karty v z\u00e1pasu \u2013 nesm\u00ed hr\u00e1t dal\u0161\u00ed z\u00e1pas,<\/li><li>je zak\u00e1z\u00e1no ni\u010dit h\u0159i\u0161t\u011b (vyhazovat odpadky, nedopalky ap.),<\/li><li>ka\u017ed\u00fd hr\u00e1\u010d hraje na vlastn\u00ed nebezpe\u010d\u00ed \u2013 organiz\u00e1tor zaji\u0161\u0165uje z\u00e1kladn\u00ed zdravotn\u00ed p\u00e9\u010di,<\/li><li>jeden hr\u00e1\u010d m\u016f\u017ee startovat pouze v jednom t\u00fdmu b\u011bhem turnaje tj. p\u016fj\u010dov\u00e1n\u00ed hr\u00e1\u010d\u016f je povoleno<\/li><li>pouze se souhlasem rozhod\u010d\u00edho a kapit\u00e1na soupe\u0159e p\u0159ed z\u00e1pasem,<\/li><li>respektujme z\u00e1kladn\u00ed pravidlo: FAIR PLAY.<\/li><\/ul><h3>Z\u00e1kladn\u00ed pravidla (kategorie 35+)<\/h3><ul><li>Fotbalov\u00fd turnaj 6+1 dle pravidel v\u00fd\u0161e.<\/li><li>Tato kategorie bude otev\u0159ena pouze v p\u0159\u00edpad\u011b, \u017ee bude p\u0159ihl\u00e1\u0161eno alespo\u0148 6 t\u00fdm\u016f. Pokud ne, tak t\u00fdmy p\u0159ejdou do klasick\u00e9 otev\u0159en\u00e9 kategorie.<\/li><li>Hr\u00e1\u010di by m\u011bli dos\u00e1hnout v\u011bku 35 let a v\u00edce v pr\u016fb\u011bhu dan\u00e9ho kalend\u00e1\u0159n\u00edho roku (ro\u010dn\u00edk 1991 a star\u0161\u00ed).<\/li><li>Mlad\u0161\u00ed hr\u00e1\u010di: V t\u00fdmu mohou b\u00fdt maxim\u00e1ln\u011b dva hr\u00e1\u010di mlad\u0161\u00ed 35 let a na h\u0159i\u0161ti m\u016f\u017ee hr\u00e1t pouze jeden.<\/li><li>T\u00fdmy, kter\u00e1 tato pravidla poru\u0161\u00ed, budou penalizov\u00e1ni kontumac\u00ed z\u00e1pasu 3-0.<\/li><li>Potvrzen\u00ed o v\u011bku hr\u00e1\u010d\u016f mus\u00ed t\u00fdm dodat organiz\u00e1torovi p\u0159ed za\u010d\u00e1tkem turnaje.<\/li><\/ul><\/div><\/div><\/div><div class=\"ea-card sp-ea-single\"><h3 class=\"ea-header\"><a class=\"collapsed\" id=\"ea-header-772671\" role=\"button\" data-sptoggle=\"spcollapse\" data-sptarget=\"#collapse772671\" aria-controls=\"collapse772671\" href=\"#\" aria-expanded=\"false\" tabindex=\"0\"><i aria-hidden=\"true\" role=\"presentation\" class=\"ea-expand-icon eap-icon-ea-expand-plus\"><\/i> Syst\u00e9m<\/a><\/h3><div class=\"sp-collapse spcollapse \" id=\"collapse772671\" data-parent=\"#sp-ea-77267\" role=\"region\" aria-labelledby=\"ea-header-772671\"> <div class=\"ea-body\"><p>Syst\u00e9m turnaje a postupov\u00fd kl\u00ed\u010d ve skupin\u00e1ch se stanovuje p\u0159ed za\u010d\u00e1tkem turnaje na z\u00e1klad\u011b po\u010dtu p\u0159ihl\u00e1\u0161en\u00fdch dru\u017estev, obecn\u011b ka\u017ed\u00fd t\u00fdm hraje prvn\u00ed den minim\u00e1ln\u011b 3 z\u00e1pasy ve skupin\u011b a druh\u00fd den podle sv\u00e9ho um\u00edst\u011bn\u00ed play-off nebo skupinu o kone\u010dn\u00e9 um\u00edst\u011bn\u00ed,<\/p><\/div><\/div><\/div><div class=\"ea-card sp-ea-single\"><h3 class=\"ea-header\"><a class=\"collapsed\" id=\"ea-header-772672\" role=\"button\" data-sptoggle=\"spcollapse\" data-sptarget=\"#collapse772672\" aria-controls=\"collapse772672\" href=\"#\" aria-expanded=\"false\" tabindex=\"0\"><i aria-hidden=\"true\" role=\"presentation\" class=\"ea-expand-icon eap-icon-ea-expand-plus\"><\/i> Program<\/a><\/h3><div class=\"sp-collapse spcollapse \" id=\"collapse772672\" data-parent=\"#sp-ea-77267\" role=\"region\" aria-labelledby=\"ea-header-772672\"> <div class=\"ea-body\"><h3>\u010ctvrtek<\/h3><ul><li>14:00\u201318:00 P\u0159\u00edjezd a ubytov\u00e1n\u00ed<\/li><li>19:00\u201322:00 Ve\u010de\u0159e v typicky \u010desk\u00e9 restauraci<\/li><li>Voln\u00fd program<\/li><\/ul><h3>P\u00e1tek<\/h3><ul><li>7:00\u20139:00 Sn\u00eddan\u011b v hotelu<\/li><li>8:15\u20139:15 Odjezd na fotbalov\u00e1 h\u0159i\u0161t\u011b<\/li><li>9:00\u201316:00 Sportovn\u00ed program (ob\u011bd v restauraci na h\u0159i\u0161ti)<\/li><li>15:00\u201319:30 Voln\u00fd program (n\u00e1kupy, prohl\u00eddka m\u011bsta)<\/li><li>19:30\u201322:00 Ve\u010de\u0159e na lodi s proj\u00ed\u017e\u010fkou po Vltav\u011b\/ve\u010de\u0159e v restauraci<\/li><li>Voln\u00fd program<\/li><\/ul><h3>Sobota<\/h3><ul><li>7:00\u20139:00 Sn\u00eddan\u011b v hotelu<\/li><li>8:15\u20139:15 Odjezd na fotbalov\u00e1 h\u0159i\u0161t\u011b<\/li><li>9:00\u201316:00 Sportovn\u00ed program (ob\u011bd v restauraci na h\u0159i\u0161ti)<\/li><li>13:00\u201319:00 Voln\u00fd \u010das (n\u00e1kupy, prohl\u00eddka m\u011bsta)<\/li><li>19:30 Z\u00e1v\u011bre\u010dn\u00fd ceremoni\u00e1l s vyhl\u00e1\u0161en\u00edm v\u00edt\u011bz\u016f, ve\u010de\u0159\u00ed a hudbou<\/li><li>Voln\u00fd program<\/li><\/ul><h3>Ned\u011ble<\/h3><ul><li>7:00\u201310:00 Sn\u00eddan\u011b v hotelu<\/li><li>11:00 Voln\u00fd program, odjezd<\/li><\/ul><\/div><\/div><\/div><div class=\"ea-card sp-ea-single\"><h3 class=\"ea-header\"><a class=\"collapsed\" id=\"ea-header-772673\" role=\"button\" data-sptoggle=\"spcollapse\" data-sptarget=\"#collapse772673\" aria-controls=\"collapse772673\" href=\"#\" aria-expanded=\"false\" tabindex=\"0\"><i aria-hidden=\"true\" role=\"presentation\" class=\"ea-expand-icon eap-icon-ea-expand-plus\"><\/i> H\u0159i\u0161t\u011b<\/a><\/h3><div class=\"sp-collapse spcollapse \" id=\"collapse772673\" data-parent=\"#sp-ea-77267\" role=\"region\" aria-labelledby=\"ea-header-772673\"> <div class=\"ea-body\"><h3>Fotbalov\u00e9 h\u0159i\u0161t\u011b ABC BRAN\u00cdK PRAHA<\/h3><p><strong>Adresa: ABC Bran\u00edk, Za Ml\u00fdnem 1774, Praha 4 \u2013 Bran\u00edk, 140 00<\/strong><\/p><p>Are\u00e1l ABC Bran\u00edk je ide\u00e1ln\u00ed pro turnaj Pra\u017esk\u00fd soudek p\u0159edev\u0161\u00edm dobrou dostupnost\u00ed k hlavn\u00edm hotel\u016fm a svou rozlohou. V are\u00e1lu jsou vedle sebe postavena 3 velk\u00e1 fotbalov\u00e1 h\u0159i\u0161t\u011b a to n\u00e1m umo\u017e\u0148uje koncentrovat na jedno m\u00edsto a\u017e 32 t\u00fdm\u016f. V cel\u00e9m are\u00e1lu se tak vytvo\u0159\u00ed prav\u00e1 \u201esoudkov\u00e1\u201c atmosf\u00e9ra. Pokud zrovna nebudete m\u00edt z\u00e1pas, m\u016f\u017eete se osv\u011b\u017eit u jedn\u00e9 ze t\u0159\u00ed ob\u010derstvovac\u00edch stanic, kde bude k m\u00e1n\u00ed po cel\u00fd den pivo zdarma a va\u0161e hosteska v\u00e1m p\u0159\u00edpadn\u011b zajist\u00ed vodu a ovoce. Na ob\u011bd si zasko\u010d\u00edte do m\u00edstn\u00ed restaurace, kter\u00e1 je p\u0159\u00edmo u h\u0159i\u0161t\u011b.<\/p><h3>Vybaven\u00ed a povrch<\/h3><ul><li>\u0160atny a sprchy jsou k dispozici po cel\u00fd den.<\/li><li>H\u0159i\u0161t\u011b jsou o\u010d\u00edslov\u00e1na 1\u20136 a v\u0161echna jsou pokryta um\u011bl\u00fdm tr\u00e1vn\u00edkem t\u0159et\u00ed generace (kopa\u010dky bez kovov\u00fdch hrot\u016f).<\/li><li>Po celou dobu turnaje je k dispozici prvn\u00ed pomoc.<\/li><\/ul><\/div><\/div><\/div><\/div><\/div>\n<\/section>\n","protected":false},"excerpt":{"rendered":"<p>Prague&#8217;s Barrel (Pra\u017esk\u00fd soudek) je mezin\u00e1rodn\u00ed fotbalov\u00fd turnaj pro amat\u00e9ry a rekrea\u010dn\u00ed t\u00fdmy, kter\u00e9 cht\u011bj\u00ed str\u00e1vit \u010dty\u0159i nezapomenuteln\u00e9 dny pln\u00e9 sportu, p\u0159\u00e1telstv\u00ed a z\u00e1bavy v Praze. A\u0165 u\u017e je v\u00e1\u0161 t\u00fdm slo\u017een z v\u00edkendov\u00fdch bojovn\u00edk\u016f nebo p\u0159\u00e1tel, kte\u0159\u00ed si poprv\u00e9 nazouvaj\u00ed kopa\u010dky, jste u n\u00e1s v\u00edt\u00e1ni. N\u00e1\u0161 bal\u00ed\u010dek zahrnuje ubytov\u00e1n\u00ed, dopravu, plnou penzi, z\u00e1pisn\u00e9 a&#8230;<\/p>\n","protected":false},"author":3,"featured_media":75755,"parent":0,"menu_order":0,"comment_status":"closed","ping_status":"closed","template":"","meta":{"footnotes":""},"class_list":["post-77625","page","type-page","status-publish","has-post-thumbnail","hentry"],"yoast_head":"<!-- This site is optimized with the Yoast SEO plugin v26.9 - https:\/\/yoast.com\/product\/yoast-seo-wordpress\/ -->\n<title>Turnaj - Prague&#039;s Barrel<\/title>\n<meta name=\"robots\" content=\"index, follow, max-snippet:-1, max-image-preview:large, max-video-preview:-1\" \/>\n<link rel=\"canonical\" href=\"https:\/\/football.praguesbarrel.eu\/cs\/turnaj\/\" \/>\n<meta property=\"og:locale\" content=\"cs_CZ\" \/>\n<meta property=\"og:type\" content=\"article\" \/>\n<meta property=\"og:title\" content=\"Turnaj - Prague&#039;s Barrel\" \/>\n<meta property=\"og:description\" content=\"Prague&#8217;s Barrel (Pra\u017esk\u00fd soudek) je mezin\u00e1rodn\u00ed fotbalov\u00fd turnaj pro amat\u00e9ry a rekrea\u010dn\u00ed t\u00fdmy, kter\u00e9 cht\u011bj\u00ed str\u00e1vit \u010dty\u0159i nezapomenuteln\u00e9 dny pln\u00e9 sportu, p\u0159\u00e1telstv\u00ed a z\u00e1bavy v Praze. A\u0165 u\u017e je v\u00e1\u0161 t\u00fdm slo\u017een z v\u00edkendov\u00fdch bojovn\u00edk\u016f nebo p\u0159\u00e1tel, kte\u0159\u00ed si poprv\u00e9 nazouvaj\u00ed kopa\u010dky, jste u n\u00e1s v\u00edt\u00e1ni. N\u00e1\u0161 bal\u00ed\u010dek zahrnuje ubytov\u00e1n\u00ed, dopravu, plnou penzi, z\u00e1pisn\u00e9 a...\" \/>\n<meta property=\"og:url\" content=\"https:\/\/football.praguesbarrel.eu\/cs\/turnaj\/\" \/>\n<meta property=\"og:site_name\" content=\"Prague&#039;s Barrel\" \/>\n<meta property=\"article:publisher\" content=\"https:\/\/www.facebook.com\/PraguesBarrelTournaments\" \/>\n<meta property=\"og:image\" content=\"https:\/\/football.praguesbarrel.eu\/y0OH9L\/uploads\/2023\/11\/mice.jpeg\" \/>\n\t<meta property=\"og:image:width\" content=\"818\" \/>\n\t<meta property=\"og:image:height\" content=\"1224\" \/>\n\t<meta property=\"og:image:type\" content=\"image\/jpeg\" \/>\n<script type=\"application\/ld+json\" class=\"yoast-schema-graph\">{\"@context\":\"https:\/\/schema.org\",\"@graph\":[{\"@type\":\"WebPage\",\"@id\":\"https:\/\/football.praguesbarrel.eu\/cs\/turnaj\/\",\"url\":\"https:\/\/football.praguesbarrel.eu\/cs\/turnaj\/\",\"name\":\"Turnaj - Prague&#039;s Barrel\",\"isPartOf\":{\"@id\":\"https:\/\/football.praguesbarrel.eu\/#website\"},\"primaryImageOfPage\":{\"@id\":\"https:\/\/football.praguesbarrel.eu\/cs\/turnaj\/#primaryimage\"},\"image\":{\"@id\":\"https:\/\/football.praguesbarrel.eu\/cs\/turnaj\/#primaryimage\"},\"thumbnailUrl\":\"https:\/\/football.praguesbarrel.eu\/y0OH9L\/uploads\/2023\/11\/mice.jpeg\",\"datePublished\":\"2026-01-07T21:26:34+00:00\",\"breadcrumb\":{\"@id\":\"https:\/\/football.praguesbarrel.eu\/cs\/turnaj\/#breadcrumb\"},\"inLanguage\":\"cs\",\"potentialAction\":[{\"@type\":\"ReadAction\",\"target\":[\"https:\/\/football.praguesbarrel.eu\/cs\/turnaj\/\"]}]},{\"@type\":\"ImageObject\",\"inLanguage\":\"cs\",\"@id\":\"https:\/\/football.praguesbarrel.eu\/cs\/turnaj\/#primaryimage\",\"url\":\"https:\/\/football.praguesbarrel.eu\/y0OH9L\/uploads\/2023\/11\/mice.jpeg\",\"contentUrl\":\"https:\/\/football.praguesbarrel.eu\/y0OH9L\/uploads\/2023\/11\/mice.jpeg\",\"width\":818,\"height\":1224},{\"@type\":\"BreadcrumbList\",\"@id\":\"https:\/\/football.praguesbarrel.eu\/cs\/turnaj\/#breadcrumb\",\"itemListElement\":[{\"@type\":\"ListItem\",\"position\":1,\"name\":\"Home\",\"item\":\"https:\/\/football.praguesbarrel.eu\/cs\/\"},{\"@type\":\"ListItem\",\"position\":2,\"name\":\"Turnaj\"}]},{\"@type\":\"WebSite\",\"@id\":\"https:\/\/football.praguesbarrel.eu\/#website\",\"url\":\"https:\/\/football.praguesbarrel.eu\/\",\"name\":\"Prague&#039;s Barrel\",\"description\":\"Football Tournament\",\"potentialAction\":[{\"@type\":\"SearchAction\",\"target\":{\"@type\":\"EntryPoint\",\"urlTemplate\":\"https:\/\/football.praguesbarrel.eu\/?s={search_term_string}\"},\"query-input\":{\"@type\":\"PropertyValueSpecification\",\"valueRequired\":true,\"valueName\":\"search_term_string\"}}],\"inLanguage\":\"cs\"}]}<\/script>\n<!-- \/ Yoast SEO plugin. -->","yoast_head_json":{"title":"Turnaj - Prague&#039;s Barrel","robots":{"index":"index","follow":"follow","max-snippet":"max-snippet:-1","max-image-preview":"max-image-preview:large","max-video-preview":"max-video-preview:-1"},"canonical":"https:\/\/football.praguesbarrel.eu\/cs\/turnaj\/","og_locale":"cs_CZ","og_type":"article","og_title":"Turnaj - Prague&#039;s Barrel","og_description":"Prague&#8217;s Barrel (Pra\u017esk\u00fd soudek) je mezin\u00e1rodn\u00ed fotbalov\u00fd turnaj pro amat\u00e9ry a rekrea\u010dn\u00ed t\u00fdmy, kter\u00e9 cht\u011bj\u00ed str\u00e1vit \u010dty\u0159i nezapomenuteln\u00e9 dny pln\u00e9 sportu, p\u0159\u00e1telstv\u00ed a z\u00e1bavy v Praze. A\u0165 u\u017e je v\u00e1\u0161 t\u00fdm slo\u017een z v\u00edkendov\u00fdch bojovn\u00edk\u016f nebo p\u0159\u00e1tel, kte\u0159\u00ed si poprv\u00e9 nazouvaj\u00ed kopa\u010dky, jste u n\u00e1s v\u00edt\u00e1ni. N\u00e1\u0161 bal\u00ed\u010dek zahrnuje ubytov\u00e1n\u00ed, dopravu, plnou penzi, z\u00e1pisn\u00e9 a...","og_url":"https:\/\/football.praguesbarrel.eu\/cs\/turnaj\/","og_site_name":"Prague&#039;s Barrel","article_publisher":"https:\/\/www.facebook.com\/PraguesBarrelTournaments","og_image":[{"width":818,"height":1224,"url":"https:\/\/football.praguesbarrel.eu\/y0OH9L\/uploads\/2023\/11\/mice.jpeg","type":"image\/jpeg"}],"schema":{"@context":"https:\/\/schema.org","@graph":[{"@type":"WebPage","@id":"https:\/\/football.praguesbarrel.eu\/cs\/turnaj\/","url":"https:\/\/football.praguesbarrel.eu\/cs\/turnaj\/","name":"Turnaj - Prague&#039;s Barrel","isPartOf":{"@id":"https:\/\/football.praguesbarrel.eu\/#website"},"primaryImageOfPage":{"@id":"https:\/\/football.praguesbarrel.eu\/cs\/turnaj\/#primaryimage"},"image":{"@id":"https:\/\/football.praguesbarrel.eu\/cs\/turnaj\/#primaryimage"},"thumbnailUrl":"https:\/\/football.praguesbarrel.eu\/y0OH9L\/uploads\/2023\/11\/mice.jpeg","datePublished":"2026-01-07T21:26:34+00:00","breadcrumb":{"@id":"https:\/\/football.praguesbarrel.eu\/cs\/turnaj\/#breadcrumb"},"inLanguage":"cs","potentialAction":[{"@type":"ReadAction","target":["https:\/\/football.praguesbarrel.eu\/cs\/turnaj\/"]}]},{"@type":"ImageObject","inLanguage":"cs","@id":"https:\/\/football.praguesbarrel.eu\/cs\/turnaj\/#primaryimage","url":"https:\/\/football.praguesbarrel.eu\/y0OH9L\/uploads\/2023\/11\/mice.jpeg","contentUrl":"https:\/\/football.praguesbarrel.eu\/y0OH9L\/uploads\/2023\/11\/mice.jpeg","width":818,"height":1224},{"@type":"BreadcrumbList","@id":"https:\/\/football.praguesbarrel.eu\/cs\/turnaj\/#breadcrumb","itemListElement":[{"@type":"ListItem","position":1,"name":"Home","item":"https:\/\/football.praguesbarrel.eu\/cs\/"},{"@type":"ListItem","position":2,"name":"Turnaj"}]},{"@type":"WebSite","@id":"https:\/\/football.praguesbarrel.eu\/#website","url":"https:\/\/football.praguesbarrel.eu\/","name":"Prague&#039;s Barrel","description":"Football Tournament","potentialAction":[{"@type":"SearchAction","target":{"@type":"EntryPoint","urlTemplate":"https:\/\/football.praguesbarrel.eu\/?s={search_term_string}"},"query-input":{"@type":"PropertyValueSpecification","valueRequired":true,"valueName":"search_term_string"}}],"inLanguage":"cs"}]}},"_links":{"self":[{"href":"https:\/\/football.praguesbarrel.eu\/cs\/wp-json\/wp\/v2\/pages\/77625","targetHints":{"allow":["GET"]}}],"collection":[{"href":"https:\/\/football.praguesbarrel.eu\/cs\/wp-json\/wp\/v2\/pages"}],"about":[{"href":"https:\/\/football.praguesbarrel.eu\/cs\/wp-json\/wp\/v2\/types\/page"}],"author":[{"embeddable":true,"href":"https:\/\/football.praguesbarrel.eu\/cs\/wp-json\/wp\/v2\/users\/3"}],"replies":[{"embeddable":true,"href":"https:\/\/football.praguesbarrel.eu\/cs\/wp-json\/wp\/v2\/comments?post=77625"}],"version-history":[{"count":1,"href":"https:\/\/football.praguesbarrel.eu\/cs\/wp-json\/wp\/v2\/pages\/77625\/revisions"}],"predecessor-version":[{"id":77631,"href":"https:\/\/football.praguesbarrel.eu\/cs\/wp-json\/wp\/v2\/pages\/77625\/revisions\/77631"}],"wp:featuredmedia":[{"embeddable":true,"href":"https:\/\/football.praguesbarrel.eu\/cs\/wp-json\/wp\/v2\/media\/75755"}],"wp:attachment":[{"href":"https:\/\/football.praguesbarrel.eu\/cs\/wp-json\/wp\/v2\/media?parent=77625"}],"curies":[{"name":"wp","href":"https:\/\/api.w.org\/{rel}","templated":true}]}}