{"id":77280,"date":"2025-09-25T22:06:49","date_gmt":"2025-09-25T21:06:49","guid":{"rendered":"https:\/\/football.praguesbarrel.eu\/gallery\/"},"modified":"2025-11-26T19:08:49","modified_gmt":"2025-11-26T18:08:49","slug":"gallery","status":"publish","type":"page","link":"https:\/\/football.praguesbarrel.eu\/cs\/gallery\/","title":{"rendered":"Gallery"},"content":{"rendered":"<div class=\"photo-grid\"><a href=\"https:\/\/photos.app.goo.gl\/1i2hZHbmi28qYvHu8\"><br \/>\n<img decoding=\"async\" src=\"https:\/\/football.praguesbarrel.eu\/y0OH9L\/uploads\/2025\/09\/4.jpg\" alt=\"Popis prvn\u00edho obr\u00e1zku\" \/><br \/>\n<\/a><br \/>\n<a href=\"https:\/\/photos.app.goo.gl\/VUSPquxvFryEE9ZN6\"><br \/>\n<img decoding=\"async\" src=\"https:\/\/football.praguesbarrel.eu\/y0OH9L\/uploads\/2025\/09\/5.jpg\" alt=\"Popis druh\u00e9ho obr\u00e1zku\" \/><br \/>\n<\/a><br \/>\n<a href=\"https:\/\/photos.app.goo.gl\/68jFGRKys216Hsqk8\"><br \/>\n<img decoding=\"async\" src=\"https:\/\/football.praguesbarrel.eu\/y0OH9L\/uploads\/2025\/09\/6.jpg\" alt=\"Popis t\u0159et\u00edho obr\u00e1zku\" \/><br \/>\n<\/a><\/div>\n<p>All the photos from our football tournaments can be found in Google Photos albums according to years:<\/p>\n<ul>\n<li>2025: <a href=\"https:\/\/photos.app.goo.gl\/1i2hZHbmi28qYvHu8\">June I.<\/a>, <a href=\"https:\/\/photos.app.goo.gl\/VUSPquxvFryEE9ZN6\">June II.<\/a>, <a href=\"https:\/\/photos.app.goo.gl\/68jFGRKys216Hsqk8\">August<\/a><\/li>\n<li>2024: <a href=\"https:\/\/photos.app.goo.gl\/78HHRhbpfmagkqPw5\">June<\/a>, <a href=\"https:\/\/photos.app.goo.gl\/HHzmdrXxeS8KEjDA7\">August<\/a><\/li>\n<li>2023: <a href=\"https:\/\/photos.app.goo.gl\/mNh3jPqDjt3nNh4MA\">June I.<\/a>, <a href=\"https:\/\/photos.app.goo.gl\/w9ddhynneHX9g64WA\">June II.<\/a>, <a href=\"https:\/\/photos.app.goo.gl\/S85ftXd5RSNznKoS7\">August<\/a><\/li>\n<li>2022: <a href=\"https:\/\/photos.app.goo.gl\/PPXBcvaDoGTxEJ2f6\">June I.<\/a>, <a href=\"https:\/\/photos.app.goo.gl\/tUze42Wp7dT5gFwo9\">June II.<\/a>, <a href=\"https:\/\/photos.app.goo.gl\/FKq6p8yvjM1KHDWs9\">August<\/a><\/li>\n<li>2021: <a href=\"https:\/\/photos.app.goo.gl\/NpC4mFtLTd1ugmZn6\">August<\/a><\/li>\n<li>2019: <a href=\"https:\/\/photos.app.goo.gl\/61xUFCBvDVSp4hvV8\">June I.<\/a>, <a href=\"https:\/\/photos.app.goo.gl\/oXTwyhwFKLZFrcXH8\">June II.<\/a>, <a href=\"https:\/\/photos.app.goo.gl\/kxWsegLu7RMRZDqZA\">August<\/a><\/li>\n<li>2018: <a href=\"https:\/\/photos.app.goo.gl\/rApqPVRZq7Wvh4u17\">June I.<\/a>, <a href=\"https:\/\/photos.app.goo.gl\/2MQh3qFsJhTXoKQi8\">June II.<\/a>, <a href=\"https:\/\/photos.app.goo.gl\/ExQyACwNg42ZEv4z7\">August<\/a><\/li>\n<li>2017: <a href=\"https:\/\/photos.app.goo.gl\/xZDMgvXANoMFv2CN9\">June I.<\/a>, <a href=\"https:\/\/photos.app.goo.gl\/qgUiNxrXVYeBX4rk9\">June II.<\/a>, <a href=\"https:\/\/photos.app.goo.gl\/hAeb68XfdXMvbmGN9\">September<\/a><\/li>\n<li>2016: <a href=\"https:\/\/photos.app.goo.gl\/vb2iQsRzRh9WEKBT8\">June I.<\/a>, <a href=\"https:\/\/photos.app.goo.gl\/8HT3Myb2KKEQeVJ1A\">June II.<\/a>, <a href=\"https:\/\/photos.app.goo.gl\/89jF6iMg87MrKAit8\">September<\/a><\/li>\n<li><a href=\"https:\/\/photos.app.goo.gl\/WmVMoxVNTfUCacTv9\">2015 June<\/a><\/li>\n<li><a href=\"https:\/\/photos.app.goo.gl\/RyQTWwxSxdsdaq9E9\">2014 and older<\/a><\/li>\n<\/ul>\n<div class=\"ytvideo-wrapper\"><iframe title=\"YouTube video player\" src=\"https:\/\/www.youtube.com\/embed\/euAT4L8QghI\" frameborder=\"0\" allowfullscreen=\"allowfullscreen\"><\/iframe><\/div>\n<p>&nbsp;<\/p>\n<p>All the videos from our previous football tournaments can be found <a href=\"https:\/\/www.youtube.com\/playlist?list=PLHMdOFDTqY8B7cOn5dZiFEU9vlmICBWD_\">in this playlist<\/a>.<\/p>\n","protected":false},"excerpt":{"rendered":"<p>All the photos from our football tournaments can be found in Google Photos albums according to years: 2025: June I., June II., August 2024: June, August 2023: June I., June II., August 2022: June I., June II., August 2021: August 2019: June I., June II., August 2018: June I., June II., August 2017: June I.,&#8230;<\/p>\n","protected":false},"author":3,"featured_media":0,"parent":0,"menu_order":0,"comment_status":"closed","ping_status":"closed","template":"","meta":{"footnotes":""},"class_list":["post-77280","page","type-page","status-publish","hentry"],"yoast_head":"<!-- This site is optimized with the Yoast SEO plugin v26.9 - https:\/\/yoast.com\/product\/yoast-seo-wordpress\/ -->\n<title>Gallery - Prague&#039;s Barrel<\/title>\n<meta name=\"robots\" content=\"index, follow, max-snippet:-1, max-image-preview:large, max-video-preview:-1\" \/>\n<link rel=\"canonical\" href=\"https:\/\/football.praguesbarrel.eu\/cs\/gallery\/\" \/>\n<meta property=\"og:locale\" content=\"cs_CZ\" \/>\n<meta property=\"og:type\" content=\"article\" \/>\n<meta property=\"og:title\" content=\"Gallery - Prague&#039;s Barrel\" \/>\n<meta property=\"og:description\" content=\"All the photos from our football tournaments can be found in Google Photos albums according to years: 2025: June I., June II., August 2024: June, August 2023: June I., June II., August 2022: June I., June II., August 2021: August 2019: June I., June II., August 2018: June I., June II., August 2017: June I.,...\" \/>\n<meta property=\"og:url\" content=\"https:\/\/football.praguesbarrel.eu\/cs\/gallery\/\" \/>\n<meta property=\"og:site_name\" content=\"Prague&#039;s Barrel\" \/>\n<meta property=\"article:publisher\" content=\"https:\/\/www.facebook.com\/PraguesBarrelTournaments\" \/>\n<meta property=\"article:modified_time\" content=\"2025-11-26T18:08:49+00:00\" \/>\n<meta property=\"og:image\" content=\"https:\/\/football.praguesbarrel.eu\/y0OH9L\/uploads\/2025\/09\/4.jpg\" \/>\n<meta name=\"twitter:label1\" content=\"Odhadovan\u00e1 doba \u010dten\u00ed\" \/>\n\t<meta name=\"twitter:data1\" content=\"1 minuta\" \/>\n<script type=\"application\/ld+json\" class=\"yoast-schema-graph\">{\"@context\":\"https:\/\/schema.org\",\"@graph\":[{\"@type\":\"WebPage\",\"@id\":\"https:\/\/football.praguesbarrel.eu\/cs\/gallery\/\",\"url\":\"https:\/\/football.praguesbarrel.eu\/cs\/gallery\/\",\"name\":\"Gallery - Prague&#039;s Barrel\",\"isPartOf\":{\"@id\":\"https:\/\/football.praguesbarrel.eu\/#website\"},\"primaryImageOfPage\":{\"@id\":\"https:\/\/football.praguesbarrel.eu\/cs\/gallery\/#primaryimage\"},\"image\":{\"@id\":\"https:\/\/football.praguesbarrel.eu\/cs\/gallery\/#primaryimage\"},\"thumbnailUrl\":\"https:\/\/football.praguesbarrel.eu\/y0OH9L\/uploads\/2025\/09\/4.jpg\",\"datePublished\":\"2025-09-25T21:06:49+00:00\",\"dateModified\":\"2025-11-26T18:08:49+00:00\",\"breadcrumb\":{\"@id\":\"https:\/\/football.praguesbarrel.eu\/cs\/gallery\/#breadcrumb\"},\"inLanguage\":\"cs\",\"potentialAction\":[{\"@type\":\"ReadAction\",\"target\":[\"https:\/\/football.praguesbarrel.eu\/cs\/gallery\/\"]}]},{\"@type\":\"ImageObject\",\"inLanguage\":\"cs\",\"@id\":\"https:\/\/football.praguesbarrel.eu\/cs\/gallery\/#primaryimage\",\"url\":\"https:\/\/football.praguesbarrel.eu\/y0OH9L\/uploads\/2025\/09\/4.jpg\",\"contentUrl\":\"https:\/\/football.praguesbarrel.eu\/y0OH9L\/uploads\/2025\/09\/4.jpg\"},{\"@type\":\"BreadcrumbList\",\"@id\":\"https:\/\/football.praguesbarrel.eu\/cs\/gallery\/#breadcrumb\",\"itemListElement\":[{\"@type\":\"ListItem\",\"position\":1,\"name\":\"Home\",\"item\":\"https:\/\/football.praguesbarrel.eu\/cs\/\"},{\"@type\":\"ListItem\",\"position\":2,\"name\":\"Gallery\"}]},{\"@type\":\"WebSite\",\"@id\":\"https:\/\/football.praguesbarrel.eu\/#website\",\"url\":\"https:\/\/football.praguesbarrel.eu\/\",\"name\":\"Prague&#039;s Barrel\",\"description\":\"Football Tournament\",\"potentialAction\":[{\"@type\":\"SearchAction\",\"target\":{\"@type\":\"EntryPoint\",\"urlTemplate\":\"https:\/\/football.praguesbarrel.eu\/?s={search_term_string}\"},\"query-input\":{\"@type\":\"PropertyValueSpecification\",\"valueRequired\":true,\"valueName\":\"search_term_string\"}}],\"inLanguage\":\"cs\"}]}<\/script>\n<!-- \/ Yoast SEO plugin. -->","yoast_head_json":{"title":"Gallery - Prague&#039;s Barrel","robots":{"index":"index","follow":"follow","max-snippet":"max-snippet:-1","max-image-preview":"max-image-preview:large","max-video-preview":"max-video-preview:-1"},"canonical":"https:\/\/football.praguesbarrel.eu\/cs\/gallery\/","og_locale":"cs_CZ","og_type":"article","og_title":"Gallery - Prague&#039;s Barrel","og_description":"All the photos from our football tournaments can be found in Google Photos albums according to years: 2025: June I., June II., August 2024: June, August 2023: June I., June II., August 2022: June I., June II., August 2021: August 2019: June I., June II., August 2018: June I., June II., August 2017: June I.,...","og_url":"https:\/\/football.praguesbarrel.eu\/cs\/gallery\/","og_site_name":"Prague&#039;s Barrel","article_publisher":"https:\/\/www.facebook.com\/PraguesBarrelTournaments","article_modified_time":"2025-11-26T18:08:49+00:00","og_image":[{"url":"https:\/\/football.praguesbarrel.eu\/y0OH9L\/uploads\/2025\/09\/4.jpg","type":"","width":"","height":""}],"twitter_misc":{"Odhadovan\u00e1 doba \u010dten\u00ed":"1 minuta"},"schema":{"@context":"https:\/\/schema.org","@graph":[{"@type":"WebPage","@id":"https:\/\/football.praguesbarrel.eu\/cs\/gallery\/","url":"https:\/\/football.praguesbarrel.eu\/cs\/gallery\/","name":"Gallery - Prague&#039;s Barrel","isPartOf":{"@id":"https:\/\/football.praguesbarrel.eu\/#website"},"primaryImageOfPage":{"@id":"https:\/\/football.praguesbarrel.eu\/cs\/gallery\/#primaryimage"},"image":{"@id":"https:\/\/football.praguesbarrel.eu\/cs\/gallery\/#primaryimage"},"thumbnailUrl":"https:\/\/football.praguesbarrel.eu\/y0OH9L\/uploads\/2025\/09\/4.jpg","datePublished":"2025-09-25T21:06:49+00:00","dateModified":"2025-11-26T18:08:49+00:00","breadcrumb":{"@id":"https:\/\/football.praguesbarrel.eu\/cs\/gallery\/#breadcrumb"},"inLanguage":"cs","potentialAction":[{"@type":"ReadAction","target":["https:\/\/football.praguesbarrel.eu\/cs\/gallery\/"]}]},{"@type":"ImageObject","inLanguage":"cs","@id":"https:\/\/football.praguesbarrel.eu\/cs\/gallery\/#primaryimage","url":"https:\/\/football.praguesbarrel.eu\/y0OH9L\/uploads\/2025\/09\/4.jpg","contentUrl":"https:\/\/football.praguesbarrel.eu\/y0OH9L\/uploads\/2025\/09\/4.jpg"},{"@type":"BreadcrumbList","@id":"https:\/\/football.praguesbarrel.eu\/cs\/gallery\/#breadcrumb","itemListElement":[{"@type":"ListItem","position":1,"name":"Home","item":"https:\/\/football.praguesbarrel.eu\/cs\/"},{"@type":"ListItem","position":2,"name":"Gallery"}]},{"@type":"WebSite","@id":"https:\/\/football.praguesbarrel.eu\/#website","url":"https:\/\/football.praguesbarrel.eu\/","name":"Prague&#039;s Barrel","description":"Football Tournament","potentialAction":[{"@type":"SearchAction","target":{"@type":"EntryPoint","urlTemplate":"https:\/\/football.praguesbarrel.eu\/?s={search_term_string}"},"query-input":{"@type":"PropertyValueSpecification","valueRequired":true,"valueName":"search_term_string"}}],"inLanguage":"cs"}]}},"_links":{"self":[{"href":"https:\/\/football.praguesbarrel.eu\/cs\/wp-json\/wp\/v2\/pages\/77280","targetHints":{"allow":["GET"]}}],"collection":[{"href":"https:\/\/football.praguesbarrel.eu\/cs\/wp-json\/wp\/v2\/pages"}],"about":[{"href":"https:\/\/football.praguesbarrel.eu\/cs\/wp-json\/wp\/v2\/types\/page"}],"author":[{"embeddable":true,"href":"https:\/\/football.praguesbarrel.eu\/cs\/wp-json\/wp\/v2\/users\/3"}],"replies":[{"embeddable":true,"href":"https:\/\/football.praguesbarrel.eu\/cs\/wp-json\/wp\/v2\/comments?post=77280"}],"version-history":[{"count":1,"href":"https:\/\/football.praguesbarrel.eu\/cs\/wp-json\/wp\/v2\/pages\/77280\/revisions"}],"predecessor-version":[{"id":77531,"href":"https:\/\/football.praguesbarrel.eu\/cs\/wp-json\/wp\/v2\/pages\/77280\/revisions\/77531"}],"wp:attachment":[{"href":"https:\/\/football.praguesbarrel.eu\/cs\/wp-json\/wp\/v2\/media?parent=77280"}],"curies":[{"name":"wp","href":"https:\/\/api.w.org\/{rel}","templated":true}]}}