{"id":6,"date":"2014-09-30T19:29:04","date_gmt":"2014-09-30T18:29:04","guid":{"rendered":"http:\/\/praguesbarrel.eu\/?page_id=6"},"modified":"2025-10-13T09:47:57","modified_gmt":"2025-10-13T08:47:57","slug":"prazsky-soudek","status":"publish","type":"page","link":"https:\/\/football.praguesbarrel.eu\/cs\/","title":{"rendered":"34. ro\u010dn\u00edk fotbalov\u00e9ho turnaje v roce 2026"},"content":{"rendered":"<p>Prague&#8217;s Barrel (neboli turnaj O pra\u017esk\u00fd soudek) je m\u00edstem, kde se sch\u00e1zej\u00ed <strong>amat\u00e9r\u0161t\u00ed fotbalist\u00e9 z cel\u00e9ho sv\u011bta<\/strong>, aby spole\u010dn\u011b pro\u017eili \u010dty\u0159i nezapomenuteln\u00e9 dny pln\u00e9 sportu, p\u0159\u00e1telstv\u00ed a z\u00e1bavy. A\u0165 u\u017e chcete vyhr\u00e1vat nebo se jen bavit, \u010dek\u00e1 v\u00e1s p\u0159\u00e1telsk\u00e1 komunita, skv\u011bl\u00e9 z\u00e1pasy a samoz\u0159ejm\u011b <strong>neomezen\u00e9 <\/strong><strong>pivo zdarma<\/strong> p\u0159i ofici\u00e1ln\u00edm programu turnaje. P\u0159ipojte se k n\u00e1m a u\u017eijte si hry, party a kouzlo Prahy:<\/p>\n<ul>\n<li><strong>18.\u201321. 6. 2026 | 25.\u201328. 6. 2026 | 27.\u201330. 8. 2026<\/strong><\/li>\n<\/ul>\n<p><strong><a href=\"https:\/\/football.praguesbarrel.eu\/ppt\/\">Zjist\u011bte, co v\u00e1s na turnaji \u010dek\u00e1 \u2013 pod\u00edvejte se na kompletn\u00ed p\u0159ehled v\u0161ech \u010dty\u0159 dn\u016f.<\/a><\/strong><\/p>\n<p>Sbalte si sportovn\u00ed ta\u0161ky, vezm\u011bte s sebou p\u0159\u00e1tele a p\u0159ipravte se na v\u00edkend, na kter\u00fd nikdy nezapomenete!<\/p>\n<div class=\"button-row\">\n<p><a class=\"btn\" href=\"https:\/\/football.praguesbarrel.eu\/cs\/registrace\/\">P\u0159ihlaste sv\u016fj t\u00fdm<\/a><\/p>\n<p><a class=\"btn btn-inverted\" href=\"https:\/\/youtu.be\/euAT4L8QghI\">Video<\/a><\/p>\n<p><a class=\"btn btn-inverted\" href=\"https:\/\/football.praguesbarrel.eu\/cs\/enrolled-teams\/\">P\u0159ihl\u00e1\u0161en\u00e9 t\u00fdmy<\/a><\/p>\n<\/div>\n","protected":false},"excerpt":{"rendered":"<p>Prague&#8217;s Barrel (neboli turnaj O pra\u017esk\u00fd soudek) je m\u00edstem, kde se sch\u00e1zej\u00ed amat\u00e9r\u0161t\u00ed fotbalist\u00e9 z cel\u00e9ho sv\u011bta, aby spole\u010dn\u011b pro\u017eili \u010dty\u0159i nezapomenuteln\u00e9 dny pln\u00e9 sportu, p\u0159\u00e1telstv\u00ed a z\u00e1bavy. A\u0165 u\u017e chcete vyhr\u00e1vat nebo se jen bavit, \u010dek\u00e1 v\u00e1s p\u0159\u00e1telsk\u00e1 komunita, skv\u011bl\u00e9 z\u00e1pasy a samoz\u0159ejm\u011b neomezen\u00e9 pivo zdarma p\u0159i ofici\u00e1ln\u00edm programu turnaje. P\u0159ipojte se k n\u00e1m&#8230;<\/p>\n","protected":false},"author":9,"featured_media":75738,"parent":0,"menu_order":0,"comment_status":"closed","ping_status":"closed","template":"templates\/homepage.php","meta":{"footnotes":""},"class_list":["post-6","page","type-page","status-publish","has-post-thumbnail","hentry"],"yoast_head":"<!-- This site is optimized with the Yoast SEO plugin v26.9 - https:\/\/yoast.com\/product\/yoast-seo-wordpress\/ -->\n<title>Mezin\u00e1rodn\u00ed amat\u00e9rsk\u00fd fotbalov\u00fd turnaj \u201eO pra\u017esk\u00fd soudek\u201d<\/title>\n<meta name=\"description\" content=\"Pra\u017esk\u00fd soudek je p\u0159\u00e1telsk\u00fd mezin\u00e1rodn\u00ed fotbalov\u00fd turnaj pro amat\u00e9ry v\u0161ech \u00farovn\u00ed. R\u00e1di mezi sebou p\u0159iv\u00edt\u00e1me v\u0161echny rekrea\u010dn\u00ed hr\u00e1\u010de.\" \/>\n<meta name=\"robots\" content=\"index, follow, max-snippet:-1, max-image-preview:large, max-video-preview:-1\" \/>\n<link rel=\"canonical\" href=\"https:\/\/football.praguesbarrel.eu\/cs\/\" \/>\n<meta property=\"og:locale\" content=\"cs_CZ\" \/>\n<meta property=\"og:type\" content=\"article\" \/>\n<meta property=\"og:title\" content=\"Mezin\u00e1rodn\u00ed amat\u00e9rsk\u00fd fotbalov\u00fd turnaj \u201eO pra\u017esk\u00fd soudek\u201d\" \/>\n<meta property=\"og:description\" content=\"Pra\u017esk\u00fd soudek je p\u0159\u00e1telsk\u00fd mezin\u00e1rodn\u00ed fotbalov\u00fd turnaj pro amat\u00e9ry v\u0161ech \u00farovn\u00ed. R\u00e1di mezi sebou p\u0159iv\u00edt\u00e1me v\u0161echny rekrea\u010dn\u00ed hr\u00e1\u010de.\" \/>\n<meta property=\"og:url\" content=\"https:\/\/football.praguesbarrel.eu\/cs\/\" \/>\n<meta property=\"og:site_name\" content=\"Prague&#039;s Barrel\" \/>\n<meta property=\"article:publisher\" content=\"https:\/\/www.facebook.com\/PraguesBarrelTournaments\" \/>\n<meta property=\"article:modified_time\" content=\"2025-10-13T08:47:57+00:00\" \/>\n<meta property=\"og:image\" content=\"https:\/\/football.praguesbarrel.eu\/y0OH9L\/uploads\/2023\/11\/fotbal.jpeg\" \/>\n\t<meta property=\"og:image:width\" content=\"1832\" \/>\n\t<meta property=\"og:image:height\" content=\"1224\" \/>\n\t<meta property=\"og:image:type\" content=\"image\/jpeg\" \/>\n<meta name=\"twitter:label1\" content=\"Odhadovan\u00e1 doba \u010dten\u00ed\" \/>\n\t<meta name=\"twitter:data1\" content=\"1 minuta\" \/>\n<script type=\"application\/ld+json\" class=\"yoast-schema-graph\">{\"@context\":\"https:\/\/schema.org\",\"@graph\":[{\"@type\":\"WebPage\",\"@id\":\"https:\/\/football.praguesbarrel.eu\/cs\/\",\"url\":\"https:\/\/football.praguesbarrel.eu\/cs\/\",\"name\":\"Mezin\u00e1rodn\u00ed amat\u00e9rsk\u00fd fotbalov\u00fd turnaj \u201eO pra\u017esk\u00fd soudek\u201d\",\"isPartOf\":{\"@id\":\"https:\/\/football.praguesbarrel.eu\/#website\"},\"primaryImageOfPage\":{\"@id\":\"https:\/\/football.praguesbarrel.eu\/cs\/#primaryimage\"},\"image\":{\"@id\":\"https:\/\/football.praguesbarrel.eu\/cs\/#primaryimage\"},\"thumbnailUrl\":\"https:\/\/football.praguesbarrel.eu\/y0OH9L\/uploads\/2023\/11\/fotbal.jpeg\",\"datePublished\":\"2014-09-30T18:29:04+00:00\",\"dateModified\":\"2025-10-13T08:47:57+00:00\",\"description\":\"Pra\u017esk\u00fd soudek je p\u0159\u00e1telsk\u00fd mezin\u00e1rodn\u00ed fotbalov\u00fd turnaj pro amat\u00e9ry v\u0161ech \u00farovn\u00ed. R\u00e1di mezi sebou p\u0159iv\u00edt\u00e1me v\u0161echny rekrea\u010dn\u00ed hr\u00e1\u010de.\",\"breadcrumb\":{\"@id\":\"https:\/\/football.praguesbarrel.eu\/cs\/#breadcrumb\"},\"inLanguage\":\"cs\",\"potentialAction\":[{\"@type\":\"ReadAction\",\"target\":[\"https:\/\/football.praguesbarrel.eu\/cs\/\"]}]},{\"@type\":\"ImageObject\",\"inLanguage\":\"cs\",\"@id\":\"https:\/\/football.praguesbarrel.eu\/cs\/#primaryimage\",\"url\":\"https:\/\/football.praguesbarrel.eu\/y0OH9L\/uploads\/2023\/11\/fotbal.jpeg\",\"contentUrl\":\"https:\/\/football.praguesbarrel.eu\/y0OH9L\/uploads\/2023\/11\/fotbal.jpeg\",\"width\":1832,\"height\":1224},{\"@type\":\"BreadcrumbList\",\"@id\":\"https:\/\/football.praguesbarrel.eu\/cs\/#breadcrumb\",\"itemListElement\":[{\"@type\":\"ListItem\",\"position\":1,\"name\":\"Home\",\"item\":\"https:\/\/football.praguesbarrel.eu\/cs\/\"},{\"@type\":\"ListItem\",\"position\":2,\"name\":\"34. ro\u010dn\u00edk fotbalov\u00e9ho turnaje v roce 2026\"}]},{\"@type\":\"WebSite\",\"@id\":\"https:\/\/football.praguesbarrel.eu\/#website\",\"url\":\"https:\/\/football.praguesbarrel.eu\/\",\"name\":\"Prague&#039;s Barrel\",\"description\":\"Football Tournament\",\"potentialAction\":[{\"@type\":\"SearchAction\",\"target\":{\"@type\":\"EntryPoint\",\"urlTemplate\":\"https:\/\/football.praguesbarrel.eu\/?s={search_term_string}\"},\"query-input\":{\"@type\":\"PropertyValueSpecification\",\"valueRequired\":true,\"valueName\":\"search_term_string\"}}],\"inLanguage\":\"cs\"}]}<\/script>\n<!-- \/ Yoast SEO plugin. -->","yoast_head_json":{"title":"Mezin\u00e1rodn\u00ed amat\u00e9rsk\u00fd fotbalov\u00fd turnaj \u201eO pra\u017esk\u00fd soudek\u201d","description":"Pra\u017esk\u00fd soudek je p\u0159\u00e1telsk\u00fd mezin\u00e1rodn\u00ed fotbalov\u00fd turnaj pro amat\u00e9ry v\u0161ech \u00farovn\u00ed. R\u00e1di mezi sebou p\u0159iv\u00edt\u00e1me v\u0161echny rekrea\u010dn\u00ed hr\u00e1\u010de.","robots":{"index":"index","follow":"follow","max-snippet":"max-snippet:-1","max-image-preview":"max-image-preview:large","max-video-preview":"max-video-preview:-1"},"canonical":"https:\/\/football.praguesbarrel.eu\/cs\/","og_locale":"cs_CZ","og_type":"article","og_title":"Mezin\u00e1rodn\u00ed amat\u00e9rsk\u00fd fotbalov\u00fd turnaj \u201eO pra\u017esk\u00fd soudek\u201d","og_description":"Pra\u017esk\u00fd soudek je p\u0159\u00e1telsk\u00fd mezin\u00e1rodn\u00ed fotbalov\u00fd turnaj pro amat\u00e9ry v\u0161ech \u00farovn\u00ed. R\u00e1di mezi sebou p\u0159iv\u00edt\u00e1me v\u0161echny rekrea\u010dn\u00ed hr\u00e1\u010de.","og_url":"https:\/\/football.praguesbarrel.eu\/cs\/","og_site_name":"Prague&#039;s Barrel","article_publisher":"https:\/\/www.facebook.com\/PraguesBarrelTournaments","article_modified_time":"2025-10-13T08:47:57+00:00","og_image":[{"width":1832,"height":1224,"url":"https:\/\/football.praguesbarrel.eu\/y0OH9L\/uploads\/2023\/11\/fotbal.jpeg","type":"image\/jpeg"}],"twitter_misc":{"Odhadovan\u00e1 doba \u010dten\u00ed":"1 minuta"},"schema":{"@context":"https:\/\/schema.org","@graph":[{"@type":"WebPage","@id":"https:\/\/football.praguesbarrel.eu\/cs\/","url":"https:\/\/football.praguesbarrel.eu\/cs\/","name":"Mezin\u00e1rodn\u00ed amat\u00e9rsk\u00fd fotbalov\u00fd turnaj \u201eO pra\u017esk\u00fd soudek\u201d","isPartOf":{"@id":"https:\/\/football.praguesbarrel.eu\/#website"},"primaryImageOfPage":{"@id":"https:\/\/football.praguesbarrel.eu\/cs\/#primaryimage"},"image":{"@id":"https:\/\/football.praguesbarrel.eu\/cs\/#primaryimage"},"thumbnailUrl":"https:\/\/football.praguesbarrel.eu\/y0OH9L\/uploads\/2023\/11\/fotbal.jpeg","datePublished":"2014-09-30T18:29:04+00:00","dateModified":"2025-10-13T08:47:57+00:00","description":"Pra\u017esk\u00fd soudek je p\u0159\u00e1telsk\u00fd mezin\u00e1rodn\u00ed fotbalov\u00fd turnaj pro amat\u00e9ry v\u0161ech \u00farovn\u00ed. R\u00e1di mezi sebou p\u0159iv\u00edt\u00e1me v\u0161echny rekrea\u010dn\u00ed hr\u00e1\u010de.","breadcrumb":{"@id":"https:\/\/football.praguesbarrel.eu\/cs\/#breadcrumb"},"inLanguage":"cs","potentialAction":[{"@type":"ReadAction","target":["https:\/\/football.praguesbarrel.eu\/cs\/"]}]},{"@type":"ImageObject","inLanguage":"cs","@id":"https:\/\/football.praguesbarrel.eu\/cs\/#primaryimage","url":"https:\/\/football.praguesbarrel.eu\/y0OH9L\/uploads\/2023\/11\/fotbal.jpeg","contentUrl":"https:\/\/football.praguesbarrel.eu\/y0OH9L\/uploads\/2023\/11\/fotbal.jpeg","width":1832,"height":1224},{"@type":"BreadcrumbList","@id":"https:\/\/football.praguesbarrel.eu\/cs\/#breadcrumb","itemListElement":[{"@type":"ListItem","position":1,"name":"Home","item":"https:\/\/football.praguesbarrel.eu\/cs\/"},{"@type":"ListItem","position":2,"name":"34. ro\u010dn\u00edk fotbalov\u00e9ho turnaje v roce 2026"}]},{"@type":"WebSite","@id":"https:\/\/football.praguesbarrel.eu\/#website","url":"https:\/\/football.praguesbarrel.eu\/","name":"Prague&#039;s Barrel","description":"Football Tournament","potentialAction":[{"@type":"SearchAction","target":{"@type":"EntryPoint","urlTemplate":"https:\/\/football.praguesbarrel.eu\/?s={search_term_string}"},"query-input":{"@type":"PropertyValueSpecification","valueRequired":true,"valueName":"search_term_string"}}],"inLanguage":"cs"}]}},"_links":{"self":[{"href":"https:\/\/football.praguesbarrel.eu\/cs\/wp-json\/wp\/v2\/pages\/6","targetHints":{"allow":["GET"]}}],"collection":[{"href":"https:\/\/football.praguesbarrel.eu\/cs\/wp-json\/wp\/v2\/pages"}],"about":[{"href":"https:\/\/football.praguesbarrel.eu\/cs\/wp-json\/wp\/v2\/types\/page"}],"author":[{"embeddable":true,"href":"https:\/\/football.praguesbarrel.eu\/cs\/wp-json\/wp\/v2\/users\/9"}],"replies":[{"embeddable":true,"href":"https:\/\/football.praguesbarrel.eu\/cs\/wp-json\/wp\/v2\/comments?post=6"}],"version-history":[{"count":60,"href":"https:\/\/football.praguesbarrel.eu\/cs\/wp-json\/wp\/v2\/pages\/6\/revisions"}],"predecessor-version":[{"id":77313,"href":"https:\/\/football.praguesbarrel.eu\/cs\/wp-json\/wp\/v2\/pages\/6\/revisions\/77313"}],"wp:featuredmedia":[{"embeddable":true,"href":"https:\/\/football.praguesbarrel.eu\/cs\/wp-json\/wp\/v2\/media\/75738"}],"wp:attachment":[{"href":"https:\/\/football.praguesbarrel.eu\/cs\/wp-json\/wp\/v2\/media?parent=6"}],"curies":[{"name":"wp","href":"https:\/\/api.w.org\/{rel}","templated":true}]}}