{"id":133,"date":"2014-10-12T21:27:14","date_gmt":"2014-10-12T20:27:14","guid":{"rendered":"http:\/\/praguesbarrel.eu\/?page_id=133"},"modified":"2024-09-10T10:07:40","modified_gmt":"2024-09-10T09:07:40","slug":"registrace","status":"publish","type":"page","link":"https:\/\/football.praguesbarrel.eu\/cs\/registrace\/","title":{"rendered":"Registrace"},"content":{"rendered":"<p><script type=\"text\/javascript\" src=\"https:\/\/form.jotformeu.com\/jsform\/62074748265361\"><\/script><br \/>\nPokud se v\u00e1m nezobrazuje registra\u010dn\u00ed formul\u00e1\u0159, pros\u00edm otev\u0159ete si tuto str\u00e1nku v jin\u00e9m prohl\u00ed\u017ee\u010di. D\u011bkujeme!<\/p>\n","protected":false},"excerpt":{"rendered":"<p>Pokud se v\u00e1m nezobrazuje registra\u010dn\u00ed formul\u00e1\u0159, pros\u00edm otev\u0159ete si tuto str\u00e1nku v jin\u00e9m prohl\u00ed\u017ee\u010di. D\u011bkujeme!<\/p>\n","protected":false},"author":3,"featured_media":75623,"parent":0,"menu_order":0,"comment_status":"closed","ping_status":"closed","template":"","meta":{"footnotes":""},"class_list":["post-133","page","type-page","status-publish","has-post-thumbnail","hentry"],"yoast_head":"<!-- This site is optimized with the Yoast SEO plugin v26.9 - https:\/\/yoast.com\/product\/yoast-seo-wordpress\/ -->\n<title>Registrace \u2013 Amat\u00e9rsk\u00fd fotbalov\u00fd turnaj Pra\u017esk\u00fd soudek<\/title>\n<meta name=\"description\" content=\"P\u0159ihlaste sv\u016fj t\u00fdm do dal\u0161\u00edho ro\u010dn\u00edku obl\u00edben\u00e9ho amat\u00e9rsk\u00e9ho fotbalov\u00e9ho turnaje! Za\u017eijete 4 dny pln\u00e9 fotbalu, z\u00e1bavy, piva a p\u0159\u00e1telstv\u00ed.\" \/>\n<meta name=\"robots\" content=\"index, follow, max-snippet:-1, max-image-preview:large, max-video-preview:-1\" \/>\n<link rel=\"canonical\" href=\"https:\/\/football.praguesbarrel.eu\/cs\/registrace\/\" \/>\n<meta property=\"og:locale\" content=\"cs_CZ\" \/>\n<meta property=\"og:type\" content=\"article\" \/>\n<meta property=\"og:title\" content=\"Registrace \u2013 Amat\u00e9rsk\u00fd fotbalov\u00fd turnaj Pra\u017esk\u00fd soudek\" \/>\n<meta property=\"og:description\" content=\"P\u0159ihlaste sv\u016fj t\u00fdm do dal\u0161\u00edho ro\u010dn\u00edku obl\u00edben\u00e9ho amat\u00e9rsk\u00e9ho fotbalov\u00e9ho turnaje! Za\u017eijete 4 dny pln\u00e9 fotbalu, z\u00e1bavy, piva a p\u0159\u00e1telstv\u00ed.\" \/>\n<meta property=\"og:url\" content=\"https:\/\/football.praguesbarrel.eu\/cs\/registrace\/\" \/>\n<meta property=\"og:site_name\" content=\"Prague&#039;s Barrel\" \/>\n<meta property=\"article:publisher\" content=\"https:\/\/www.facebook.com\/PraguesBarrelTournaments\" \/>\n<meta property=\"article:modified_time\" content=\"2024-09-10T09:07:40+00:00\" \/>\n<meta property=\"og:image\" content=\"https:\/\/football.praguesbarrel.eu\/y0OH9L\/uploads\/2023\/09\/A7S01349.jpg\" \/>\n\t<meta property=\"og:image:width\" content=\"2048\" \/>\n\t<meta property=\"og:image:height\" content=\"1368\" \/>\n\t<meta property=\"og:image:type\" content=\"image\/jpeg\" \/>\n<meta name=\"twitter:label1\" content=\"Odhadovan\u00e1 doba \u010dten\u00ed\" \/>\n\t<meta name=\"twitter:data1\" content=\"1 minuta\" \/>\n<script type=\"application\/ld+json\" class=\"yoast-schema-graph\">{\"@context\":\"https:\/\/schema.org\",\"@graph\":[{\"@type\":\"WebPage\",\"@id\":\"https:\/\/football.praguesbarrel.eu\/cs\/registrace\/\",\"url\":\"https:\/\/football.praguesbarrel.eu\/cs\/registrace\/\",\"name\":\"Registrace \u2013 Amat\u00e9rsk\u00fd fotbalov\u00fd turnaj Pra\u017esk\u00fd soudek\",\"isPartOf\":{\"@id\":\"https:\/\/football.praguesbarrel.eu\/#website\"},\"primaryImageOfPage\":{\"@id\":\"https:\/\/football.praguesbarrel.eu\/cs\/registrace\/#primaryimage\"},\"image\":{\"@id\":\"https:\/\/football.praguesbarrel.eu\/cs\/registrace\/#primaryimage\"},\"thumbnailUrl\":\"https:\/\/football.praguesbarrel.eu\/y0OH9L\/uploads\/2023\/09\/A7S01349.jpg\",\"datePublished\":\"2014-10-12T20:27:14+00:00\",\"dateModified\":\"2024-09-10T09:07:40+00:00\",\"description\":\"P\u0159ihlaste sv\u016fj t\u00fdm do dal\u0161\u00edho ro\u010dn\u00edku obl\u00edben\u00e9ho amat\u00e9rsk\u00e9ho fotbalov\u00e9ho turnaje! Za\u017eijete 4 dny pln\u00e9 fotbalu, z\u00e1bavy, piva a p\u0159\u00e1telstv\u00ed.\",\"breadcrumb\":{\"@id\":\"https:\/\/football.praguesbarrel.eu\/cs\/registrace\/#breadcrumb\"},\"inLanguage\":\"cs\",\"potentialAction\":[{\"@type\":\"ReadAction\",\"target\":[\"https:\/\/football.praguesbarrel.eu\/cs\/registrace\/\"]}]},{\"@type\":\"ImageObject\",\"inLanguage\":\"cs\",\"@id\":\"https:\/\/football.praguesbarrel.eu\/cs\/registrace\/#primaryimage\",\"url\":\"https:\/\/football.praguesbarrel.eu\/y0OH9L\/uploads\/2023\/09\/A7S01349.jpg\",\"contentUrl\":\"https:\/\/football.praguesbarrel.eu\/y0OH9L\/uploads\/2023\/09\/A7S01349.jpg\",\"width\":2048,\"height\":1368},{\"@type\":\"BreadcrumbList\",\"@id\":\"https:\/\/football.praguesbarrel.eu\/cs\/registrace\/#breadcrumb\",\"itemListElement\":[{\"@type\":\"ListItem\",\"position\":1,\"name\":\"Home\",\"item\":\"https:\/\/football.praguesbarrel.eu\/cs\/\"},{\"@type\":\"ListItem\",\"position\":2,\"name\":\"Registrace\"}]},{\"@type\":\"WebSite\",\"@id\":\"https:\/\/football.praguesbarrel.eu\/#website\",\"url\":\"https:\/\/football.praguesbarrel.eu\/\",\"name\":\"Prague&#039;s Barrel\",\"description\":\"Football Tournament\",\"potentialAction\":[{\"@type\":\"SearchAction\",\"target\":{\"@type\":\"EntryPoint\",\"urlTemplate\":\"https:\/\/football.praguesbarrel.eu\/?s={search_term_string}\"},\"query-input\":{\"@type\":\"PropertyValueSpecification\",\"valueRequired\":true,\"valueName\":\"search_term_string\"}}],\"inLanguage\":\"cs\"}]}<\/script>\n<!-- \/ Yoast SEO plugin. -->","yoast_head_json":{"title":"Registrace \u2013 Amat\u00e9rsk\u00fd fotbalov\u00fd turnaj Pra\u017esk\u00fd soudek","description":"P\u0159ihlaste sv\u016fj t\u00fdm do dal\u0161\u00edho ro\u010dn\u00edku obl\u00edben\u00e9ho amat\u00e9rsk\u00e9ho fotbalov\u00e9ho turnaje! Za\u017eijete 4 dny pln\u00e9 fotbalu, z\u00e1bavy, piva a p\u0159\u00e1telstv\u00ed.","robots":{"index":"index","follow":"follow","max-snippet":"max-snippet:-1","max-image-preview":"max-image-preview:large","max-video-preview":"max-video-preview:-1"},"canonical":"https:\/\/football.praguesbarrel.eu\/cs\/registrace\/","og_locale":"cs_CZ","og_type":"article","og_title":"Registrace \u2013 Amat\u00e9rsk\u00fd fotbalov\u00fd turnaj Pra\u017esk\u00fd soudek","og_description":"P\u0159ihlaste sv\u016fj t\u00fdm do dal\u0161\u00edho ro\u010dn\u00edku obl\u00edben\u00e9ho amat\u00e9rsk\u00e9ho fotbalov\u00e9ho turnaje! Za\u017eijete 4 dny pln\u00e9 fotbalu, z\u00e1bavy, piva a p\u0159\u00e1telstv\u00ed.","og_url":"https:\/\/football.praguesbarrel.eu\/cs\/registrace\/","og_site_name":"Prague&#039;s Barrel","article_publisher":"https:\/\/www.facebook.com\/PraguesBarrelTournaments","article_modified_time":"2024-09-10T09:07:40+00:00","og_image":[{"width":2048,"height":1368,"url":"https:\/\/football.praguesbarrel.eu\/y0OH9L\/uploads\/2023\/09\/A7S01349.jpg","type":"image\/jpeg"}],"twitter_misc":{"Odhadovan\u00e1 doba \u010dten\u00ed":"1 minuta"},"schema":{"@context":"https:\/\/schema.org","@graph":[{"@type":"WebPage","@id":"https:\/\/football.praguesbarrel.eu\/cs\/registrace\/","url":"https:\/\/football.praguesbarrel.eu\/cs\/registrace\/","name":"Registrace \u2013 Amat\u00e9rsk\u00fd fotbalov\u00fd turnaj Pra\u017esk\u00fd soudek","isPartOf":{"@id":"https:\/\/football.praguesbarrel.eu\/#website"},"primaryImageOfPage":{"@id":"https:\/\/football.praguesbarrel.eu\/cs\/registrace\/#primaryimage"},"image":{"@id":"https:\/\/football.praguesbarrel.eu\/cs\/registrace\/#primaryimage"},"thumbnailUrl":"https:\/\/football.praguesbarrel.eu\/y0OH9L\/uploads\/2023\/09\/A7S01349.jpg","datePublished":"2014-10-12T20:27:14+00:00","dateModified":"2024-09-10T09:07:40+00:00","description":"P\u0159ihlaste sv\u016fj t\u00fdm do dal\u0161\u00edho ro\u010dn\u00edku obl\u00edben\u00e9ho amat\u00e9rsk\u00e9ho fotbalov\u00e9ho turnaje! Za\u017eijete 4 dny pln\u00e9 fotbalu, z\u00e1bavy, piva a p\u0159\u00e1telstv\u00ed.","breadcrumb":{"@id":"https:\/\/football.praguesbarrel.eu\/cs\/registrace\/#breadcrumb"},"inLanguage":"cs","potentialAction":[{"@type":"ReadAction","target":["https:\/\/football.praguesbarrel.eu\/cs\/registrace\/"]}]},{"@type":"ImageObject","inLanguage":"cs","@id":"https:\/\/football.praguesbarrel.eu\/cs\/registrace\/#primaryimage","url":"https:\/\/football.praguesbarrel.eu\/y0OH9L\/uploads\/2023\/09\/A7S01349.jpg","contentUrl":"https:\/\/football.praguesbarrel.eu\/y0OH9L\/uploads\/2023\/09\/A7S01349.jpg","width":2048,"height":1368},{"@type":"BreadcrumbList","@id":"https:\/\/football.praguesbarrel.eu\/cs\/registrace\/#breadcrumb","itemListElement":[{"@type":"ListItem","position":1,"name":"Home","item":"https:\/\/football.praguesbarrel.eu\/cs\/"},{"@type":"ListItem","position":2,"name":"Registrace"}]},{"@type":"WebSite","@id":"https:\/\/football.praguesbarrel.eu\/#website","url":"https:\/\/football.praguesbarrel.eu\/","name":"Prague&#039;s Barrel","description":"Football Tournament","potentialAction":[{"@type":"SearchAction","target":{"@type":"EntryPoint","urlTemplate":"https:\/\/football.praguesbarrel.eu\/?s={search_term_string}"},"query-input":{"@type":"PropertyValueSpecification","valueRequired":true,"valueName":"search_term_string"}}],"inLanguage":"cs"}]}},"_links":{"self":[{"href":"https:\/\/football.praguesbarrel.eu\/cs\/wp-json\/wp\/v2\/pages\/133","targetHints":{"allow":["GET"]}}],"collection":[{"href":"https:\/\/football.praguesbarrel.eu\/cs\/wp-json\/wp\/v2\/pages"}],"about":[{"href":"https:\/\/football.praguesbarrel.eu\/cs\/wp-json\/wp\/v2\/types\/page"}],"author":[{"embeddable":true,"href":"https:\/\/football.praguesbarrel.eu\/cs\/wp-json\/wp\/v2\/users\/3"}],"replies":[{"embeddable":true,"href":"https:\/\/football.praguesbarrel.eu\/cs\/wp-json\/wp\/v2\/comments?post=133"}],"version-history":[{"count":10,"href":"https:\/\/football.praguesbarrel.eu\/cs\/wp-json\/wp\/v2\/pages\/133\/revisions"}],"predecessor-version":[{"id":76515,"href":"https:\/\/football.praguesbarrel.eu\/cs\/wp-json\/wp\/v2\/pages\/133\/revisions\/76515"}],"wp:featuredmedia":[{"embeddable":true,"href":"https:\/\/football.praguesbarrel.eu\/cs\/wp-json\/wp\/v2\/media\/75623"}],"wp:attachment":[{"href":"https:\/\/football.praguesbarrel.eu\/cs\/wp-json\/wp\/v2\/media?parent=133"}],"curies":[{"name":"wp","href":"https:\/\/api.w.org\/{rel}","templated":true}]}}